{"id":1537,"date":"2019-04-03T07:31:42","date_gmt":"2019-04-03T05:31:42","guid":{"rendered":"https:\/\/www.ihscoring.com\/step-1\/"},"modified":"2021-12-07T12:11:10","modified_gmt":"2021-12-07T11:11:10","slug":"step-1","status":"publish","type":"page","link":"https:\/\/www.ihscoring.com\/be\/step-1\/","title":{"rendered":"Partie A"},"content":{"rendered":"<h1>R\u00e9pondre aux 6 questions suivantes<\/h1>\n<h2>Remarque : En cas d\u2019h\u00e9mangiomes infantiles multiples, le score doit \u00eatre calcul\u00e9 pour chaque h\u00e9mangiome.<\/h2>\n","protected":false},"excerpt":{"rendered":"<p>R\u00e9pondre aux 6 questions suivantes Remarque : En cas d\u2019h\u00e9mangiomes infantiles multiples, le score doit \u00eatre calcul\u00e9 pour chaque h\u00e9mangiome.<\/p>\n","protected":false},"author":1,"featured_media":0,"parent":0,"menu_order":0,"comment_status":"closed","ping_status":"closed","template":"templates\/step1.php","meta":{"_acf_changed":false,"footnotes":""},"class_list":["post-1537","page","type-page","status-publish","hentry"],"acf":[],"yoast_head":"<!-- This site is optimized with the Yoast SEO plugin v24.2 - https:\/\/yoast.com\/wordpress\/plugins\/seo\/ -->\n<title>Partie A - IHReS<\/title>\n<meta name=\"robots\" content=\"index, follow, max-snippet:-1, max-image-preview:large, max-video-preview:-1\" \/>\n<link rel=\"canonical\" href=\"https:\/\/www.ihscoring.com\/be\/step-1\/\" \/>\n<meta property=\"og:locale\" content=\"en_US\" \/>\n<meta property=\"og:type\" content=\"article\" \/>\n<meta property=\"og:title\" content=\"Partie A - IHReS\" \/>\n<meta property=\"og:description\" content=\"R\u00e9pondre aux 6 questions suivantes Remarque : En cas d\u2019h\u00e9mangiomes infantiles multiples, le score doit \u00eatre calcul\u00e9 pour chaque h\u00e9mangiome.\" \/>\n<meta property=\"og:url\" content=\"https:\/\/www.ihscoring.com\/be\/step-1\/\" \/>\n<meta property=\"og:site_name\" content=\"IHReS\" \/>\n<meta property=\"article:modified_time\" content=\"2021-12-07T11:11:10+00:00\" \/>\n<meta name=\"twitter:card\" content=\"summary_large_image\" \/>\n<script type=\"application\/ld+json\" class=\"yoast-schema-graph\">{\"@context\":\"https:\/\/schema.org\",\"@graph\":[{\"@type\":\"WebPage\",\"@id\":\"https:\/\/www.ihscoring.com\/be\/step-1\/\",\"url\":\"https:\/\/www.ihscoring.com\/be\/step-1\/\",\"name\":\"Partie A - IHReS\",\"isPartOf\":{\"@id\":\"https:\/\/www.ihscoring.com\/be\/#website\"},\"datePublished\":\"2019-04-03T05:31:42+00:00\",\"dateModified\":\"2021-12-07T11:11:10+00:00\",\"breadcrumb\":{\"@id\":\"https:\/\/www.ihscoring.com\/be\/step-1\/#breadcrumb\"},\"inLanguage\":\"be-BE\",\"potentialAction\":[{\"@type\":\"ReadAction\",\"target\":[\"https:\/\/www.ihscoring.com\/be\/step-1\/\"]}]},{\"@type\":\"BreadcrumbList\",\"@id\":\"https:\/\/www.ihscoring.com\/be\/step-1\/#breadcrumb\",\"itemListElement\":[{\"@type\":\"ListItem\",\"position\":1,\"name\":\"Home\",\"item\":\"https:\/\/www.ihscoring.com\/be\/\"},{\"@type\":\"ListItem\",\"position\":2,\"name\":\"Partie A\"}]},{\"@type\":\"WebSite\",\"@id\":\"https:\/\/www.ihscoring.com\/be\/#website\",\"url\":\"https:\/\/www.ihscoring.com\/be\/\",\"name\":\"IHReS\",\"description\":\"\",\"potentialAction\":[{\"@type\":\"SearchAction\",\"target\":{\"@type\":\"EntryPoint\",\"urlTemplate\":\"https:\/\/www.ihscoring.com\/be\/?s={search_term_string}\"},\"query-input\":{\"@type\":\"PropertyValueSpecification\",\"valueRequired\":true,\"valueName\":\"search_term_string\"}}],\"inLanguage\":\"be-BE\"}]}<\/script>\n<!-- \/ Yoast SEO plugin. -->","yoast_head_json":{"title":"Partie A - IHReS","robots":{"index":"index","follow":"follow","max-snippet":"max-snippet:-1","max-image-preview":"max-image-preview:large","max-video-preview":"max-video-preview:-1"},"canonical":"https:\/\/www.ihscoring.com\/be\/step-1\/","og_locale":"en_US","og_type":"article","og_title":"Partie A - IHReS","og_description":"R\u00e9pondre aux 6 questions suivantes Remarque : En cas d\u2019h\u00e9mangiomes infantiles multiples, le score doit \u00eatre calcul\u00e9 pour chaque h\u00e9mangiome.","og_url":"https:\/\/www.ihscoring.com\/be\/step-1\/","og_site_name":"IHReS","article_modified_time":"2021-12-07T11:11:10+00:00","twitter_card":"summary_large_image","schema":{"@context":"https:\/\/schema.org","@graph":[{"@type":"WebPage","@id":"https:\/\/www.ihscoring.com\/be\/step-1\/","url":"https:\/\/www.ihscoring.com\/be\/step-1\/","name":"Partie A - IHReS","isPartOf":{"@id":"https:\/\/www.ihscoring.com\/be\/#website"},"datePublished":"2019-04-03T05:31:42+00:00","dateModified":"2021-12-07T11:11:10+00:00","breadcrumb":{"@id":"https:\/\/www.ihscoring.com\/be\/step-1\/#breadcrumb"},"inLanguage":"be-BE","potentialAction":[{"@type":"ReadAction","target":["https:\/\/www.ihscoring.com\/be\/step-1\/"]}]},{"@type":"BreadcrumbList","@id":"https:\/\/www.ihscoring.com\/be\/step-1\/#breadcrumb","itemListElement":[{"@type":"ListItem","position":1,"name":"Home","item":"https:\/\/www.ihscoring.com\/be\/"},{"@type":"ListItem","position":2,"name":"Partie A"}]},{"@type":"WebSite","@id":"https:\/\/www.ihscoring.com\/be\/#website","url":"https:\/\/www.ihscoring.com\/be\/","name":"IHReS","description":"","potentialAction":[{"@type":"SearchAction","target":{"@type":"EntryPoint","urlTemplate":"https:\/\/www.ihscoring.com\/be\/?s={search_term_string}"},"query-input":{"@type":"PropertyValueSpecification","valueRequired":true,"valueName":"search_term_string"}}],"inLanguage":"be-BE"}]}},"_links":{"self":[{"href":"https:\/\/www.ihscoring.com\/be\/wp-json\/wp\/v2\/pages\/1537","targetHints":{"allow":["GET"]}}],"collection":[{"href":"https:\/\/www.ihscoring.com\/be\/wp-json\/wp\/v2\/pages"}],"about":[{"href":"https:\/\/www.ihscoring.com\/be\/wp-json\/wp\/v2\/types\/page"}],"author":[{"embeddable":true,"href":"https:\/\/www.ihscoring.com\/be\/wp-json\/wp\/v2\/users\/1"}],"replies":[{"embeddable":true,"href":"https:\/\/www.ihscoring.com\/be\/wp-json\/wp\/v2\/comments?post=1537"}],"version-history":[{"count":1,"href":"https:\/\/www.ihscoring.com\/be\/wp-json\/wp\/v2\/pages\/1537\/revisions"}],"predecessor-version":[{"id":3267,"href":"https:\/\/www.ihscoring.com\/be\/wp-json\/wp\/v2\/pages\/1537\/revisions\/3267"}],"wp:attachment":[{"href":"https:\/\/www.ihscoring.com\/be\/wp-json\/wp\/v2\/media?parent=1537"}],"curies":[{"name":"wp","href":"https:\/\/api.w.org\/{rel}","templated":true}]}}