{"id":672,"date":"2019-04-02T16:01:55","date_gmt":"2019-04-02T14:01:55","guid":{"rendered":"https:\/\/www.ihscoring.com\/accueil\/"},"modified":"2024-07-05T16:17:29","modified_gmt":"2024-07-05T14:17:29","slug":"accueil","status":"publish","type":"page","link":"https:\/\/www.ihscoring.com\/da\/","title":{"rendered":"Velkommen"},"content":{"rendered":"<p>IHReS er et dokumenteret scoringsv\u00e6rkt\u00f8j, udviklet af ekspertudvalg og testet af p\u00e6diatere og praktiserende l\u00e6ger.* M\u00e5let er, at hj\u00e6lpe de sundhedsprofessionelle med at afg\u00f8re, hvilke patienter med infantilt h\u00e6mangiom, der skal henvises til en specialist.<br \/>\n<strong>Udelukkende beregnet til sundhedsprofesionelle.<\/strong><\/p>\n","protected":false},"excerpt":{"rendered":"<p>IHReS er et dokumenteret scoringsv\u00e6rkt\u00f8j, udviklet af ekspertudvalg og testet af p\u00e6diatere og praktiserende l\u00e6ger.* M\u00e5let er, at hj\u00e6lpe de sundhedsprofessionelle med at afg\u00f8re, hvilke patienter med infantilt h\u00e6mangiom, der skal henvises til en specialist. Udelukkende beregnet til sundhedsprofesionelle.<\/p>\n","protected":false},"author":1,"featured_media":0,"parent":0,"menu_order":0,"comment_status":"closed","ping_status":"closed","template":"home.php","meta":{"_acf_changed":false,"footnotes":""},"class_list":["post-672","page","type-page","status-publish","hentry"],"acf":[],"yoast_head":"<!-- This site is optimized with the Yoast SEO plugin v24.2 - https:\/\/yoast.com\/wordpress\/plugins\/seo\/ -->\n<title>Velkommen - IHReS<\/title>\n<meta name=\"robots\" content=\"index, follow, max-snippet:-1, max-image-preview:large, max-video-preview:-1\" \/>\n<link rel=\"canonical\" href=\"https:\/\/www.ihscoring.com\/da\/\" \/>\n<meta property=\"og:locale\" content=\"da_DK\" \/>\n<meta property=\"og:type\" content=\"article\" \/>\n<meta property=\"og:title\" content=\"Velkommen - IHReS\" \/>\n<meta property=\"og:description\" content=\"IHReS er et dokumenteret scoringsv\u00e6rkt\u00f8j, udviklet af ekspertudvalg og testet af p\u00e6diatere og praktiserende l\u00e6ger.* M\u00e5let er, at hj\u00e6lpe de sundhedsprofessionelle med at afg\u00f8re, hvilke patienter med infantilt h\u00e6mangiom, der skal henvises til en specialist. Udelukkende beregnet til sundhedsprofesionelle.\" \/>\n<meta property=\"og:url\" content=\"https:\/\/www.ihscoring.com\/da\/\" \/>\n<meta property=\"og:site_name\" content=\"IHReS\" \/>\n<meta property=\"article:modified_time\" content=\"2024-07-05T14:17:29+00:00\" \/>\n<meta name=\"twitter:card\" content=\"summary_large_image\" \/>\n<meta name=\"twitter:label1\" content=\"Estimeret l\u00e6setid\" \/>\n\t<meta name=\"twitter:data1\" content=\"1 minut\" \/>\n<script type=\"application\/ld+json\" class=\"yoast-schema-graph\">{\"@context\":\"https:\/\/schema.org\",\"@graph\":[{\"@type\":\"WebPage\",\"@id\":\"https:\/\/www.ihscoring.com\/da\/\",\"url\":\"https:\/\/www.ihscoring.com\/da\/\",\"name\":\"Velkommen - IHReS\",\"isPartOf\":{\"@id\":\"https:\/\/www.ihscoring.com\/be\/#website\"},\"datePublished\":\"2019-04-02T14:01:55+00:00\",\"dateModified\":\"2024-07-05T14:17:29+00:00\",\"breadcrumb\":{\"@id\":\"https:\/\/www.ihscoring.com\/da\/#breadcrumb\"},\"inLanguage\":\"da-DK\",\"potentialAction\":[{\"@type\":\"ReadAction\",\"target\":[\"https:\/\/www.ihscoring.com\/da\/\"]}]},{\"@type\":\"BreadcrumbList\",\"@id\":\"https:\/\/www.ihscoring.com\/da\/#breadcrumb\",\"itemListElement\":[{\"@type\":\"ListItem\",\"position\":1,\"name\":\"Home\",\"item\":\"https:\/\/www.ihscoring.com\/da\/\"},{\"@type\":\"ListItem\",\"position\":2,\"name\":\"Velkommen\"}]},{\"@type\":\"WebSite\",\"@id\":\"https:\/\/www.ihscoring.com\/be\/#website\",\"url\":\"https:\/\/www.ihscoring.com\/be\/\",\"name\":\"IHReS\",\"description\":\"\",\"potentialAction\":[{\"@type\":\"SearchAction\",\"target\":{\"@type\":\"EntryPoint\",\"urlTemplate\":\"https:\/\/www.ihscoring.com\/be\/?s={search_term_string}\"},\"query-input\":{\"@type\":\"PropertyValueSpecification\",\"valueRequired\":true,\"valueName\":\"search_term_string\"}}],\"inLanguage\":\"da-DK\"}]}<\/script>\n<!-- \/ Yoast SEO plugin. -->","yoast_head_json":{"title":"Velkommen - IHReS","robots":{"index":"index","follow":"follow","max-snippet":"max-snippet:-1","max-image-preview":"max-image-preview:large","max-video-preview":"max-video-preview:-1"},"canonical":"https:\/\/www.ihscoring.com\/da\/","og_locale":"da_DK","og_type":"article","og_title":"Velkommen - IHReS","og_description":"IHReS er et dokumenteret scoringsv\u00e6rkt\u00f8j, udviklet af ekspertudvalg og testet af p\u00e6diatere og praktiserende l\u00e6ger.* M\u00e5let er, at hj\u00e6lpe de sundhedsprofessionelle med at afg\u00f8re, hvilke patienter med infantilt h\u00e6mangiom, der skal henvises til en specialist. Udelukkende beregnet til sundhedsprofesionelle.","og_url":"https:\/\/www.ihscoring.com\/da\/","og_site_name":"IHReS","article_modified_time":"2024-07-05T14:17:29+00:00","twitter_card":"summary_large_image","twitter_misc":{"Estimeret l\u00e6setid":"1 minut"},"schema":{"@context":"https:\/\/schema.org","@graph":[{"@type":"WebPage","@id":"https:\/\/www.ihscoring.com\/da\/","url":"https:\/\/www.ihscoring.com\/da\/","name":"Velkommen - IHReS","isPartOf":{"@id":"https:\/\/www.ihscoring.com\/be\/#website"},"datePublished":"2019-04-02T14:01:55+00:00","dateModified":"2024-07-05T14:17:29+00:00","breadcrumb":{"@id":"https:\/\/www.ihscoring.com\/da\/#breadcrumb"},"inLanguage":"da-DK","potentialAction":[{"@type":"ReadAction","target":["https:\/\/www.ihscoring.com\/da\/"]}]},{"@type":"BreadcrumbList","@id":"https:\/\/www.ihscoring.com\/da\/#breadcrumb","itemListElement":[{"@type":"ListItem","position":1,"name":"Home","item":"https:\/\/www.ihscoring.com\/da\/"},{"@type":"ListItem","position":2,"name":"Velkommen"}]},{"@type":"WebSite","@id":"https:\/\/www.ihscoring.com\/be\/#website","url":"https:\/\/www.ihscoring.com\/be\/","name":"IHReS","description":"","potentialAction":[{"@type":"SearchAction","target":{"@type":"EntryPoint","urlTemplate":"https:\/\/www.ihscoring.com\/be\/?s={search_term_string}"},"query-input":{"@type":"PropertyValueSpecification","valueRequired":true,"valueName":"search_term_string"}}],"inLanguage":"da-DK"}]}},"_links":{"self":[{"href":"https:\/\/www.ihscoring.com\/da\/wp-json\/wp\/v2\/pages\/672","targetHints":{"allow":["GET"]}}],"collection":[{"href":"https:\/\/www.ihscoring.com\/da\/wp-json\/wp\/v2\/pages"}],"about":[{"href":"https:\/\/www.ihscoring.com\/da\/wp-json\/wp\/v2\/types\/page"}],"author":[{"embeddable":true,"href":"https:\/\/www.ihscoring.com\/da\/wp-json\/wp\/v2\/users\/1"}],"replies":[{"embeddable":true,"href":"https:\/\/www.ihscoring.com\/da\/wp-json\/wp\/v2\/comments?post=672"}],"version-history":[{"count":10,"href":"https:\/\/www.ihscoring.com\/da\/wp-json\/wp\/v2\/pages\/672\/revisions"}],"predecessor-version":[{"id":3666,"href":"https:\/\/www.ihscoring.com\/da\/wp-json\/wp\/v2\/pages\/672\/revisions\/3666"}],"wp:attachment":[{"href":"https:\/\/www.ihscoring.com\/da\/wp-json\/wp\/v2\/media?parent=672"}],"curies":[{"name":"wp","href":"https:\/\/api.w.org\/{rel}","templated":true}]}}