{"id":1179,"date":"2020-01-21T16:06:40","date_gmt":"2020-01-21T15:06:40","guid":{"rendered":"https:\/\/www.ihscoring.com\/?page_id=1179"},"modified":"2024-01-19T16:24:23","modified_gmt":"2024-01-19T15:24:23","slug":"datenschutz","status":"publish","type":"page","link":"https:\/\/www.ihscoring.com\/de\/datenschutz\/","title":{"rendered":"Datenschutz"},"content":{"rendered":"<h2>RICHTLINIE ZUM SCHUTZ PERSONENBEZOGENER DATEN<\/h2>\n<p>Vielen Dank f\u00fcr Ihren Besuch auf unserer Website. Schutz und Sicherheit der personenbezogenen Daten unserer Kunden und Nutzer sind ein wesentliches Anliegen der Pierre-Fabre-Gruppe.<\/p>\n<p>Die vorliegende Datenschutzrichtlinie erl\u00e4utert, welche Daten beim Besuch und der Nutzung unserer Website erhoben werden, und wie sie verarbeitet werden.<\/p>\n<h3>Wer sind wir?<\/h3>\n<p>Diese Website www.ihscoring.com wird von Pierre Fabre <span dir=\"ltr\" role=\"presentation\">M\u00e9dicament<\/span>, <span dir=\"ltr\" role=\"presentation\">Les Cauquillous, F-<\/span><span dir=\"ltr\" role=\"presentation\">81500 Lavaur<\/span>, Frankreich betrieben (im Folgenden \u201ePierre Fabre\u201c oder \u201ewir\u201c bezeichnet), welches Unternehmen f\u00fcr die Verarbeitung der personenbezogenen Daten verantwortlich ist, die auf der Website f\u00fcr die nachfolgend beschriebenen Zwecke von Ihnen erhoben werden k\u00f6nnen.<\/p>\n<p>Wir bitten Sie, die vorliegende Datenschutzrichtlinie sorgf\u00e4ltig zu lesen, um sich \u00fcber die Bedingungen f\u00fcr die Verarbeitung Ihrer personenbezogenen Daten beim Besuch unserer Website zu informieren. Bitte beachten Sie, dass sie von Pierre Fabre jederzeit aktualisiert werden kann. Das Datum der letzten Aktualisierung wird auf dieser Seite angezeigt. Wir bitten Sie daher, sie regelm\u00e4\u00dfig zu besuchen.<\/p>\n<h3>Informationen, die wir \u00fcber Sie erfassen<\/h3>\n<p>In Abh\u00e4ngigkeit von den von unserer Website angebotenen und von Ihnen genutzten Diensten, Ihrer Auswahl und der Konfiguration Ihres Ger\u00e4ts (insbesondere in Bezug auf Cookies und andere Tracker) beinhalten die Sie betreffenden personenbezogenen Daten (Ihre \u201ePersonenbezogenen Daten \u201c), die von Pierre Fabre gesammelt und verarbeitet werden, insbesondere die im Folgenden genannten:<\/p>\n<ul>\n<li>Wenn Sie unsere Website nutzen, k\u00f6nnen Sie gebeten werden, uns personenbezogene Daten freiwillig zur Verf\u00fcgung zu stellen, einschlie\u00dflich Ihres Nachnamens und Vornamens, Ihrer Anschrift, E-Mail-Adresse und Telefonnummer, Ihrer Pr\u00e4ferenzen und Interessen sowie aller Kontaktinformationen, die erforderlich sind, um auf Anfragen zu reagieren oder Beschwerden Ihrerseits zu bearbeiten.<\/li>\n<li>Sooft Sie unsere Website aufrufen, erfasst unser Server automatisch verschiedene Informationen, die von Ihrem Browser oder Ger\u00e4t erzeugt werden, ohne Beschr\u00e4nkung darauf einschlie\u00dflich der folgenden: des Dom\u00e4nennamens, der IP-Adresse, des Datums, der Uhrzeit und der Dauer Ihres Besuchs, der Art des Browsers, des Betriebssystems und der besuchten Seiten. Wir verwenden diese automatisch erfassten Daten nicht, um zu versuchen, Sie zu identifizieren, und f\u00fchren sie nicht mit den oben genannten personenbezogenen Daten zusammen, die Sie uns zur Verf\u00fcgung stellen.<\/li>\n<\/ul>\n<p>Wir k\u00f6nnen personenbezogene Daten \u00fcber Sie auch von Dritten erhalten.<\/p>\n<h3>Zwecke der Verarbeitung Ihrer personenbezogenen Daten durch unsere Dienste<\/h3>\n<p>Im Folgenden finden Sie einen \u00dcberblick \u00fcber die Zwecke der Verarbeitung Ihrer personenbezogenen Daten durch unsere Dienste und die Gr\u00fcnde, warum diese Verarbeitung erforderlich ist.<\/p>\n<p><img loading=\"lazy\" decoding=\"async\" class=\"img-responsive aligncenter wp-image-1199\" src=\"https:\/\/www.ihscoring.com\/wp-content\/uploads\/2020\/01\/Screenshot_1-7-300x258.png\" alt=\"\" width=\"516\" height=\"444\" srcset=\"https:\/\/www.ihscoring.com\/wp-content\/uploads\/2020\/01\/Screenshot_1-7-300x258.png 300w, https:\/\/www.ihscoring.com\/wp-content\/uploads\/2020\/01\/Screenshot_1-7-768x659.png 768w, https:\/\/www.ihscoring.com\/wp-content\/uploads\/2020\/01\/Screenshot_1-7.png 785w\" sizes=\"auto, (max-width: 516px) 100vw, 516px\" \/><\/p>\n<p>Die zu den oben genannten Zwecken erforderlichen personenbezogenen Daten sind auf den verschiedenen Seiten der Website, auf denen sie erhoben werden, jeweils mit einem Sternchen gekennzeichnet. Wenn Sie sich dazu entscheiden, diese Pflichtfelder nicht auszuf\u00fcllen, k\u00f6nnen wir Ihre Anfragen m\u00f6glicherweise nicht bearbeiten und\/oder Ihnen die gew\u00fcnschten Produkte und Dienste nicht anbieten. Die \u00fcbrigen personenbezogenen Daten sind rein optional und erm\u00f6glichen es uns, Sie besser kennenzulernen und damit unsere Kommunikation und Dienste entsprechend zu verbessern. Weitere Informationen \u00fcber Zweck und Rechtsgrundlage spezifischer F\u00e4lle von Verarbeitungst\u00e4tigkeiten finden Sie im Folgenden.<\/p>\n<h3>Mitteilung und \u00dcbertragung personenbezogener Daten<\/h3>\n<p>Wir sind Teil der weltweiten Pierre-Fabre-Gruppe, und unter Umst\u00e4nden m\u00fcssen wir Ihre personenbezogenen Daten innerhalb der Pierre-Fabre-Gruppe zu den oben genannten Zwecken weitergeben.<\/p>\n<p>Wir k\u00f6nnen auch Dritte als Dienstleister beauftragen (die in \u00dcbereinstimmung mit unseren Anweisungen handeln m\u00fcssen), uns zu helfen, Ihnen Informationen, Produkte oder Dienste zur Verf\u00fcgung zu stellen, unsere Aktivit\u00e4ten zu steuern und zu verwalten oder unsere Website zu verwalten und zu verbessern. In einem solchen Fall m\u00fcssen diese Dritten m\u00f6glicherweise auf Ihre personenbezogenen Daten zugreifen.<\/p>\n<p>Wenn Ihre personenbezogenen Daten aus dem EWR (Europ\u00e4ischen Wirtschaftsraum) hinaus an andere Unternehmen der Pierre-Fabre-Gruppe oder an Dienstleister weitergegeben werden, werden wir Ma\u00dfnahmen ergreifen, um sicherzustellen, dass Ihre personenbezogenen Daten das gleiche Schutzniveau genie\u00dfen, als w\u00e4ren sie im EWR geblieben, einschlie\u00dflich Schutzes durch Abschluss von Daten\u00fcbertragungsvereinbarungen auf der Grundlage der von der Europ\u00e4ischen Kommission genehmigten Standardvertragsklauseln in der jeweils zuletzt aktualisierten oder \u00fcberarbeiteten Form oder durch Verwendung von Zertifizierungsprogrammen wie dem EU Privacy Shield f\u00fcr \u00dcbertragungen in die Vereinigten Staaten oder anderer \u00dcbertragungsmechanismen nach Ma\u00dfgabe der Dinge wie Angemessenheitsentscheidungen, verbindlicher Unternehmensregeln oder von den EU-Datenschutzbeh\u00f6rden genehmigter Vertr\u00e4ge.<\/p>\n<p>Wir k\u00f6nnen Ihre personenbezogenen Daten auch im Rahmen eines tats\u00e4chlichen oder potenziellen Verkaufs unseres Unternehmens oder von Verm\u00f6genswerten, die sich in unserem Besitz oder dem von verbundenen Unternehmen befinden, an Dritte weitergeben; in diesem Fall k\u00f6nnen die personenbezogenen Daten, die wir \u00fcber unsere Benutzer besitzen, zu den \u00fcbertragenen Verm\u00f6genswerten geh\u00f6ren.<\/p>\n<p>Wir werden auch auf Anfragen nach Informationen antworten, wenn dies gesetzlich vorgeschrieben ist oder eine solche Weitergabe erforderlich ist, um unsere Rechte zu sch\u00fctzen und\/oder den Anforderungen eines Gerichtsverfahrens, einer Gerichtsentscheidung, eines Ersuchen einer Aufsichtsbeh\u00f6rde oder eines anderen rechtlichen Verfahrens gegen uns Gen\u00fcge zu leisten.<\/p>\n<h3>Speicherung Ihrer personenbezogenen Daten<\/h3>\n<p>Grunds\u00e4tzlich speichern wir Ihre personenbezogenen Daten nur so lange, wie es zur Erf\u00fcllung der Zwecke, f\u00fcr die sie erhoben wurden, erforderlich ist.<\/p>\n<p>Wir speichern Ihre personenbezogenen Daten nicht l\u00e4nger, als es f\u00fcr die Verwaltung der Beziehung zu Ihnen unbedingt erforderlich ist (z. B. wenn Sie ein Konto er\u00f6ffnen, eine Diagnose durchf\u00fchren usw.).<\/p>\n<p>Wir werden jedoch Ihre personenbezogenen Daten zu Werbezwecken \u00fcber einen Zeitraum von drei Jahren ab dem Datum der letzten Interaktion zwischen uns speichern, wenn Sie kein Kunde sind, und solange wir \u00fcber unsere Werbeaktivit\u00e4ten mit Ihnen in Kontakt bleiben, wenn Sie ein Kunde sind, es sei denn, Sie widersprechen bei Erhalt einer unserer Werbemitteilungen.<\/p>\n<p>Aus Sicherheitsgr\u00fcnden gesammelte IP-Adressen werden nicht l\u00e4nger als 10 Tage gespeichert.<\/p>\n<p>Schlie\u00dflich werden die gesammelten Protokolle aufbewahrt, vorausgesetzt, dass Sie der Verwendung von Cookies und anderen auf unserer Website verwendeten Trackern f\u00fcr einen Zeitraum, der dreizehn (13) Monate gem\u00e4\u00df den geltenden Gesetzen und Vorschriften nicht \u00fcberschreiten darf, zustimmen. Weitere Informationen finden Sie im Abschnitt \u201eCookies\u201c weiter unten.<\/p>\n<p>Es ist m\u00f6glich, dass wir Ihre personenbezogenen Daten \u00fcber den unten angegebenen Zeitraum hinaus in Archivform aufbewahren m\u00fcssen, um den uns obliegenden gesetzlichen Verpflichtungen nachzukommen, oder wenn dies im Hinblick auf die geltende Verj\u00e4hrungsfrist erforderlich ist, um unsere Rechte geltend zu machen (z.B. werden alle Transaktionsdaten f\u00fcr die Dauer des Vertrages und 5 Jahre danach aufbewahrt).<\/p>\n<p>Sobald Ihre personenbezogenen Daten nicht mehr zu den prim\u00e4ren Zwecken oder zur Archivierung zur Erf\u00fcllung unserer gesetzlichen Verpflichtungen oder hinsichtlich der Verj\u00e4hrung ben\u00f6tigt werden, stellen wir sicher, dass sie entweder vollst\u00e4ndig vernichtet oder anonymisiert werden.<\/p>\n<h3>Externe Verkn\u00fcpfungen (Links)<\/h3>\n<p>Die Website kann Verkn\u00fcpfungen (Links) zu Websites Dritter enthalten. Da Pierre Fabre keine Kontrolle \u00fcber solche Websites aus\u00fcbt und nicht f\u00fcr deren Datenschutzpraktiken verantwortlich ist, empfehlen wir Ihnen, die Datenschutzrichtlinien solcher Websites Dritter zu \u00fcberpr\u00fcfen. Diese Richtlinie gilt nur f\u00fcr personenbezogene Daten, die von unseren Websites oder im Rahmen unserer T\u00e4tigkeit erhoben werden.<\/p>\n<h3>Collegamenti esterni<\/h3>\n<p>Sul nostro Sito web potrebbero essere presenti collegamenti a siti di terze parti. Dato che Pierre Fabre non controlla n\u00e9 \u00e8 responsabile delle pratiche sulla privacy di tali siti web, La invitiamo a leggerne le rispettive informative sulla privacy. Questa Informativa si applica esclusivamente ai Dati personali raccolti dai nostri Siti web o nel corso delle nostre attivit\u00e0 commerciali.<\/p>\n<p>&nbsp;<\/p>\n<h3>Ihre Rechte<\/h3>\n<p>In \u00dcbereinstimmung mit dem geltenden Recht haben Sie die folgenden Rechte in Bezug auf Ihre personenbezogenen Daten:<\/p>\n<ul>\n<li>Auf Erhalt einer Kopie Ihrer personenbezogenen Daten sowie einer Erkl\u00e4rung dar\u00fcber, wie und auf welcher Rechtsgrundlage personenbezogene Daten verarbeitet werden;<\/li>\n<li>auf Korrektur fehlerhafter personenbezogener Daten (einschlie\u00dflich des Rechts, unvollst\u00e4ndige personenbezogene Daten zu vervollst\u00e4ndigen);<\/li>\n<li>auf L\u00f6schung Ihrer personenbezogenen Daten (in einigen F\u00e4llen ist dieses Recht nur anwendbar, wenn die Daten nicht mehr notwendig sind, um die Zwecke zu erreichen, zu denen sie erhoben oder verarbeitet wurden);<\/li>\n<li>auf Beschr\u00e4nkung der Verarbeitung Ihrer personenbezogenen Daten, wenn:\n<ul>\n<li>die Richtigkeit der personenbezogenen Daten bestritten wird;<\/li>\n<li>die Verarbeitung rechtswidrig ist, aber Sie der L\u00f6schung Ihrer personenbezogenen Daten widersprechen;<\/li>\n<li>wir Ihre personenbezogenen Daten nicht mehr zu ihren prim\u00e4ren Zwecken ben\u00f6tigen, aber sie dennoch f\u00fcr die Begr\u00fcndung, Aus\u00fcbung oder Abwehr eines Rechtsanspruchs erforderlich sind;<\/li>\n<\/ul>\n<\/li>\n<li>auf Forderung nach \u00dcbertragbarkeit Ihrer personenbezogenen Daten in maschinell lesbarer Form an Dritte (oder an Sie), wenn unsere Verarbeitung auf Ihrer Zustimmung oder auf der Erf\u00fcllung eines mit Ihnen geschlossenen Vertrages beruht;<\/li>\n<li>auf Erteilung allgemeiner oder spezifischer Anweisungen zur Verarbeitung und Nutzung Ihrer personenbezogenen Daten nach Ihrem Tod;<\/li>\n<li>auf Untersagung jeglichen telefonischen Kontakts zu Werbezwecken zu jeder Zeit, indem Sie sich kostenlos auf der Website registrieren: www.bloctel.gouv.fr;<\/li>\n<li>auf Widerruf Ihrer Zustimmung zur Verarbeitung Ihrer personenbezogenen Daten (wenn diese Verarbeitung auf Ihrer Zustimmung beruht), wiewohl unbeschadet der Rechtm\u00e4\u00dfigkeit der auf der vor dem Widerruf erteilten Zustimmung basierenden Verarbeitung;<\/li>\n<li>auf Untersagung der Verarbeitung zu Werbezwecken; und<\/li>\n<li>auf Erhalt oder Einsicht einer Kopie der geeigneten Ma\u00dfnahmen, die hinsichtlich der \u00dcbermittlung Ihrer personenbezogenen Daten an ein Drittland oder eine internationale Organisation getroffen wurden.<\/li>\n<\/ul>\n<p>Zus\u00e4tzlich zu den oben genannten Rechten haben Sie das Recht, jeder Verarbeitung Ihrer personenbezogenen Daten zu widersprechen, deren Rechtfertigung auf dem berechtigten Interesse von Pierre Fabre beruht, einschlie\u00dflich der Erstellung von Profilen (im Gegensatz zu einer Begr\u00fcndung durch Ihre Zustimmung oder zur Erf\u00fcllung eines Vertrages mit Ihnen). Sie haben auch das Recht, jeder Verarbeitung Ihrer personenbezogenen Daten zu Werbezwecken, einschlie\u00dflich der Profilerstellung, zu widersprechen.<\/p>\n<p>Sie haben ferner das Recht, eine Beschwerde bei Ihrer lokalen Datenschutzaufsichtsbeh\u00f6rde, der CNIL mit Sitz an der Adresse 3 Place de Fontenoy, F-75007 Paris, Frankreich, einzureichen.<\/p>\n<p>Um diese Rechte auszu\u00fcben, kontaktieren Sie uns bitte \u00fcber die nachfolgenden Kontaktdaten unter der Rubrik \u201eKontakt zu uns\u201c. Bitte beachten Sie, dass wir Sie m\u00f6glicherweise um einen Identit\u00e4tsnachweis bitten und uns das Recht vorbehalten, eine Geb\u00fchr zu erheben, wenn das Gesetz dies zul\u00e4sst, z.B. wenn Ihre Anfrage offensichtlich unbegr\u00fcndet oder \u00fcbertrieben ist. Wir werden uns bem\u00fchen, Ihre Anfrage innerhalb der geltenden Fristen zu beantworten.<\/p>\n<p>&nbsp;<\/p>\n<h3>Arten von Cookies, die wir verwenden<\/h3>\n<p><!-- OneTrust Cookies List start --><\/p>\n<div id=\"ot-sdk-cookie-policy\"><\/div>\n<p><!-- OneTrust Cookies List end --><\/p>\n<h3>Blockieren von Cookies<\/h3>\n<p>Wenn Sie Cookies ablehnen, setzen wir keine weiteren Cookies auf Ihrem Ger\u00e4t, mit Ausnahme der oben genannten \u201efunktionellen\u201c Cookies (insbesondere eines Cookies, um festzuhalten, dass Sie nicht w\u00fcnschen, dass beim Besuch der Website Cookies installiert werden).<br \/>\nBitte beachten Sie jedoch, dass das Blockieren oder Ablehnen bestimmter Cookies bestimmte Funktionen oder Dienste auf unserer Website beeintr\u00e4chtigt.<\/p>\n<h3>Aktualisierung der Datenschutzrichtlinie<\/h3>\n<p>Wir k\u00f6nnen diese Datenschutzerkl\u00e4rung jederzeit \u00e4ndern, um \u00c4nderungen des Gesetzes und\/oder unserer Praktiken zum Schutz personenbezogener Daten zu ber\u00fccksichtigen.<br \/>\nKontaktinformationen: Wenn Sie Fragen zu dieser Datenschutzrichtlinie haben oder von einem Ihrer Rechte Gebrauch machen m\u00f6chten, kontaktieren Sie uns bitte unter: dpode@pierre-fabre.com<\/p>\n<p>Wir haben einen Datenschutzbeauftragten, der unter der folgenden Adresse erreichbar ist: dpode@pierre-fabre.com<\/p>\n<p><strong>Letzte \u00c4nderung: 21.01.2020<\/strong><\/p>\n","protected":false},"excerpt":{"rendered":"<p>RICHTLINIE ZUM SCHUTZ PERSONENBEZOGENER DATEN Vielen Dank f\u00fcr Ihren Besuch auf unserer Website. Schutz und Sicherheit der personenbezogenen Daten unserer Kunden und Nutzer sind ein wesentliches Anliegen der Pierre-Fabre-Gruppe. Die vorliegende Datenschutzrichtlinie erl\u00e4utert, welche Daten beim Besuch und der Nutzung unserer Website erhoben werden, und wie sie verarbeitet werden. Wer sind wir? Diese Website www.ihscoring.com [&hellip;]<\/p>\n","protected":false},"author":2,"featured_media":0,"parent":0,"menu_order":0,"comment_status":"closed","ping_status":"closed","template":"","meta":{"_acf_changed":false,"footnotes":""},"class_list":["post-1179","page","type-page","status-publish","hentry"],"acf":[],"yoast_head":"<!-- This site is optimized with the Yoast SEO plugin v24.2 - https:\/\/yoast.com\/wordpress\/plugins\/seo\/ -->\n<title>Datenschutz - IHReS<\/title>\n<meta name=\"robots\" content=\"index, follow, max-snippet:-1, max-image-preview:large, max-video-preview:-1\" \/>\n<link rel=\"canonical\" href=\"https:\/\/www.ihscoring.com\/de\/datenschutz\/\" \/>\n<meta property=\"og:locale\" content=\"de_DE\" \/>\n<meta property=\"og:type\" content=\"article\" \/>\n<meta property=\"og:title\" content=\"Datenschutz - IHReS\" \/>\n<meta property=\"og:description\" content=\"RICHTLINIE ZUM SCHUTZ PERSONENBEZOGENER DATEN Vielen Dank f\u00fcr Ihren Besuch auf unserer Website. Schutz und Sicherheit der personenbezogenen Daten unserer Kunden und Nutzer sind ein wesentliches Anliegen der Pierre-Fabre-Gruppe. Die vorliegende Datenschutzrichtlinie erl\u00e4utert, welche Daten beim Besuch und der Nutzung unserer Website erhoben werden, und wie sie verarbeitet werden. Wer sind wir? Diese Website www.ihscoring.com [&hellip;]\" \/>\n<meta property=\"og:url\" content=\"https:\/\/www.ihscoring.com\/de\/datenschutz\/\" \/>\n<meta property=\"og:site_name\" content=\"IHReS\" \/>\n<meta property=\"article:modified_time\" content=\"2024-01-19T15:24:23+00:00\" \/>\n<meta property=\"og:image\" content=\"https:\/\/www.ihscoring.com\/wp-content\/uploads\/2020\/01\/Screenshot_1-7-300x258.png\" \/>\n<meta name=\"twitter:card\" content=\"summary_large_image\" \/>\n<meta name=\"twitter:label1\" content=\"Gesch\u00e4tzte Lesezeit\" \/>\n\t<meta name=\"twitter:data1\" content=\"8 Minuten\" \/>\n<script type=\"application\/ld+json\" class=\"yoast-schema-graph\">{\"@context\":\"https:\/\/schema.org\",\"@graph\":[{\"@type\":\"WebPage\",\"@id\":\"https:\/\/www.ihscoring.com\/de\/datenschutz\/\",\"url\":\"https:\/\/www.ihscoring.com\/de\/datenschutz\/\",\"name\":\"Datenschutz - IHReS\",\"isPartOf\":{\"@id\":\"https:\/\/www.ihscoring.com\/be\/#website\"},\"primaryImageOfPage\":{\"@id\":\"https:\/\/www.ihscoring.com\/de\/datenschutz\/#primaryimage\"},\"image\":{\"@id\":\"https:\/\/www.ihscoring.com\/de\/datenschutz\/#primaryimage\"},\"thumbnailUrl\":\"https:\/\/www.ihscoring.com\/wp-content\/uploads\/2020\/01\/Screenshot_1-7-300x258.png\",\"datePublished\":\"2020-01-21T15:06:40+00:00\",\"dateModified\":\"2024-01-19T15:24:23+00:00\",\"breadcrumb\":{\"@id\":\"https:\/\/www.ihscoring.com\/de\/datenschutz\/#breadcrumb\"},\"inLanguage\":\"de\",\"potentialAction\":[{\"@type\":\"ReadAction\",\"target\":[\"https:\/\/www.ihscoring.com\/de\/datenschutz\/\"]}]},{\"@type\":\"ImageObject\",\"inLanguage\":\"de\",\"@id\":\"https:\/\/www.ihscoring.com\/de\/datenschutz\/#primaryimage\",\"url\":\"https:\/\/www.ihscoring.com\/wp-content\/uploads\/2020\/01\/Screenshot_1-7-300x258.png\",\"contentUrl\":\"https:\/\/www.ihscoring.com\/wp-content\/uploads\/2020\/01\/Screenshot_1-7-300x258.png\"},{\"@type\":\"BreadcrumbList\",\"@id\":\"https:\/\/www.ihscoring.com\/de\/datenschutz\/#breadcrumb\",\"itemListElement\":[{\"@type\":\"ListItem\",\"position\":1,\"name\":\"Home\",\"item\":\"https:\/\/www.ihscoring.com\/de\/\"},{\"@type\":\"ListItem\",\"position\":2,\"name\":\"Datenschutz\"}]},{\"@type\":\"WebSite\",\"@id\":\"https:\/\/www.ihscoring.com\/be\/#website\",\"url\":\"https:\/\/www.ihscoring.com\/be\/\",\"name\":\"IHReS\",\"description\":\"\",\"potentialAction\":[{\"@type\":\"SearchAction\",\"target\":{\"@type\":\"EntryPoint\",\"urlTemplate\":\"https:\/\/www.ihscoring.com\/be\/?s={search_term_string}\"},\"query-input\":{\"@type\":\"PropertyValueSpecification\",\"valueRequired\":true,\"valueName\":\"search_term_string\"}}],\"inLanguage\":\"de\"}]}<\/script>\n<!-- \/ Yoast SEO plugin. -->","yoast_head_json":{"title":"Datenschutz - IHReS","robots":{"index":"index","follow":"follow","max-snippet":"max-snippet:-1","max-image-preview":"max-image-preview:large","max-video-preview":"max-video-preview:-1"},"canonical":"https:\/\/www.ihscoring.com\/de\/datenschutz\/","og_locale":"de_DE","og_type":"article","og_title":"Datenschutz - IHReS","og_description":"RICHTLINIE ZUM SCHUTZ PERSONENBEZOGENER DATEN Vielen Dank f\u00fcr Ihren Besuch auf unserer Website. Schutz und Sicherheit der personenbezogenen Daten unserer Kunden und Nutzer sind ein wesentliches Anliegen der Pierre-Fabre-Gruppe. Die vorliegende Datenschutzrichtlinie erl\u00e4utert, welche Daten beim Besuch und der Nutzung unserer Website erhoben werden, und wie sie verarbeitet werden. Wer sind wir? Diese Website www.ihscoring.com [&hellip;]","og_url":"https:\/\/www.ihscoring.com\/de\/datenschutz\/","og_site_name":"IHReS","article_modified_time":"2024-01-19T15:24:23+00:00","og_image":[{"url":"https:\/\/www.ihscoring.com\/wp-content\/uploads\/2020\/01\/Screenshot_1-7-300x258.png","type":"","width":"","height":""}],"twitter_card":"summary_large_image","twitter_misc":{"Gesch\u00e4tzte Lesezeit":"8 Minuten"},"schema":{"@context":"https:\/\/schema.org","@graph":[{"@type":"WebPage","@id":"https:\/\/www.ihscoring.com\/de\/datenschutz\/","url":"https:\/\/www.ihscoring.com\/de\/datenschutz\/","name":"Datenschutz - IHReS","isPartOf":{"@id":"https:\/\/www.ihscoring.com\/be\/#website"},"primaryImageOfPage":{"@id":"https:\/\/www.ihscoring.com\/de\/datenschutz\/#primaryimage"},"image":{"@id":"https:\/\/www.ihscoring.com\/de\/datenschutz\/#primaryimage"},"thumbnailUrl":"https:\/\/www.ihscoring.com\/wp-content\/uploads\/2020\/01\/Screenshot_1-7-300x258.png","datePublished":"2020-01-21T15:06:40+00:00","dateModified":"2024-01-19T15:24:23+00:00","breadcrumb":{"@id":"https:\/\/www.ihscoring.com\/de\/datenschutz\/#breadcrumb"},"inLanguage":"de","potentialAction":[{"@type":"ReadAction","target":["https:\/\/www.ihscoring.com\/de\/datenschutz\/"]}]},{"@type":"ImageObject","inLanguage":"de","@id":"https:\/\/www.ihscoring.com\/de\/datenschutz\/#primaryimage","url":"https:\/\/www.ihscoring.com\/wp-content\/uploads\/2020\/01\/Screenshot_1-7-300x258.png","contentUrl":"https:\/\/www.ihscoring.com\/wp-content\/uploads\/2020\/01\/Screenshot_1-7-300x258.png"},{"@type":"BreadcrumbList","@id":"https:\/\/www.ihscoring.com\/de\/datenschutz\/#breadcrumb","itemListElement":[{"@type":"ListItem","position":1,"name":"Home","item":"https:\/\/www.ihscoring.com\/de\/"},{"@type":"ListItem","position":2,"name":"Datenschutz"}]},{"@type":"WebSite","@id":"https:\/\/www.ihscoring.com\/be\/#website","url":"https:\/\/www.ihscoring.com\/be\/","name":"IHReS","description":"","potentialAction":[{"@type":"SearchAction","target":{"@type":"EntryPoint","urlTemplate":"https:\/\/www.ihscoring.com\/be\/?s={search_term_string}"},"query-input":{"@type":"PropertyValueSpecification","valueRequired":true,"valueName":"search_term_string"}}],"inLanguage":"de"}]}},"_links":{"self":[{"href":"https:\/\/www.ihscoring.com\/de\/wp-json\/wp\/v2\/pages\/1179","targetHints":{"allow":["GET"]}}],"collection":[{"href":"https:\/\/www.ihscoring.com\/de\/wp-json\/wp\/v2\/pages"}],"about":[{"href":"https:\/\/www.ihscoring.com\/de\/wp-json\/wp\/v2\/types\/page"}],"author":[{"embeddable":true,"href":"https:\/\/www.ihscoring.com\/de\/wp-json\/wp\/v2\/users\/2"}],"replies":[{"embeddable":true,"href":"https:\/\/www.ihscoring.com\/de\/wp-json\/wp\/v2\/comments?post=1179"}],"version-history":[{"count":5,"href":"https:\/\/www.ihscoring.com\/de\/wp-json\/wp\/v2\/pages\/1179\/revisions"}],"predecessor-version":[{"id":3653,"href":"https:\/\/www.ihscoring.com\/de\/wp-json\/wp\/v2\/pages\/1179\/revisions\/3653"}],"wp:attachment":[{"href":"https:\/\/www.ihscoring.com\/de\/wp-json\/wp\/v2\/media?parent=1179"}],"curies":[{"name":"wp","href":"https:\/\/api.w.org\/{rel}","templated":true}]}}