{"id":1362,"date":"2019-04-02T16:01:55","date_gmt":"2019-04-02T14:01:55","guid":{"rendered":"https:\/\/www.ihscoring.com\/accueil\/"},"modified":"2024-07-05T16:22:00","modified_gmt":"2024-07-05T14:22:00","slug":"accueil","status":"publish","type":"page","link":"https:\/\/www.ihscoring.com\/es\/","title":{"rendered":"Home"},"content":{"rendered":"<p>IHReS es una herramienta de puntuaci\u00f3n validada, desarrollada por comit\u00e9s de expertos y probada por pediatras y m\u00e9dicos generales.* Su objetivo es mejorar la toma de decisiones de los profesionales sanitarios en relaci\u00f3n con la derivaci\u00f3n de pacientes que se presentan con hemangioma infantil.<br \/>\n<strong>Para uso exclusivo de profesionales de la salud.<\/strong><\/p>\n","protected":false},"excerpt":{"rendered":"<p>IHReS es una herramienta de puntuaci\u00f3n validada, desarrollada por comit\u00e9s de expertos y probada por pediatras y m\u00e9dicos generales.* Su objetivo es mejorar la toma de decisiones de los profesionales sanitarios en relaci\u00f3n con la derivaci\u00f3n de pacientes que se presentan con hemangioma infantil. Para uso exclusivo de profesionales de la salud.<\/p>\n","protected":false},"author":1,"featured_media":0,"parent":0,"menu_order":0,"comment_status":"closed","ping_status":"closed","template":"home.php","meta":{"_acf_changed":false,"footnotes":""},"class_list":["post-1362","page","type-page","status-publish","hentry"],"acf":[],"yoast_head":"<!-- This site is optimized with the Yoast SEO plugin v24.2 - https:\/\/yoast.com\/wordpress\/plugins\/seo\/ -->\n<title>Home - IHReS<\/title>\n<meta name=\"robots\" content=\"index, follow, max-snippet:-1, max-image-preview:large, max-video-preview:-1\" \/>\n<link rel=\"canonical\" href=\"https:\/\/www.ihscoring.com\/es\/\" \/>\n<meta property=\"og:locale\" content=\"es_ES\" \/>\n<meta property=\"og:type\" content=\"article\" \/>\n<meta property=\"og:title\" content=\"Home - IHReS\" \/>\n<meta property=\"og:description\" content=\"IHReS es una herramienta de puntuaci\u00f3n validada, desarrollada por comit\u00e9s de expertos y probada por pediatras y m\u00e9dicos generales.* Su objetivo es mejorar la toma de decisiones de los profesionales sanitarios en relaci\u00f3n con la derivaci\u00f3n de pacientes que se presentan con hemangioma infantil. Para uso exclusivo de profesionales de la salud.\" \/>\n<meta property=\"og:url\" content=\"https:\/\/www.ihscoring.com\/es\/\" \/>\n<meta property=\"og:site_name\" content=\"IHReS\" \/>\n<meta property=\"article:modified_time\" content=\"2024-07-05T14:22:00+00:00\" \/>\n<meta name=\"twitter:card\" content=\"summary_large_image\" \/>\n<meta name=\"twitter:label1\" content=\"Tiempo de lectura\" \/>\n\t<meta name=\"twitter:data1\" content=\"1 minuto\" \/>\n<script type=\"application\/ld+json\" class=\"yoast-schema-graph\">{\"@context\":\"https:\/\/schema.org\",\"@graph\":[{\"@type\":\"WebPage\",\"@id\":\"https:\/\/www.ihscoring.com\/es\/\",\"url\":\"https:\/\/www.ihscoring.com\/es\/\",\"name\":\"Home - IHReS\",\"isPartOf\":{\"@id\":\"https:\/\/www.ihscoring.com\/be\/#website\"},\"datePublished\":\"2019-04-02T14:01:55+00:00\",\"dateModified\":\"2024-07-05T14:22:00+00:00\",\"breadcrumb\":{\"@id\":\"https:\/\/www.ihscoring.com\/es\/#breadcrumb\"},\"inLanguage\":\"es\",\"potentialAction\":[{\"@type\":\"ReadAction\",\"target\":[\"https:\/\/www.ihscoring.com\/es\/\"]}]},{\"@type\":\"BreadcrumbList\",\"@id\":\"https:\/\/www.ihscoring.com\/es\/#breadcrumb\",\"itemListElement\":[{\"@type\":\"ListItem\",\"position\":1,\"name\":\"Home\",\"item\":\"https:\/\/www.ihscoring.com\/es\/\"},{\"@type\":\"ListItem\",\"position\":2,\"name\":\"Home\"}]},{\"@type\":\"WebSite\",\"@id\":\"https:\/\/www.ihscoring.com\/be\/#website\",\"url\":\"https:\/\/www.ihscoring.com\/be\/\",\"name\":\"IHReS\",\"description\":\"\",\"potentialAction\":[{\"@type\":\"SearchAction\",\"target\":{\"@type\":\"EntryPoint\",\"urlTemplate\":\"https:\/\/www.ihscoring.com\/be\/?s={search_term_string}\"},\"query-input\":{\"@type\":\"PropertyValueSpecification\",\"valueRequired\":true,\"valueName\":\"search_term_string\"}}],\"inLanguage\":\"es\"}]}<\/script>\n<!-- \/ Yoast SEO plugin. -->","yoast_head_json":{"title":"Home - IHReS","robots":{"index":"index","follow":"follow","max-snippet":"max-snippet:-1","max-image-preview":"max-image-preview:large","max-video-preview":"max-video-preview:-1"},"canonical":"https:\/\/www.ihscoring.com\/es\/","og_locale":"es_ES","og_type":"article","og_title":"Home - IHReS","og_description":"IHReS es una herramienta de puntuaci\u00f3n validada, desarrollada por comit\u00e9s de expertos y probada por pediatras y m\u00e9dicos generales.* Su objetivo es mejorar la toma de decisiones de los profesionales sanitarios en relaci\u00f3n con la derivaci\u00f3n de pacientes que se presentan con hemangioma infantil. Para uso exclusivo de profesionales de la salud.","og_url":"https:\/\/www.ihscoring.com\/es\/","og_site_name":"IHReS","article_modified_time":"2024-07-05T14:22:00+00:00","twitter_card":"summary_large_image","twitter_misc":{"Tiempo de lectura":"1 minuto"},"schema":{"@context":"https:\/\/schema.org","@graph":[{"@type":"WebPage","@id":"https:\/\/www.ihscoring.com\/es\/","url":"https:\/\/www.ihscoring.com\/es\/","name":"Home - IHReS","isPartOf":{"@id":"https:\/\/www.ihscoring.com\/be\/#website"},"datePublished":"2019-04-02T14:01:55+00:00","dateModified":"2024-07-05T14:22:00+00:00","breadcrumb":{"@id":"https:\/\/www.ihscoring.com\/es\/#breadcrumb"},"inLanguage":"es","potentialAction":[{"@type":"ReadAction","target":["https:\/\/www.ihscoring.com\/es\/"]}]},{"@type":"BreadcrumbList","@id":"https:\/\/www.ihscoring.com\/es\/#breadcrumb","itemListElement":[{"@type":"ListItem","position":1,"name":"Home","item":"https:\/\/www.ihscoring.com\/es\/"},{"@type":"ListItem","position":2,"name":"Home"}]},{"@type":"WebSite","@id":"https:\/\/www.ihscoring.com\/be\/#website","url":"https:\/\/www.ihscoring.com\/be\/","name":"IHReS","description":"","potentialAction":[{"@type":"SearchAction","target":{"@type":"EntryPoint","urlTemplate":"https:\/\/www.ihscoring.com\/be\/?s={search_term_string}"},"query-input":{"@type":"PropertyValueSpecification","valueRequired":true,"valueName":"search_term_string"}}],"inLanguage":"es"}]}},"_links":{"self":[{"href":"https:\/\/www.ihscoring.com\/es\/wp-json\/wp\/v2\/pages\/1362","targetHints":{"allow":["GET"]}}],"collection":[{"href":"https:\/\/www.ihscoring.com\/es\/wp-json\/wp\/v2\/pages"}],"about":[{"href":"https:\/\/www.ihscoring.com\/es\/wp-json\/wp\/v2\/types\/page"}],"author":[{"embeddable":true,"href":"https:\/\/www.ihscoring.com\/es\/wp-json\/wp\/v2\/users\/1"}],"replies":[{"embeddable":true,"href":"https:\/\/www.ihscoring.com\/es\/wp-json\/wp\/v2\/comments?post=1362"}],"version-history":[{"count":8,"href":"https:\/\/www.ihscoring.com\/es\/wp-json\/wp\/v2\/pages\/1362\/revisions"}],"predecessor-version":[{"id":3684,"href":"https:\/\/www.ihscoring.com\/es\/wp-json\/wp\/v2\/pages\/1362\/revisions\/3684"}],"wp:attachment":[{"href":"https:\/\/www.ihscoring.com\/es\/wp-json\/wp\/v2\/media?parent=1362"}],"curies":[{"name":"wp","href":"https:\/\/api.w.org\/{rel}","templated":true}]}}