{"id":984,"date":"2020-01-21T11:03:04","date_gmt":"2020-01-21T10:03:04","guid":{"rendered":"https:\/\/www.ihscoring.com\/?page_id=984"},"modified":"2024-01-19T16:26:50","modified_gmt":"2024-01-19T15:26:50","slug":"proteccion-de-datos","status":"publish","type":"page","link":"https:\/\/www.ihscoring.com\/es\/proteccion-de-datos\/","title":{"rendered":"Protecci\u00f3n de datos"},"content":{"rendered":"<h2>Protecci\u00f3n de datos<\/h2>\n<h3>Pol\u00edtica de privacidad y de cookies<\/h3>\n<p>Gracias por visitar nuestra p\u00e1gina web. Para Pierre Fabre, garantizar la protecci\u00f3n y seguridad de los datos de nuestros clientes y usuarios es una prioridad m\u00e1xima.<br \/>\nLa presente Pol\u00edtica de privacidad explica qu\u00e9 informaci\u00f3n se recoge cuando un usuario visita y utiliza nuestra p\u00e1gina web y c\u00f3mo se trata dicha informaci\u00f3n.<br \/>\nA continuaci\u00f3n puede consultar directamente la informaci\u00f3n que necesite.<\/p>\n<p>&nbsp;<\/p>\n<h3>Qui\u00e9nes somos<\/h3>\n<p>La p\u00e1gina web www.ihscoring.com es gestionada por Pierre Fabre M\u00e9dicament (en adelante, \u00abPFM\u00bb o \u00abNosotros\u00bb), sociedad responsable del tratamiento de cualquier dato personal que pueda recabarse directamente del usuario en la p\u00e1gina web a los efectos que se describen a continuaci\u00f3n.<br \/>\nLe animamos a que lea detenidamente esta Pol\u00edtica de privacidad con el fin de estar seguro de que acepta el tratamiento de sus Datos personales durante su visita a nuestra p\u00e1gina web. Debe tener en cuenta que esta p\u00e1gina podr\u00e1 ser actualizada por Pierre Fabre en cualquier momento. La fecha de la \u00faltima revisi\u00f3n aparecer\u00e1 en la p\u00e1gina. Le animamos a que la consulte regularmente.<\/p>\n<p>&nbsp;<\/p>\n<h3>Informaci\u00f3n recabada sobre el usuario:<\/h3>\n<p>En funci\u00f3n de los servicios que facilite nuestro Sitio web y de aquellos que usted pueda utilizar, de sus elecciones personales y de la configuraci\u00f3n de su terminal (en relaci\u00f3n con las cookies y otros rastreadores), los datos personales (en adelante, los \u00abDatos personales\u00bb) recabados y procesados por Pierre Fabre incluir\u00e1n, principalmente:<\/p>\n<ul>\n<li>Cuando el usuario visite nuestro Sitio web, nuestro servidor recoger\u00e1 autom\u00e1ticamente la informaci\u00f3n facilitada por el navegador o generada por el dispositivo, incluyendo, de forma enunciativa pero no limitativa: el dominio; la direcci\u00f3n IP; la fecha, la hora y la duraci\u00f3n de la visita; el tipo de navegador; el sistema operativo y el n\u00famero de visitas a la p\u00e1gina.<\/li>\n<li>No recurrimos a esta informaci\u00f3n recogida autom\u00e1ticamente para identificar al usuario ni tampoco la asociamos con los Datos personales que el usuario nos facilita de forma voluntaria, tal y como se detalla a continuaci\u00f3n.<\/li>\n<li>Asimismo, podemos recabar informaci\u00f3n del usuario a trav\u00e9s de terceros, como por ejemplo Google Analytics.<\/li>\n<\/ul>\n<p>&nbsp;<\/p>\n<h3>Finalidad del tratamiento de sus Datos personales<\/h3>\n<p>A continuaci\u00f3n encontrar\u00e1 un resumen de las finalidades con las que tratamos los Datos personales del usuario y las razones de ello.<\/p>\n<p><img loading=\"lazy\" decoding=\"async\" class=\"img-responsive aligncenter wp-image-989\" src=\"https:\/\/www.ihscoring.com\/wp-content\/uploads\/2020\/01\/Screenshot_1-3-300x82.png\" alt=\"\" width=\"600\" height=\"164\" srcset=\"https:\/\/www.ihscoring.com\/wp-content\/uploads\/2020\/01\/Screenshot_1-3-300x82.png 300w, https:\/\/www.ihscoring.com\/wp-content\/uploads\/2020\/01\/Screenshot_1-3-768x210.png 768w, https:\/\/www.ihscoring.com\/wp-content\/uploads\/2020\/01\/Screenshot_1-3-1024x279.png 1024w, https:\/\/www.ihscoring.com\/wp-content\/uploads\/2020\/01\/Screenshot_1-3.png 1063w\" sizes=\"auto, (max-width: 600px) 100vw, 600px\" \/><\/p>\n<h3><\/h3>\n<h3>Traspaso y divulgaci\u00f3n de Datos personales<\/h3>\n<p>A los efectos anteriores, y dado que formamos parte del grupo mundial Pierre Fabre, peri\u00f3dicamente deberemos compartir los Datos personales del usuario con nuestras empresas asociadas.<br \/>\nNing\u00fan Dato personal se transferir\u00e1 fuera del grupo Pierre Fabre.<\/p>\n<h3>E-mails y SMS de marketing<\/h3>\n<p>No aplicable.<\/p>\n<h3>Conservaci\u00f3n de sus Datos personales<\/h3>\n<p>Como normal general, conservaremos los Datos personales del usuario \u00fanicamente el tiempo necesario para llevar a cabo la finalidad para la que se han recogido (v\u00e9ase la tabla anterior).<br \/>\nLa informaci\u00f3n de conexi\u00f3n recogida, con su consentimiento, utilizando las cookies y otros rastreadores de nuestro Sitio web, se conservar\u00e1 durante el tiempo que estipule la normativa y legislaci\u00f3n aplicable, sin superarse el plazo de trece (13) meses. Para m\u00e1s informaci\u00f3n, consulte la secci\u00f3n de Cookies a continuaci\u00f3n.<br \/>\nEn ocasiones podremos conservar sus Datos personales en modo archivo m\u00e1s all\u00e1 del plazo anteriormente indicado con el fin de cumplir con nuestras obligaciones legales, o bien cuando ello sea exigido por el plazo de prescripci\u00f3n aplicable para evidenciar un derecho o un contrato.<br \/>\nCuando los Datos personales del usuario no sean ya necesarios para nuestras finalidades u obligaciones legales de archivo o prescripci\u00f3n aplicable, dichos datos ser\u00e1n completamente eliminados o anonimizados.<\/p>\n<p>&nbsp;<\/p>\n<h3>Enlaces externos<\/h3>\n<p>Esta p\u00e1gina web puede incluir enlaces a sitios web de terceros. Dado que Pierre Fabre no controla ni es responsable de las normas de privacidad de dichos sitios web, animamos a los usuarios a consultarlas por s\u00ed mismos. Esta pol\u00edtica es aplicable \u00fanicamente a los Datos personales recogidos por nuestro Sitio web o en el curso de nuestras actividades de negocio.<\/p>\n<p>&nbsp;<\/p>\n<h3>Los derechos del usuario<\/h3>\n<p>De conformidad con la legislaci\u00f3n aplicable, el usuario tendr\u00e1 todos o algunos de los derechos siguientes en relaci\u00f3n con sus Datos personales:<\/p>\n<ul>\n<li>obtener una copia de sus Datos personales junto con la informaci\u00f3n sobre c\u00f3mo y sobre qu\u00e9 base se tratan dichos Datos personales;<\/li>\n<li>borrar los Datos personales (en ciertos casos, siempre y cuando no sean ya necesarios para la finalidad para la que se recabaron o trataron);<\/li>\n<li>limitar el tratamiento de los Datos personales del usuario en caso de que:\n<ul>\n<li>la exactitud de los Datos personales se vea cuestionada;<\/li>\n<li>el tratamiento sea il\u00edcito pero el usuario no est\u00e9 conforme con el borrado de sus Datos personales;<\/li>\n<li>los Datos personales del usuario no sean ya necesarios para Nosotros pero s\u00ed a efectos de la ejecuci\u00f3n, procesamiento o defensa de una demanda legal;<\/li>\n<\/ul>\n<\/li>\n<li>solicitar la portabilidad de los Datos personales del usuario en un formato mecanizado a un tercero (o bien al usuario) basando nuestro tratamiento en el consentimiento del usuario o en el cumplimiento de un contrato suscrito con \u00e9ste;<\/li>\n<li>retirar el consentimiento del usuario a que tratemos sus Datos personales (en caso de que dicho tratamiento est\u00e9 sujeto al consentimiento del usuario);<\/li>\n<\/ul>\n<p>Asimismo, el usuario tiene derecho a presentar una reclamaci\u00f3n ante la autoridad supervisora local competente en materia de protecci\u00f3n de datos.<br \/>\nPara ejercer estos derechos p\u00f3ngase en contacto con Nosotros en la direcci\u00f3n que le facilitamos a continuaci\u00f3n. Tenga en cuenta que podremos solicitarle un documento acreditativo de su identidad y nos reservamos el derecho a cobrarle un cierto importe siempre que ello est\u00e9 permitido por la legislaci\u00f3n, en caso por ejemplo de que su solicitud sea manifiestamente injustificada o abusiva. Intentaremos responder a su solicitud dentro de los plazos correspondientes.<\/p>\n<p><img loading=\"lazy\" decoding=\"async\" class=\"img-responsive aligncenter wp-image-1004\" src=\"https:\/\/www.ihscoring.com\/wp-content\/uploads\/2020\/01\/Screenshot_2-3-300x45.png\" alt=\"\" width=\"380\" height=\"57\" srcset=\"https:\/\/www.ihscoring.com\/wp-content\/uploads\/2020\/01\/Screenshot_2-3-300x45.png 300w, https:\/\/www.ihscoring.com\/wp-content\/uploads\/2020\/01\/Screenshot_2-3.png 524w\" sizes=\"auto, (max-width: 380px) 100vw, 380px\" \/><\/p>\n<p>&nbsp;<\/p>\n<h3>Cookies<\/h3>\n<p><!-- OneTrust Cookies List start --><\/p>\n<div id=\"ot-sdk-cookie-policy\"><\/div>\n<p><!-- OneTrust Cookies List end --><\/p>\n<p>&nbsp;<\/p>\n<h3>Actualizaci\u00f3n de la Pol\u00edtica de privacidad<\/h3>\n<p>La presente Pol\u00edtica de privacidad podr\u00e1 ser peri\u00f3dicamente objeto de modificaci\u00f3n con el fin de reflejar cambios en la legislaci\u00f3n y\/o en nuestras pr\u00e1cticas de privacidad.<br \/>\n\u00daltima modificaci\u00f3n: [09\/01\/2020]<\/p>\n","protected":false},"excerpt":{"rendered":"<p>Protecci\u00f3n de datos Pol\u00edtica de privacidad y de cookies Gracias por visitar nuestra p\u00e1gina web. Para Pierre Fabre, garantizar la protecci\u00f3n y seguridad de los datos de nuestros clientes y usuarios es una prioridad m\u00e1xima. La presente Pol\u00edtica de privacidad explica qu\u00e9 informaci\u00f3n se recoge cuando un usuario visita y utiliza nuestra p\u00e1gina web y [&hellip;]<\/p>\n","protected":false},"author":2,"featured_media":0,"parent":0,"menu_order":0,"comment_status":"closed","ping_status":"closed","template":"","meta":{"_acf_changed":false,"footnotes":""},"class_list":["post-984","page","type-page","status-publish","hentry"],"acf":[],"yoast_head":"<!-- This site is optimized with the Yoast SEO plugin v24.2 - https:\/\/yoast.com\/wordpress\/plugins\/seo\/ -->\n<title>Protecci\u00f3n de datos - IHReS<\/title>\n<meta name=\"robots\" content=\"index, follow, max-snippet:-1, max-image-preview:large, max-video-preview:-1\" \/>\n<link rel=\"canonical\" href=\"https:\/\/www.ihscoring.com\/es\/proteccion-de-datos\/\" \/>\n<meta property=\"og:locale\" content=\"es_ES\" \/>\n<meta property=\"og:type\" content=\"article\" \/>\n<meta property=\"og:title\" content=\"Protecci\u00f3n de datos - IHReS\" \/>\n<meta property=\"og:description\" content=\"Protecci\u00f3n de datos Pol\u00edtica de privacidad y de cookies Gracias por visitar nuestra p\u00e1gina web. Para Pierre Fabre, garantizar la protecci\u00f3n y seguridad de los datos de nuestros clientes y usuarios es una prioridad m\u00e1xima. La presente Pol\u00edtica de privacidad explica qu\u00e9 informaci\u00f3n se recoge cuando un usuario visita y utiliza nuestra p\u00e1gina web y [&hellip;]\" \/>\n<meta property=\"og:url\" content=\"https:\/\/www.ihscoring.com\/es\/proteccion-de-datos\/\" \/>\n<meta property=\"og:site_name\" content=\"IHReS\" \/>\n<meta property=\"article:modified_time\" content=\"2024-01-19T15:26:50+00:00\" \/>\n<meta property=\"og:image\" content=\"https:\/\/www.ihscoring.com\/wp-content\/uploads\/2020\/01\/Screenshot_1-3-300x82.png\" \/>\n<meta name=\"twitter:card\" content=\"summary_large_image\" \/>\n<meta name=\"twitter:label1\" content=\"Tiempo de lectura\" \/>\n\t<meta name=\"twitter:data1\" content=\"5 minutos\" \/>\n<script type=\"application\/ld+json\" class=\"yoast-schema-graph\">{\"@context\":\"https:\/\/schema.org\",\"@graph\":[{\"@type\":\"WebPage\",\"@id\":\"https:\/\/www.ihscoring.com\/es\/proteccion-de-datos\/\",\"url\":\"https:\/\/www.ihscoring.com\/es\/proteccion-de-datos\/\",\"name\":\"Protecci\u00f3n de datos - IHReS\",\"isPartOf\":{\"@id\":\"https:\/\/www.ihscoring.com\/be\/#website\"},\"primaryImageOfPage\":{\"@id\":\"https:\/\/www.ihscoring.com\/es\/proteccion-de-datos\/#primaryimage\"},\"image\":{\"@id\":\"https:\/\/www.ihscoring.com\/es\/proteccion-de-datos\/#primaryimage\"},\"thumbnailUrl\":\"https:\/\/www.ihscoring.com\/wp-content\/uploads\/2020\/01\/Screenshot_1-3-300x82.png\",\"datePublished\":\"2020-01-21T10:03:04+00:00\",\"dateModified\":\"2024-01-19T15:26:50+00:00\",\"breadcrumb\":{\"@id\":\"https:\/\/www.ihscoring.com\/es\/proteccion-de-datos\/#breadcrumb\"},\"inLanguage\":\"es\",\"potentialAction\":[{\"@type\":\"ReadAction\",\"target\":[\"https:\/\/www.ihscoring.com\/es\/proteccion-de-datos\/\"]}]},{\"@type\":\"ImageObject\",\"inLanguage\":\"es\",\"@id\":\"https:\/\/www.ihscoring.com\/es\/proteccion-de-datos\/#primaryimage\",\"url\":\"https:\/\/www.ihscoring.com\/wp-content\/uploads\/2020\/01\/Screenshot_1-3-300x82.png\",\"contentUrl\":\"https:\/\/www.ihscoring.com\/wp-content\/uploads\/2020\/01\/Screenshot_1-3-300x82.png\"},{\"@type\":\"BreadcrumbList\",\"@id\":\"https:\/\/www.ihscoring.com\/es\/proteccion-de-datos\/#breadcrumb\",\"itemListElement\":[{\"@type\":\"ListItem\",\"position\":1,\"name\":\"Home\",\"item\":\"https:\/\/www.ihscoring.com\/es\/\"},{\"@type\":\"ListItem\",\"position\":2,\"name\":\"Protecci\u00f3n de datos\"}]},{\"@type\":\"WebSite\",\"@id\":\"https:\/\/www.ihscoring.com\/be\/#website\",\"url\":\"https:\/\/www.ihscoring.com\/be\/\",\"name\":\"IHReS\",\"description\":\"\",\"potentialAction\":[{\"@type\":\"SearchAction\",\"target\":{\"@type\":\"EntryPoint\",\"urlTemplate\":\"https:\/\/www.ihscoring.com\/be\/?s={search_term_string}\"},\"query-input\":{\"@type\":\"PropertyValueSpecification\",\"valueRequired\":true,\"valueName\":\"search_term_string\"}}],\"inLanguage\":\"es\"}]}<\/script>\n<!-- \/ Yoast SEO plugin. -->","yoast_head_json":{"title":"Protecci\u00f3n de datos - IHReS","robots":{"index":"index","follow":"follow","max-snippet":"max-snippet:-1","max-image-preview":"max-image-preview:large","max-video-preview":"max-video-preview:-1"},"canonical":"https:\/\/www.ihscoring.com\/es\/proteccion-de-datos\/","og_locale":"es_ES","og_type":"article","og_title":"Protecci\u00f3n de datos - IHReS","og_description":"Protecci\u00f3n de datos Pol\u00edtica de privacidad y de cookies Gracias por visitar nuestra p\u00e1gina web. Para Pierre Fabre, garantizar la protecci\u00f3n y seguridad de los datos de nuestros clientes y usuarios es una prioridad m\u00e1xima. La presente Pol\u00edtica de privacidad explica qu\u00e9 informaci\u00f3n se recoge cuando un usuario visita y utiliza nuestra p\u00e1gina web y [&hellip;]","og_url":"https:\/\/www.ihscoring.com\/es\/proteccion-de-datos\/","og_site_name":"IHReS","article_modified_time":"2024-01-19T15:26:50+00:00","og_image":[{"url":"https:\/\/www.ihscoring.com\/wp-content\/uploads\/2020\/01\/Screenshot_1-3-300x82.png","type":"","width":"","height":""}],"twitter_card":"summary_large_image","twitter_misc":{"Tiempo de lectura":"5 minutos"},"schema":{"@context":"https:\/\/schema.org","@graph":[{"@type":"WebPage","@id":"https:\/\/www.ihscoring.com\/es\/proteccion-de-datos\/","url":"https:\/\/www.ihscoring.com\/es\/proteccion-de-datos\/","name":"Protecci\u00f3n de datos - IHReS","isPartOf":{"@id":"https:\/\/www.ihscoring.com\/be\/#website"},"primaryImageOfPage":{"@id":"https:\/\/www.ihscoring.com\/es\/proteccion-de-datos\/#primaryimage"},"image":{"@id":"https:\/\/www.ihscoring.com\/es\/proteccion-de-datos\/#primaryimage"},"thumbnailUrl":"https:\/\/www.ihscoring.com\/wp-content\/uploads\/2020\/01\/Screenshot_1-3-300x82.png","datePublished":"2020-01-21T10:03:04+00:00","dateModified":"2024-01-19T15:26:50+00:00","breadcrumb":{"@id":"https:\/\/www.ihscoring.com\/es\/proteccion-de-datos\/#breadcrumb"},"inLanguage":"es","potentialAction":[{"@type":"ReadAction","target":["https:\/\/www.ihscoring.com\/es\/proteccion-de-datos\/"]}]},{"@type":"ImageObject","inLanguage":"es","@id":"https:\/\/www.ihscoring.com\/es\/proteccion-de-datos\/#primaryimage","url":"https:\/\/www.ihscoring.com\/wp-content\/uploads\/2020\/01\/Screenshot_1-3-300x82.png","contentUrl":"https:\/\/www.ihscoring.com\/wp-content\/uploads\/2020\/01\/Screenshot_1-3-300x82.png"},{"@type":"BreadcrumbList","@id":"https:\/\/www.ihscoring.com\/es\/proteccion-de-datos\/#breadcrumb","itemListElement":[{"@type":"ListItem","position":1,"name":"Home","item":"https:\/\/www.ihscoring.com\/es\/"},{"@type":"ListItem","position":2,"name":"Protecci\u00f3n de datos"}]},{"@type":"WebSite","@id":"https:\/\/www.ihscoring.com\/be\/#website","url":"https:\/\/www.ihscoring.com\/be\/","name":"IHReS","description":"","potentialAction":[{"@type":"SearchAction","target":{"@type":"EntryPoint","urlTemplate":"https:\/\/www.ihscoring.com\/be\/?s={search_term_string}"},"query-input":{"@type":"PropertyValueSpecification","valueRequired":true,"valueName":"search_term_string"}}],"inLanguage":"es"}]}},"_links":{"self":[{"href":"https:\/\/www.ihscoring.com\/es\/wp-json\/wp\/v2\/pages\/984","targetHints":{"allow":["GET"]}}],"collection":[{"href":"https:\/\/www.ihscoring.com\/es\/wp-json\/wp\/v2\/pages"}],"about":[{"href":"https:\/\/www.ihscoring.com\/es\/wp-json\/wp\/v2\/types\/page"}],"author":[{"embeddable":true,"href":"https:\/\/www.ihscoring.com\/es\/wp-json\/wp\/v2\/users\/2"}],"replies":[{"embeddable":true,"href":"https:\/\/www.ihscoring.com\/es\/wp-json\/wp\/v2\/comments?post=984"}],"version-history":[{"count":7,"href":"https:\/\/www.ihscoring.com\/es\/wp-json\/wp\/v2\/pages\/984\/revisions"}],"predecessor-version":[{"id":3659,"href":"https:\/\/www.ihscoring.com\/es\/wp-json\/wp\/v2\/pages\/984\/revisions\/3659"}],"wp:attachment":[{"href":"https:\/\/www.ihscoring.com\/es\/wp-json\/wp\/v2\/media?parent=984"}],"curies":[{"name":"wp","href":"https:\/\/api.w.org\/{rel}","templated":true}]}}