{"id":673,"date":"2019-04-02T16:01:55","date_gmt":"2019-04-02T14:01:55","guid":{"rendered":"https:\/\/www.ihscoring.com\/accueil\/"},"modified":"2024-07-05T16:18:40","modified_gmt":"2024-07-05T14:18:40","slug":"accueil","status":"publish","type":"page","link":"https:\/\/www.ihscoring.com\/fi\/","title":{"rendered":"Home"},"content":{"rendered":"<p>IHReS on asiantuntijaryhmien kehitt\u00e4m\u00e4 sek\u00e4 lastenl\u00e4\u00e4k\u00e4rien ja yleisl\u00e4\u00e4k\u00e4rien testaama validoitu pisteytysty\u00f6kalu.* Se on tarkoitettu terveydenhuollon ammattilaisten p\u00e4\u00e4t\u00f6ksenteon avuksi harkittaessa l\u00e4hetett\u00e4 potilaille, joilla on infantiili hemangiooma.<br \/>\n<strong>Vain terveydenhuollon ammattilaisten k\u00e4ytt\u00f6\u00f6n.<\/strong><\/p>\n","protected":false},"excerpt":{"rendered":"<p>IHReS on asiantuntijaryhmien kehitt\u00e4m\u00e4 sek\u00e4 lastenl\u00e4\u00e4k\u00e4rien ja yleisl\u00e4\u00e4k\u00e4rien testaama validoitu pisteytysty\u00f6kalu.* Se on tarkoitettu terveydenhuollon ammattilaisten p\u00e4\u00e4t\u00f6ksenteon avuksi harkittaessa l\u00e4hetett\u00e4 potilaille, joilla on infantiili hemangiooma. Vain terveydenhuollon ammattilaisten k\u00e4ytt\u00f6\u00f6n.<\/p>\n","protected":false},"author":1,"featured_media":0,"parent":0,"menu_order":0,"comment_status":"closed","ping_status":"closed","template":"home.php","meta":{"_acf_changed":false,"footnotes":""},"class_list":["post-673","page","type-page","status-publish","hentry"],"acf":[],"yoast_head":"<!-- This site is optimized with the Yoast SEO plugin v24.2 - https:\/\/yoast.com\/wordpress\/plugins\/seo\/ -->\n<title>Home - IHReS<\/title>\n<meta name=\"robots\" content=\"index, follow, max-snippet:-1, max-image-preview:large, max-video-preview:-1\" \/>\n<link rel=\"canonical\" href=\"https:\/\/www.ihscoring.com\/fi\/\" \/>\n<meta property=\"og:locale\" content=\"fi_FI\" \/>\n<meta property=\"og:type\" content=\"article\" \/>\n<meta property=\"og:title\" content=\"Home - IHReS\" \/>\n<meta property=\"og:description\" content=\"IHReS on asiantuntijaryhmien kehitt\u00e4m\u00e4 sek\u00e4 lastenl\u00e4\u00e4k\u00e4rien ja yleisl\u00e4\u00e4k\u00e4rien testaama validoitu pisteytysty\u00f6kalu.* Se on tarkoitettu terveydenhuollon ammattilaisten p\u00e4\u00e4t\u00f6ksenteon avuksi harkittaessa l\u00e4hetett\u00e4 potilaille, joilla on infantiili hemangiooma. Vain terveydenhuollon ammattilaisten k\u00e4ytt\u00f6\u00f6n.\" \/>\n<meta property=\"og:url\" content=\"https:\/\/www.ihscoring.com\/fi\/\" \/>\n<meta property=\"og:site_name\" content=\"IHReS\" \/>\n<meta property=\"article:modified_time\" content=\"2024-07-05T14:18:40+00:00\" \/>\n<meta name=\"twitter:card\" content=\"summary_large_image\" \/>\n<meta name=\"twitter:label1\" content=\"Arvioitu lukuaika\" \/>\n\t<meta name=\"twitter:data1\" content=\"1 minuutti\" \/>\n<script type=\"application\/ld+json\" class=\"yoast-schema-graph\">{\"@context\":\"https:\/\/schema.org\",\"@graph\":[{\"@type\":\"WebPage\",\"@id\":\"https:\/\/www.ihscoring.com\/fi\/\",\"url\":\"https:\/\/www.ihscoring.com\/fi\/\",\"name\":\"Home - IHReS\",\"isPartOf\":{\"@id\":\"https:\/\/www.ihscoring.com\/be\/#website\"},\"datePublished\":\"2019-04-02T14:01:55+00:00\",\"dateModified\":\"2024-07-05T14:18:40+00:00\",\"breadcrumb\":{\"@id\":\"https:\/\/www.ihscoring.com\/fi\/#breadcrumb\"},\"inLanguage\":\"fi\",\"potentialAction\":[{\"@type\":\"ReadAction\",\"target\":[\"https:\/\/www.ihscoring.com\/fi\/\"]}]},{\"@type\":\"BreadcrumbList\",\"@id\":\"https:\/\/www.ihscoring.com\/fi\/#breadcrumb\",\"itemListElement\":[{\"@type\":\"ListItem\",\"position\":1,\"name\":\"Home\",\"item\":\"https:\/\/www.ihscoring.com\/fi\/\"},{\"@type\":\"ListItem\",\"position\":2,\"name\":\"Home\"}]},{\"@type\":\"WebSite\",\"@id\":\"https:\/\/www.ihscoring.com\/be\/#website\",\"url\":\"https:\/\/www.ihscoring.com\/be\/\",\"name\":\"IHReS\",\"description\":\"\",\"potentialAction\":[{\"@type\":\"SearchAction\",\"target\":{\"@type\":\"EntryPoint\",\"urlTemplate\":\"https:\/\/www.ihscoring.com\/be\/?s={search_term_string}\"},\"query-input\":{\"@type\":\"PropertyValueSpecification\",\"valueRequired\":true,\"valueName\":\"search_term_string\"}}],\"inLanguage\":\"fi\"}]}<\/script>\n<!-- \/ Yoast SEO plugin. -->","yoast_head_json":{"title":"Home - IHReS","robots":{"index":"index","follow":"follow","max-snippet":"max-snippet:-1","max-image-preview":"max-image-preview:large","max-video-preview":"max-video-preview:-1"},"canonical":"https:\/\/www.ihscoring.com\/fi\/","og_locale":"fi_FI","og_type":"article","og_title":"Home - IHReS","og_description":"IHReS on asiantuntijaryhmien kehitt\u00e4m\u00e4 sek\u00e4 lastenl\u00e4\u00e4k\u00e4rien ja yleisl\u00e4\u00e4k\u00e4rien testaama validoitu pisteytysty\u00f6kalu.* Se on tarkoitettu terveydenhuollon ammattilaisten p\u00e4\u00e4t\u00f6ksenteon avuksi harkittaessa l\u00e4hetett\u00e4 potilaille, joilla on infantiili hemangiooma. Vain terveydenhuollon ammattilaisten k\u00e4ytt\u00f6\u00f6n.","og_url":"https:\/\/www.ihscoring.com\/fi\/","og_site_name":"IHReS","article_modified_time":"2024-07-05T14:18:40+00:00","twitter_card":"summary_large_image","twitter_misc":{"Arvioitu lukuaika":"1 minuutti"},"schema":{"@context":"https:\/\/schema.org","@graph":[{"@type":"WebPage","@id":"https:\/\/www.ihscoring.com\/fi\/","url":"https:\/\/www.ihscoring.com\/fi\/","name":"Home - IHReS","isPartOf":{"@id":"https:\/\/www.ihscoring.com\/be\/#website"},"datePublished":"2019-04-02T14:01:55+00:00","dateModified":"2024-07-05T14:18:40+00:00","breadcrumb":{"@id":"https:\/\/www.ihscoring.com\/fi\/#breadcrumb"},"inLanguage":"fi","potentialAction":[{"@type":"ReadAction","target":["https:\/\/www.ihscoring.com\/fi\/"]}]},{"@type":"BreadcrumbList","@id":"https:\/\/www.ihscoring.com\/fi\/#breadcrumb","itemListElement":[{"@type":"ListItem","position":1,"name":"Home","item":"https:\/\/www.ihscoring.com\/fi\/"},{"@type":"ListItem","position":2,"name":"Home"}]},{"@type":"WebSite","@id":"https:\/\/www.ihscoring.com\/be\/#website","url":"https:\/\/www.ihscoring.com\/be\/","name":"IHReS","description":"","potentialAction":[{"@type":"SearchAction","target":{"@type":"EntryPoint","urlTemplate":"https:\/\/www.ihscoring.com\/be\/?s={search_term_string}"},"query-input":{"@type":"PropertyValueSpecification","valueRequired":true,"valueName":"search_term_string"}}],"inLanguage":"fi"}]}},"_links":{"self":[{"href":"https:\/\/www.ihscoring.com\/fi\/wp-json\/wp\/v2\/pages\/673","targetHints":{"allow":["GET"]}}],"collection":[{"href":"https:\/\/www.ihscoring.com\/fi\/wp-json\/wp\/v2\/pages"}],"about":[{"href":"https:\/\/www.ihscoring.com\/fi\/wp-json\/wp\/v2\/types\/page"}],"author":[{"embeddable":true,"href":"https:\/\/www.ihscoring.com\/fi\/wp-json\/wp\/v2\/users\/1"}],"replies":[{"embeddable":true,"href":"https:\/\/www.ihscoring.com\/fi\/wp-json\/wp\/v2\/comments?post=673"}],"version-history":[{"count":7,"href":"https:\/\/www.ihscoring.com\/fi\/wp-json\/wp\/v2\/pages\/673\/revisions"}],"predecessor-version":[{"id":3670,"href":"https:\/\/www.ihscoring.com\/fi\/wp-json\/wp\/v2\/pages\/673\/revisions\/3670"}],"wp:attachment":[{"href":"https:\/\/www.ihscoring.com\/fi\/wp-json\/wp\/v2\/media?parent=673"}],"curies":[{"name":"wp","href":"https:\/\/api.w.org\/{rel}","templated":true}]}}