{"id":285,"date":"2019-10-16T08:36:20","date_gmt":"2019-10-16T06:36:20","guid":{"rendered":"https:\/\/www.ihscoring.com\/data-privacy-policy\/"},"modified":"2024-01-19T16:23:28","modified_gmt":"2024-01-19T15:23:28","slug":"politique-de-confidentialite","status":"publish","type":"page","link":"https:\/\/www.ihscoring.com\/fr\/politique-de-confidentialite\/","title":{"rendered":"Politique de confidentialit\u00e9"},"content":{"rendered":"<h2>Protection des donn\u00e9es<\/h2>\n<h3>Politique de confidentialit\u00e9 et cookies<\/h3>\n<p>Merci pour la visite de notre site. Assurer la protection et la s\u00e9curit\u00e9 des donn\u00e9es pour nos clients et utilisateurs est une priorit\u00e9 absolue pour Pierre Fabre .<br \/>\nCette politique de confidentialit\u00e9 d\u00e9crit les informations collect\u00e9es lorsque vous visitez et utilisez notre site Web et comment ces informations sont trait\u00e9es.<br \/>\nVous pouvez vous r\u00e9f\u00e9rer directement aux informations que vous recherchez ci-dessous.<\/p>\n<p>&nbsp;<\/p>\n<h3>Qui sommes-nous ?<\/h3>\n<p>Ce site Web, www.ihscoring.com, est exploit\u00e9 par Pierre Fabre M\u00e9dicament (ci-apr\u00e8s \u00ab\u00a0PFM\u00a0\u00bb ou \u00ab\u00a0Nous\u00a0\u00bb), responsable du traitement des donn\u00e9es qui peuvent \u00eatre recueillies sur votre site Web aux fins d\u00e9crites ci-apr\u00e8s.<br \/>\nNous vous invitons \u00e0 lire attentivement cette politique de confidentialit\u00e9 afin de prendre connaissance des conditions de traitement de vos informations personnelles lorsque vous visitez notre site Web. Veuillez noter qu&rsquo;il peut \u00eatre mis \u00e0 jour \u00e0 tout moment par Pierre Fabre. La date de la r\u00e9vision la plus r\u00e9cente appara\u00eetra sur cette page. Nous vous sugg\u00e9rons de vous y r\u00e9f\u00e9rer r\u00e9guli\u00e8rement.<\/p>\n<p>&nbsp;<\/p>\n<h3>Informations recueillies vous concernant :<\/h3>\n<p>En fonction des services fournis par notre site Web et que vous utilisez, de vos choix et de la configuration de votre terminal (vis-\u00e0-vis des cookies et autres traqueurs), les informations personnelles vous concernant (vos \u00ab\u00a0informations personnelles\u00a0\u00bb) collect\u00e9es et trait\u00e9es par Pierre Fabre comprennent principalement:<\/p>\n<p>\u2022 Lorsque vous visitez notre site Web, notre serveur collecte automatiquement certaines informations g\u00e9n\u00e9r\u00e9es par le navigateur ou les appareils, notamment les suivantes : votre domaine ; Adresse IP ; date, heure et dur\u00e9e de votre visite ; type de navigateur ; syst\u00e8me op\u00e9rateur ; et pages visit\u00e9es<br \/>\n\u2022 Nous n&rsquo;utilisons pas ces informations collect\u00e9es automatiquement pour tenter de vous identifier, et ne les associons pas aux informations personnelles que vous avez fournies volontairement, comme indiqu\u00e9 ci-dessous.<br \/>\n\u2022 Nous pouvons \u00e9galement obtenir des informations personnelles vous concernant aupr\u00e8s de tiers, notamment Google Analytics.<\/p>\n<p>&nbsp;<\/p>\n<h3>Finalit\u00e9s du traitement de vos donn\u00e9es personnelles<\/h3>\n<p>Vous trouverez ci-dessous un aper\u00e7u des finalit\u00e9s pour lesquelles nous traitons vos donn\u00e9es personnelles et les raisons pour lesquelles nous devons les traiter.<\/p>\n<p><img loading=\"lazy\" decoding=\"async\" class=\"img-responsive aligncenter wp-image-394\" src=\"https:\/\/www.ihscoring.com\/wp-content\/uploads\/2019\/11\/Politique-confidentialit\u00e9-tableau-2-300x96.jpg\" alt=\"\" width=\"534\" height=\"171\" srcset=\"https:\/\/www.ihscoring.com\/wp-content\/uploads\/2019\/11\/Politique-confidentialit\u00e9-tableau-2-300x96.jpg 300w, https:\/\/www.ihscoring.com\/wp-content\/uploads\/2019\/11\/Politique-confidentialit\u00e9-tableau-2.jpg 619w\" sizes=\"auto, (max-width: 534px) 100vw, 534px\" \/><\/p>\n<p>&nbsp;<\/p>\n<h3>Communication et Transfert des Donn\u00e9es \u00e0 caract\u00e8re personnel\u00a0:<\/h3>\n<p>Nous faisons partie du groupe mondial Pierre Fabre et, le cas \u00e9ch\u00e9ant nous pouvons \u00eatre amen\u00e9s \u00e0 partager vos informations personnelles avec nos entreprises affili\u00e9es lorsque cela est n\u00e9cessaire aux fins susmentionn\u00e9es. Aucune donn\u00e9e personnelle ne sera transf\u00e9r\u00e9e en dehors du groupe Pierre Fabre.<\/p>\n<p>&nbsp;<\/p>\n<h3>Marketing SMS &amp; emails<\/h3>\n<p>Non applicable.<\/p>\n<p>&nbsp;<\/p>\n<h3>Conservation de vos donn\u00e9es \u00e0 caract\u00e8re personnel<\/h3>\n<p>En r\u00e8gle g\u00e9n\u00e9rale, vos informations personnelles ne sont conserv\u00e9es que pour la dur\u00e9e n\u00e9cessaire \u00e0 la r\u00e9alisation des objectifs pour lesquels elles ont \u00e9t\u00e9 collect\u00e9es (cf. tableau ci-dessus).<br \/>\nLes informations de connexion collect\u00e9es, sous r\u00e9serve de votre consentement, \u00e0 l&rsquo;aide de cookies et autres syst\u00e8mes de suivi mis en \u0153uvre sur notre site, seront conserv\u00e9es conform\u00e9ment aux lois et r\u00e9glementations en vigueur pendant une p\u00e9riode ne d\u00e9passant pas treize (13) mois. Pour plus de d\u00e9tails, voir la section \u00ab\u00a0Cookies\u00a0\u00bb ci-dessous.<br \/>\nIl est possible que nous devions conserver vos donn\u00e9es \u00e0 caract\u00e8re personnel sous forme d\u2019archive au-del\u00e0 de la dur\u00e9e indiqu\u00e9e ci-dessus pour nous conformer aux obligations l\u00e9gales qui nous incombent ou si cela est requis par la loi en vigueur, pour prouver un droit ou un contrat.<br \/>\nLorsque vos informations personnelles ne sont plus n\u00e9cessaires aux fins ou aux archives qui r\u00e9pondent \u00e0 nos obligations l\u00e9gales ou \u00e0 un d\u00e9lai de prescription, nous nous assurons qu\u2019elles soient compl\u00e8tement supprim\u00e9es ou anonymis\u00e9es.<\/p>\n<p>&nbsp;<\/p>\n<h3>Liens externes<\/h3>\n<p>Le site Web peut contenir des liens vers des sites tiers. Etant donn\u00e9 que Pierre Fabre n\u2019exerce pas de contr\u00f4le sur ceux-ci, il n&rsquo;est pas responsable des pratiques de confidentialit\u00e9 de ces sites Web. Nous vous encourageons \u00e0 consulter les politiques de confidentialit\u00e9 de ces sites tiers. Cette politique s&rsquo;applique uniquement aux informations personnelles collect\u00e9es par nos sites Web ou dans le cadre de nos activit\u00e9s commerciales.<\/p>\n<p>&nbsp;<\/p>\n<h3>Vos droits<\/h3>\n<p>Conform\u00e9ment au droit applicable, vous b\u00e9n\u00e9ficiez des droits suivants concernant vos donn\u00e9es \u00e0 caract\u00e8re personnel\u00a0:<br \/>\n\u2022 obtenir une copie de vos informations personnelles ainsi que des informations sur la mani\u00e8re avec laquelle elles sont trait\u00e9es et sur quelle base.<br \/>\n\u2022 effacer vos informations personnelles (dans des circonstances limit\u00e9es, lorsque cela n&rsquo;est plus n\u00e9cessaire compte tenu des finalit\u00e9s pour lesquelles elles ont \u00e9t\u00e9 collect\u00e9es ou trait\u00e9es) ;<br \/>\n\u2022 limiter le traitement de vos informations personnelles dans les cas suivants:<br \/>\n&#8211; l&rsquo;exactitude des renseignements personnels est contest\u00e9e ;<br \/>\n&#8211; le traitement est illicite mais vous vous opposez \u00e0 l\u2019effacement des Informations personnelles;<br \/>\n&#8211; nous n\u2019avons plus besoin des renseignements personnels, mais ils sont encore n\u00e9cessaires pour la constatation, l\u2019exercice ou la d\u00e9fense d\u2019un droit en justice.<br \/>\n\u2022 demander la transportabilit\u00e9 de vos informations personnelles dans un format lisible par une machine \u00e0 un tiers (ou \u00e0 vous) ; si notre traitement est fond\u00e9 sur votre consentement ou sur l\u2019ex\u00e9cution d\u2019un contrat qui avait \u00e9t\u00e9 conclu avec vous ;<br \/>\n\u2022 retirer votre consentement au traitement de vos informations personnelles (lorsque ce traitement est bas\u00e9 sur votre consentement) ;<\/p>\n<p>Vous avez \u00e9galement le droit de d\u00e9poser une plainte aupr\u00e8s de votre autorit\u00e9 de surveillance locale pour la protection des donn\u00e9es.<br \/>\nPour exercer ces droits, veuillez nous contacter en utilisant les informations ci-dessous. Veuillez noter que nous pouvons demander une preuve d\u2019identit\u00e9 et que nous nous r\u00e9servons le droit de facturer des frais lorsque la loi le permet, par exemple si votre demande est manifestement non fond\u00e9e ou excessive. Nous nous efforcerons de r\u00e9pondre \u00e0 votre demande dans les d\u00e9lais impartis.<\/p>\n<p><img loading=\"lazy\" decoding=\"async\" class=\"img-responsive aligncenter wp-image-391\" src=\"https:\/\/www.ihscoring.com\/wp-content\/uploads\/2019\/11\/Politique-confidentialit\u00e9-tableau-1-250x300.jpg\" alt=\"\" width=\"396\" height=\"475\" srcset=\"https:\/\/www.ihscoring.com\/wp-content\/uploads\/2019\/11\/Politique-confidentialit\u00e9-tableau-1-250x300.jpg 250w, https:\/\/www.ihscoring.com\/wp-content\/uploads\/2019\/11\/Politique-confidentialit\u00e9-tableau-1.jpg 431w\" sizes=\"auto, (max-width: 396px) 100vw, 396px\" \/><\/p>\n<p>&nbsp;<\/p>\n<h3>Cookies<\/h3>\n<p><!-- OneTrust Cookies List start --><\/p>\n<div id=\"ot-sdk-cookie-policy\"><\/div>\n<p><!-- OneTrust Cookies List end --><\/p>\n<p>&nbsp;<\/p>\n<h3>Mise \u00e0 jour de la politique de confidentialit\u00e9<\/h3>\n<p>Nous pouvons modifier cette politique de confidentialit\u00e9 \u00e0 tout moment afin de prendre en compte les modifications de la loi et \/ ou de nos pratiques en mati\u00e8re de confidentialit\u00e9.<\/p>\n","protected":false},"excerpt":{"rendered":"<p>Protection des donn\u00e9es Politique de confidentialit\u00e9 et cookies Merci pour la visite de notre site. Assurer la protection et la s\u00e9curit\u00e9 des donn\u00e9es pour nos clients et utilisateurs est une priorit\u00e9 absolue pour Pierre Fabre . Cette politique de confidentialit\u00e9 d\u00e9crit les informations collect\u00e9es lorsque vous visitez et utilisez notre site Web et comment ces [&hellip;]<\/p>\n","protected":false},"author":1,"featured_media":0,"parent":0,"menu_order":0,"comment_status":"closed","ping_status":"closed","template":"","meta":{"_acf_changed":false,"footnotes":""},"class_list":["post-285","page","type-page","status-publish","hentry"],"acf":[],"yoast_head":"<!-- This site is optimized with the Yoast SEO plugin v24.2 - https:\/\/yoast.com\/wordpress\/plugins\/seo\/ -->\n<title>Politique de confidentialit\u00e9 - IHReS<\/title>\n<meta name=\"robots\" content=\"index, follow, max-snippet:-1, max-image-preview:large, max-video-preview:-1\" \/>\n<link rel=\"canonical\" href=\"https:\/\/www.ihscoring.com\/fr\/politique-de-confidentialite\/\" \/>\n<meta property=\"og:locale\" content=\"fr_FR\" \/>\n<meta property=\"og:type\" content=\"article\" \/>\n<meta property=\"og:title\" content=\"Politique de confidentialit\u00e9 - IHReS\" \/>\n<meta property=\"og:description\" content=\"Protection des donn\u00e9es Politique de confidentialit\u00e9 et cookies Merci pour la visite de notre site. Assurer la protection et la s\u00e9curit\u00e9 des donn\u00e9es pour nos clients et utilisateurs est une priorit\u00e9 absolue pour Pierre Fabre . Cette politique de confidentialit\u00e9 d\u00e9crit les informations collect\u00e9es lorsque vous visitez et utilisez notre site Web et comment ces [&hellip;]\" \/>\n<meta property=\"og:url\" content=\"https:\/\/www.ihscoring.com\/fr\/politique-de-confidentialite\/\" \/>\n<meta property=\"og:site_name\" content=\"IHReS\" \/>\n<meta property=\"article:modified_time\" content=\"2024-01-19T15:23:28+00:00\" \/>\n<meta name=\"twitter:card\" content=\"summary_large_image\" \/>\n<meta name=\"twitter:label1\" content=\"Dur\u00e9e de lecture estim\u00e9e\" \/>\n\t<meta name=\"twitter:data1\" content=\"5 minutes\" \/>\n<script type=\"application\/ld+json\" class=\"yoast-schema-graph\">{\"@context\":\"https:\/\/schema.org\",\"@graph\":[{\"@type\":\"WebPage\",\"@id\":\"https:\/\/www.ihscoring.com\/fr\/politique-de-confidentialite\/\",\"url\":\"https:\/\/www.ihscoring.com\/fr\/politique-de-confidentialite\/\",\"name\":\"Politique de confidentialit\u00e9 - IHReS\",\"isPartOf\":{\"@id\":\"https:\/\/www.ihscoring.com\/be\/#website\"},\"datePublished\":\"2019-10-16T06:36:20+00:00\",\"dateModified\":\"2024-01-19T15:23:28+00:00\",\"breadcrumb\":{\"@id\":\"https:\/\/www.ihscoring.com\/fr\/politique-de-confidentialite\/#breadcrumb\"},\"inLanguage\":\"fr-FR\",\"potentialAction\":[{\"@type\":\"ReadAction\",\"target\":[\"https:\/\/www.ihscoring.com\/fr\/politique-de-confidentialite\/\"]}]},{\"@type\":\"BreadcrumbList\",\"@id\":\"https:\/\/www.ihscoring.com\/fr\/politique-de-confidentialite\/#breadcrumb\",\"itemListElement\":[{\"@type\":\"ListItem\",\"position\":1,\"name\":\"Home\",\"item\":\"https:\/\/www.ihscoring.com\/fr\/\"},{\"@type\":\"ListItem\",\"position\":2,\"name\":\"Politique de confidentialit\u00e9\"}]},{\"@type\":\"WebSite\",\"@id\":\"https:\/\/www.ihscoring.com\/be\/#website\",\"url\":\"https:\/\/www.ihscoring.com\/be\/\",\"name\":\"IHReS\",\"description\":\"\",\"potentialAction\":[{\"@type\":\"SearchAction\",\"target\":{\"@type\":\"EntryPoint\",\"urlTemplate\":\"https:\/\/www.ihscoring.com\/be\/?s={search_term_string}\"},\"query-input\":{\"@type\":\"PropertyValueSpecification\",\"valueRequired\":true,\"valueName\":\"search_term_string\"}}],\"inLanguage\":\"fr-FR\"}]}<\/script>\n<!-- \/ Yoast SEO plugin. -->","yoast_head_json":{"title":"Politique de confidentialit\u00e9 - IHReS","robots":{"index":"index","follow":"follow","max-snippet":"max-snippet:-1","max-image-preview":"max-image-preview:large","max-video-preview":"max-video-preview:-1"},"canonical":"https:\/\/www.ihscoring.com\/fr\/politique-de-confidentialite\/","og_locale":"fr_FR","og_type":"article","og_title":"Politique de confidentialit\u00e9 - IHReS","og_description":"Protection des donn\u00e9es Politique de confidentialit\u00e9 et cookies Merci pour la visite de notre site. Assurer la protection et la s\u00e9curit\u00e9 des donn\u00e9es pour nos clients et utilisateurs est une priorit\u00e9 absolue pour Pierre Fabre . Cette politique de confidentialit\u00e9 d\u00e9crit les informations collect\u00e9es lorsque vous visitez et utilisez notre site Web et comment ces [&hellip;]","og_url":"https:\/\/www.ihscoring.com\/fr\/politique-de-confidentialite\/","og_site_name":"IHReS","article_modified_time":"2024-01-19T15:23:28+00:00","twitter_card":"summary_large_image","twitter_misc":{"Dur\u00e9e de lecture estim\u00e9e":"5 minutes"},"schema":{"@context":"https:\/\/schema.org","@graph":[{"@type":"WebPage","@id":"https:\/\/www.ihscoring.com\/fr\/politique-de-confidentialite\/","url":"https:\/\/www.ihscoring.com\/fr\/politique-de-confidentialite\/","name":"Politique de confidentialit\u00e9 - IHReS","isPartOf":{"@id":"https:\/\/www.ihscoring.com\/be\/#website"},"datePublished":"2019-10-16T06:36:20+00:00","dateModified":"2024-01-19T15:23:28+00:00","breadcrumb":{"@id":"https:\/\/www.ihscoring.com\/fr\/politique-de-confidentialite\/#breadcrumb"},"inLanguage":"fr-FR","potentialAction":[{"@type":"ReadAction","target":["https:\/\/www.ihscoring.com\/fr\/politique-de-confidentialite\/"]}]},{"@type":"BreadcrumbList","@id":"https:\/\/www.ihscoring.com\/fr\/politique-de-confidentialite\/#breadcrumb","itemListElement":[{"@type":"ListItem","position":1,"name":"Home","item":"https:\/\/www.ihscoring.com\/fr\/"},{"@type":"ListItem","position":2,"name":"Politique de confidentialit\u00e9"}]},{"@type":"WebSite","@id":"https:\/\/www.ihscoring.com\/be\/#website","url":"https:\/\/www.ihscoring.com\/be\/","name":"IHReS","description":"","potentialAction":[{"@type":"SearchAction","target":{"@type":"EntryPoint","urlTemplate":"https:\/\/www.ihscoring.com\/be\/?s={search_term_string}"},"query-input":{"@type":"PropertyValueSpecification","valueRequired":true,"valueName":"search_term_string"}}],"inLanguage":"fr-FR"}]}},"_links":{"self":[{"href":"https:\/\/www.ihscoring.com\/fr\/wp-json\/wp\/v2\/pages\/285","targetHints":{"allow":["GET"]}}],"collection":[{"href":"https:\/\/www.ihscoring.com\/fr\/wp-json\/wp\/v2\/pages"}],"about":[{"href":"https:\/\/www.ihscoring.com\/fr\/wp-json\/wp\/v2\/types\/page"}],"author":[{"embeddable":true,"href":"https:\/\/www.ihscoring.com\/fr\/wp-json\/wp\/v2\/users\/1"}],"replies":[{"embeddable":true,"href":"https:\/\/www.ihscoring.com\/fr\/wp-json\/wp\/v2\/comments?post=285"}],"version-history":[{"count":13,"href":"https:\/\/www.ihscoring.com\/fr\/wp-json\/wp\/v2\/pages\/285\/revisions"}],"predecessor-version":[{"id":3652,"href":"https:\/\/www.ihscoring.com\/fr\/wp-json\/wp\/v2\/pages\/285\/revisions\/3652"}],"wp:attachment":[{"href":"https:\/\/www.ihscoring.com\/fr\/wp-json\/wp\/v2\/media?parent=285"}],"curies":[{"name":"wp","href":"https:\/\/api.w.org\/{rel}","templated":true}]}}