{"id":2540,"date":"2019-10-16T08:36:20","date_gmt":"2019-10-16T06:36:20","guid":{"rendered":"https:\/\/www.ihscoring.com\/data-privacy-policy\/"},"modified":"2024-01-19T16:21:42","modified_gmt":"2024-01-19T15:21:42","slug":"data-privacy-policy","status":"publish","type":"page","link":"https:\/\/www.ihscoring.com\/hr\/data-privacy-policy\/","title":{"rendered":"Za\u0161tita podataka"},"content":{"rendered":"<h2>Za\u0161tita podataka<\/h2>\n<h3>Pravila o za\u0161titi privatnosti i pravila o kola\u010di\u0107ima<\/h3>\n<p>Zahvaljujemo na posjetu na\u0161oj internetskoj stranici. Dru\u0161tvu Pierre Fabre prioritet je osigurati za\u0161titu podataka i sigurnost podataka za na\u0161e klijente i korisnike.<br \/>\nU ovim Pravilima o za\u0161titi privatnosti obja\u0161njava se koji se podaci prikupljaju kada posje\u0107ujete i koristite na\u0161u internetsku stranicu te kako se ti podaci obra\u0111uju.<br \/>\nU nastavku mo\u017eete izravno pregledati informacije koje vas zanimaju.<\/p>\n<p>&nbsp;<\/p>\n<h3>Tko smo mi?<\/h3>\n<p>Ovom internetskom stranicom, www.ihscoring.com, upravlja dru\u0161tvo Pierre Fabre M\u00e9dicament (dalje u tekstu \u201ePFM\u201d ili \u201emi\u201d) koje je voditelj obrade svih osobnih podataka koje mo\u017eemo o vama prikupljati na internetskoj stranici u svrhe opisane u nastavku.<br \/>\nPozivamo vas da pa\u017eljivo pro\u010ditate ova Pravila o za\u0161titi privatnosti kako biste se upoznali s uvjetima obrade va\u0161ih Osobnih podataka prilikom posjeta na\u0161oj internetskoj stranici. Napominjemo da Pierre Fabre u bilo kojem trenutku mo\u017ee izmijeniti ova Pravila. Datum najnovije verzije Pravila navodi se na ovoj stranici. Predla\u017eemo da ga redovito provjeravate.<\/p>\n<p>&nbsp;<\/p>\n<h3>Podaci koje o vama prikupljamo:<\/h3>\n<p>Ovisno o uslugama koje se pru\u017eaju na na\u0161oj internetskoj stranici i koje koristite, va\u0161im odabranim stavkama i konfiguraciji va\u0161eg ure\u0111aja (s obzirom na kola\u010di\u0107e i druge alate za pra\u0107enje), Osobni podaci o vama (va\u0161i \u201eOsobni podaci\u201d) koje Pierre Fabre prikuplja i obra\u0111uje uglavnom uklju\u010duju sljede\u0107e:<\/p>\n<ul>\n<li>Prilikom posjeta na\u0161e internetske stranice, na\u0161 poslu\u017eitelj automatski prikuplja odre\u0111ene podatke koje generira preglednik ili ure\u0111aj, uklju\u010duju\u0107i, ali ne ograni\u010davaju\u0107i se na: va\u0161u domenu, IP adresu, datum, vrijeme i trajanje va\u0161eg posjeta, vrstu preglednika, operativni sustav i broj posjeta internetskoj stranici.<\/li>\n<li>Te automatski prikupljene podatke ne koristimo za utvr\u0111ivanje va\u0161eg identiteta te ih ne povezujemo s Osobnim podacima koje pru\u017eate dobrovoljno, kako se navodi u nastavku.<\/li>\n<li>Osobne podatke o vama mo\u017eemo pribaviti i od tre\u0107ih osoba, odnosno putem Google Analytics.<\/li>\n<\/ul>\n<p>&nbsp;<\/p>\n<h3>Svrhe obrade va\u0161ih Osobnih podataka<\/h3>\n<p>U nastavku navodimo pregled svrha u koje obra\u0111ujemo va\u0161e Osobne podatke te razloge za\u0161to ih trebamo obra\u0111ivati.<\/p>\n<p><img loading=\"lazy\" decoding=\"async\" class=\"wp-image-2744 aligncenter img-responsive\" src=\"https:\/\/www.ihscoring.com\/wp-content\/uploads\/2020\/07\/Screenshot_1-1-300x135.png\" alt=\"\" width=\"744\" height=\"335\" srcset=\"https:\/\/www.ihscoring.com\/wp-content\/uploads\/2020\/07\/Screenshot_1-1-300x135.png 300w, https:\/\/www.ihscoring.com\/wp-content\/uploads\/2020\/07\/Screenshot_1-1-768x346.png 768w, https:\/\/www.ihscoring.com\/wp-content\/uploads\/2020\/07\/Screenshot_1-1-1024x462.png 1024w, https:\/\/www.ihscoring.com\/wp-content\/uploads\/2020\/07\/Screenshot_1-1.png 1636w\" sizes=\"auto, (max-width: 744px) 100vw, 744px\" \/><\/p>\n<h3>Otkrivanje i prijenos Osobnih podataka<\/h3>\n<p>Mi smo \u010dlan globalne grupe Pierre Fabre te \u0107e povremeno biti potrebno razmjenjivati va\u0161e Osobne podatke s na\u0161im povezanim dru\u0161tvima kada je to potrebno u prethodno navedene svrhe. Osobni podaci ne\u0107e se prenositi izvan grupe Pierre Fabre.<\/p>\n<h3>Marketin\u0161ki SMS-ovi i e-poruke<\/h3>\n<p>Nije primjenjivo.<\/p>\n<h3>\u010cuvanje va\u0161ih Osobnih podataka<\/h3>\n<p>Va\u0161e Osobne podatke op\u0107enito \u010duvamo onoliko dugo koliko je potrebno za ispunjenje svrha u koje su Osobni podaci prikupljeni (pogledajte prethodnu tablicu).<br \/>\nPodaci o povezivanju koji se prikupljaju, s osnove va\u0161e privole, kori\u0161tenjem kola\u010di\u0107a i drugih alata za pra\u0107enje koji su ugra\u0111eni u na\u0161u internetsku stranicu, \u010duvaju se u skladu s primjenjivim zakonskim propisima u trajanju koje ne prelazi trinaest (13) mjeseci. Za vi\u0161e pojedinosti vidi odjeljak \u201eKola\u010di\u0107i\u201d u nastavku.<br \/>\nMo\u017eda \u0107emo morati \u010duvati va\u0161e Osobne podatke u arhivi i dulje od prethodno navedenog roka kako bismo ispunili na\u0161e zakonske obveze ili ako je to nu\u017eno u skladu s primjenjivim rokovima zastare, za potrebe dokazivanja prava ili ugovora.<br \/>\nKada va\u0161i Osobni podaci vi\u0161e nisu potrebni u navedene svrhe ili za potrebe arhive koju moramo \u010duvati u skladu s na\u0161im zakonskim obvezama ili rokovima zastare, osiguravamo da se oni u potpunosti bri\u0161u ili anonimiziraju.<\/p>\n<p>&nbsp;<\/p>\n<h3>Vanjske poveznice<\/h3>\n<p>Internetska stranica mo\u017ee sadr\u017eavati poveznice na internetske stranice tre\u0107ih osoba. Budu\u0107i da dru\u0161tvo Pierre Fabre ne kontrolira i nije odgovorno za za\u0161titu privatnosti na tim internetskim stranicama, preporu\u010damo da pregledate pravila o za\u0161titi privatnosti na tim internetskim stranicama tre\u0107ih osoba. Ova se pravila primjenjuju isklju\u010divo na Osobne podatke koji se prikupljaju na na\u0161im internetskim stranicama ili u provo\u0111enju na\u0161ih poslovnih aktivnosti.<\/p>\n<p>&nbsp;<\/p>\n<h3>Va\u0161a prava<\/h3>\n<p>U skladu s primjenjivim pravom, mo\u017eete imati neka ili sva od sljede\u0107ih prava u odnosu na va\u0161e Osobne podatke:<\/p>\n<ul>\n<li>pravo da vam se pru\u017ei kopija va\u0161ih Osobnih podataka, zajedno s informacijama o tome kako i na kojoj osnovi se ti Osobni podaci obra\u0111uju<\/li>\n<li>pravo na brisanje va\u0161ih Osobnih podataka (u ograni\u010denim okolnostima, ako oni vi\u0161e nisu potrebni u odnosu na svrhe u koje su prikupljeni ili obra\u0111ivani)<\/li>\n<li>pravo na ograni\u010davanje obrade va\u0161ih Osobnih podataka u sljede\u0107im slu\u010dajevima:\n<ul>\n<li>ako je osporena to\u010dnost Osobnih podataka<\/li>\n<li>ako je obrada nezakonita, ali se protivite brisanju Osobnih podataka<\/li>\n<li>ako nam Osobni podaci vi\u0161e nisu potrebni, ali su jo\u0161 uvijek nu\u017eni za postavljanje, ostvarivanje ili obranu pravnih zahtjeva.<\/li>\n<\/ul>\n<\/li>\n<li>pravo na prenosivost va\u0161ih Osobnih podataka u strojno \u010ditljivom formatu tre\u0107oj osobi (ili vama) kada se na\u0161a obrada temelji na va\u0161oj privoli ili izvr\u0161avanju ugovora sklopljenog s vama<\/li>\n<li>pravo na povla\u010denje va\u0161e privole na na\u0161u obradu va\u0161ih Osobnih podataka (ako se ta obrada temelji na va\u0161oj privoli).<\/li>\n<\/ul>\n<p>Tako\u0111er imate pravo podnijeti pritu\u017ebu va\u0161em nacionalnom nadzornom tijelu za za\u0161titu podataka [Agencija za za\u0161titu osobnih podataka].<br \/>\nKako biste ostvarili ta prava, molimo vas da nam se obratite na adrese navedene u nastavku. Napominjemo da mo\u017eemo zatra\u017eiti dokaz o identitetu te zadr\u017eavamo pravo naplatiti naknadu ako je to dopu\u0161teno u skladu sa zakonom, na primjer ako je va\u0161 zahtjev evidentno neutemeljen ili prekomjeran. Nastojat \u0107emo na va\u0161 zahtjev odgovoriti u primjenjivim rokovima.<\/p>\n<p><img loading=\"lazy\" decoding=\"async\" class=\"img-responsive aligncenter wp-image-2765\" src=\"https:\/\/www.ihscoring.com\/wp-content\/uploads\/2020\/07\/Screenshot_2-271x300.png\" alt=\"\" width=\"428\" height=\"474\" srcset=\"https:\/\/www.ihscoring.com\/wp-content\/uploads\/2020\/07\/Screenshot_2-271x300.png 271w, https:\/\/www.ihscoring.com\/wp-content\/uploads\/2020\/07\/Screenshot_2-768x850.png 768w, https:\/\/www.ihscoring.com\/wp-content\/uploads\/2020\/07\/Screenshot_2-925x1024.png 925w, https:\/\/www.ihscoring.com\/wp-content\/uploads\/2020\/07\/Screenshot_2.png 955w\" sizes=\"auto, (max-width: 428px) 100vw, 428px\" \/><\/p>\n<p>&nbsp;<\/p>\n<h3>Kola\u010di\u0107i<\/h3>\n<p><!-- OneTrust Cookies List start --><\/p>\n<div id=\"ot-sdk-cookie-policy\"><\/div>\n<p><!-- OneTrust Cookies List end --><\/p>\n<p>&nbsp;<\/p>\n<h3>Izmjene pravila o za\u0161titi privatnosti<\/h3>\n<p>Povremeno mo\u017eemo izmijeniti ova Pravila o za\u0161titi privatnosti kako bismo u obzir uzeli izmjene u zakonskim propisima i\/ili na\u0161im praksama za\u0161tite privatnosti.<br \/>\nPosljednji put izmijenjeno: [05. 06. 2020.]<\/p>\n","protected":false},"excerpt":{"rendered":"<p>Za\u0161tita podataka Pravila o za\u0161titi privatnosti i pravila o kola\u010di\u0107ima Zahvaljujemo na posjetu na\u0161oj internetskoj stranici. Dru\u0161tvu Pierre Fabre prioritet je osigurati za\u0161titu podataka i sigurnost podataka za na\u0161e klijente i korisnike. U ovim Pravilima o za\u0161titi privatnosti obja\u0161njava se koji se podaci prikupljaju kada posje\u0107ujete i koristite na\u0161u internetsku stranicu te kako se ti [&hellip;]<\/p>\n","protected":false},"author":1,"featured_media":0,"parent":0,"menu_order":0,"comment_status":"closed","ping_status":"closed","template":"","meta":{"_acf_changed":false,"footnotes":""},"class_list":["post-2540","page","type-page","status-publish","hentry"],"acf":[],"yoast_head":"<!-- This site is optimized with the Yoast SEO plugin v24.2 - https:\/\/yoast.com\/wordpress\/plugins\/seo\/ -->\n<title>Za\u0161tita podataka - IHReS<\/title>\n<meta name=\"robots\" content=\"index, follow, max-snippet:-1, max-image-preview:large, max-video-preview:-1\" \/>\n<link rel=\"canonical\" href=\"https:\/\/www.ihscoring.com\/hr\/data-privacy-policy\/\" \/>\n<meta property=\"og:locale\" content=\"hr_HR\" \/>\n<meta property=\"og:type\" content=\"article\" \/>\n<meta property=\"og:title\" content=\"Za\u0161tita podataka - IHReS\" \/>\n<meta property=\"og:description\" content=\"Za\u0161tita podataka Pravila o za\u0161titi privatnosti i pravila o kola\u010di\u0107ima Zahvaljujemo na posjetu na\u0161oj internetskoj stranici. Dru\u0161tvu Pierre Fabre prioritet je osigurati za\u0161titu podataka i sigurnost podataka za na\u0161e klijente i korisnike. U ovim Pravilima o za\u0161titi privatnosti obja\u0161njava se koji se podaci prikupljaju kada posje\u0107ujete i koristite na\u0161u internetsku stranicu te kako se ti [&hellip;]\" \/>\n<meta property=\"og:url\" content=\"https:\/\/www.ihscoring.com\/hr\/data-privacy-policy\/\" \/>\n<meta property=\"og:site_name\" content=\"IHReS\" \/>\n<meta property=\"article:modified_time\" content=\"2024-01-19T15:21:42+00:00\" \/>\n<meta property=\"og:image\" content=\"https:\/\/www.ihscoring.com\/wp-content\/uploads\/2020\/07\/Screenshot_1-1-300x135.png\" \/>\n<meta name=\"twitter:card\" content=\"summary_large_image\" \/>\n<meta name=\"twitter:label1\" content=\"Est. reading time\" \/>\n\t<meta name=\"twitter:data1\" content=\"5 minutes\" \/>\n<script type=\"application\/ld+json\" class=\"yoast-schema-graph\">{\"@context\":\"https:\/\/schema.org\",\"@graph\":[{\"@type\":\"WebPage\",\"@id\":\"https:\/\/www.ihscoring.com\/hr\/data-privacy-policy\/\",\"url\":\"https:\/\/www.ihscoring.com\/hr\/data-privacy-policy\/\",\"name\":\"Za\u0161tita podataka - IHReS\",\"isPartOf\":{\"@id\":\"https:\/\/www.ihscoring.com\/be\/#website\"},\"primaryImageOfPage\":{\"@id\":\"https:\/\/www.ihscoring.com\/hr\/data-privacy-policy\/#primaryimage\"},\"image\":{\"@id\":\"https:\/\/www.ihscoring.com\/hr\/data-privacy-policy\/#primaryimage\"},\"thumbnailUrl\":\"https:\/\/www.ihscoring.com\/wp-content\/uploads\/2020\/07\/Screenshot_1-1-300x135.png\",\"datePublished\":\"2019-10-16T06:36:20+00:00\",\"dateModified\":\"2024-01-19T15:21:42+00:00\",\"breadcrumb\":{\"@id\":\"https:\/\/www.ihscoring.com\/hr\/data-privacy-policy\/#breadcrumb\"},\"inLanguage\":\"hr-HR\",\"potentialAction\":[{\"@type\":\"ReadAction\",\"target\":[\"https:\/\/www.ihscoring.com\/hr\/data-privacy-policy\/\"]}]},{\"@type\":\"ImageObject\",\"inLanguage\":\"hr-HR\",\"@id\":\"https:\/\/www.ihscoring.com\/hr\/data-privacy-policy\/#primaryimage\",\"url\":\"https:\/\/www.ihscoring.com\/wp-content\/uploads\/2020\/07\/Screenshot_1-1-300x135.png\",\"contentUrl\":\"https:\/\/www.ihscoring.com\/wp-content\/uploads\/2020\/07\/Screenshot_1-1-300x135.png\"},{\"@type\":\"BreadcrumbList\",\"@id\":\"https:\/\/www.ihscoring.com\/hr\/data-privacy-policy\/#breadcrumb\",\"itemListElement\":[{\"@type\":\"ListItem\",\"position\":1,\"name\":\"Home\",\"item\":\"https:\/\/www.ihscoring.com\/hr\/\"},{\"@type\":\"ListItem\",\"position\":2,\"name\":\"Za\u0161tita podataka\"}]},{\"@type\":\"WebSite\",\"@id\":\"https:\/\/www.ihscoring.com\/be\/#website\",\"url\":\"https:\/\/www.ihscoring.com\/be\/\",\"name\":\"IHReS\",\"description\":\"\",\"potentialAction\":[{\"@type\":\"SearchAction\",\"target\":{\"@type\":\"EntryPoint\",\"urlTemplate\":\"https:\/\/www.ihscoring.com\/be\/?s={search_term_string}\"},\"query-input\":{\"@type\":\"PropertyValueSpecification\",\"valueRequired\":true,\"valueName\":\"search_term_string\"}}],\"inLanguage\":\"hr-HR\"}]}<\/script>\n<!-- \/ Yoast SEO plugin. -->","yoast_head_json":{"title":"Za\u0161tita podataka - IHReS","robots":{"index":"index","follow":"follow","max-snippet":"max-snippet:-1","max-image-preview":"max-image-preview:large","max-video-preview":"max-video-preview:-1"},"canonical":"https:\/\/www.ihscoring.com\/hr\/data-privacy-policy\/","og_locale":"hr_HR","og_type":"article","og_title":"Za\u0161tita podataka - IHReS","og_description":"Za\u0161tita podataka Pravila o za\u0161titi privatnosti i pravila o kola\u010di\u0107ima Zahvaljujemo na posjetu na\u0161oj internetskoj stranici. Dru\u0161tvu Pierre Fabre prioritet je osigurati za\u0161titu podataka i sigurnost podataka za na\u0161e klijente i korisnike. U ovim Pravilima o za\u0161titi privatnosti obja\u0161njava se koji se podaci prikupljaju kada posje\u0107ujete i koristite na\u0161u internetsku stranicu te kako se ti [&hellip;]","og_url":"https:\/\/www.ihscoring.com\/hr\/data-privacy-policy\/","og_site_name":"IHReS","article_modified_time":"2024-01-19T15:21:42+00:00","og_image":[{"url":"https:\/\/www.ihscoring.com\/wp-content\/uploads\/2020\/07\/Screenshot_1-1-300x135.png","type":"","width":"","height":""}],"twitter_card":"summary_large_image","twitter_misc":{"Est. reading time":"5 minutes"},"schema":{"@context":"https:\/\/schema.org","@graph":[{"@type":"WebPage","@id":"https:\/\/www.ihscoring.com\/hr\/data-privacy-policy\/","url":"https:\/\/www.ihscoring.com\/hr\/data-privacy-policy\/","name":"Za\u0161tita podataka - IHReS","isPartOf":{"@id":"https:\/\/www.ihscoring.com\/be\/#website"},"primaryImageOfPage":{"@id":"https:\/\/www.ihscoring.com\/hr\/data-privacy-policy\/#primaryimage"},"image":{"@id":"https:\/\/www.ihscoring.com\/hr\/data-privacy-policy\/#primaryimage"},"thumbnailUrl":"https:\/\/www.ihscoring.com\/wp-content\/uploads\/2020\/07\/Screenshot_1-1-300x135.png","datePublished":"2019-10-16T06:36:20+00:00","dateModified":"2024-01-19T15:21:42+00:00","breadcrumb":{"@id":"https:\/\/www.ihscoring.com\/hr\/data-privacy-policy\/#breadcrumb"},"inLanguage":"hr-HR","potentialAction":[{"@type":"ReadAction","target":["https:\/\/www.ihscoring.com\/hr\/data-privacy-policy\/"]}]},{"@type":"ImageObject","inLanguage":"hr-HR","@id":"https:\/\/www.ihscoring.com\/hr\/data-privacy-policy\/#primaryimage","url":"https:\/\/www.ihscoring.com\/wp-content\/uploads\/2020\/07\/Screenshot_1-1-300x135.png","contentUrl":"https:\/\/www.ihscoring.com\/wp-content\/uploads\/2020\/07\/Screenshot_1-1-300x135.png"},{"@type":"BreadcrumbList","@id":"https:\/\/www.ihscoring.com\/hr\/data-privacy-policy\/#breadcrumb","itemListElement":[{"@type":"ListItem","position":1,"name":"Home","item":"https:\/\/www.ihscoring.com\/hr\/"},{"@type":"ListItem","position":2,"name":"Za\u0161tita podataka"}]},{"@type":"WebSite","@id":"https:\/\/www.ihscoring.com\/be\/#website","url":"https:\/\/www.ihscoring.com\/be\/","name":"IHReS","description":"","potentialAction":[{"@type":"SearchAction","target":{"@type":"EntryPoint","urlTemplate":"https:\/\/www.ihscoring.com\/be\/?s={search_term_string}"},"query-input":{"@type":"PropertyValueSpecification","valueRequired":true,"valueName":"search_term_string"}}],"inLanguage":"hr-HR"}]}},"_links":{"self":[{"href":"https:\/\/www.ihscoring.com\/hr\/wp-json\/wp\/v2\/pages\/2540","targetHints":{"allow":["GET"]}}],"collection":[{"href":"https:\/\/www.ihscoring.com\/hr\/wp-json\/wp\/v2\/pages"}],"about":[{"href":"https:\/\/www.ihscoring.com\/hr\/wp-json\/wp\/v2\/types\/page"}],"author":[{"embeddable":true,"href":"https:\/\/www.ihscoring.com\/hr\/wp-json\/wp\/v2\/users\/1"}],"replies":[{"embeddable":true,"href":"https:\/\/www.ihscoring.com\/hr\/wp-json\/wp\/v2\/comments?post=2540"}],"version-history":[{"count":10,"href":"https:\/\/www.ihscoring.com\/hr\/wp-json\/wp\/v2\/pages\/2540\/revisions"}],"predecessor-version":[{"id":3649,"href":"https:\/\/www.ihscoring.com\/hr\/wp-json\/wp\/v2\/pages\/2540\/revisions\/3649"}],"wp:attachment":[{"href":"https:\/\/www.ihscoring.com\/hr\/wp-json\/wp\/v2\/media?parent=2540"}],"curies":[{"name":"wp","href":"https:\/\/api.w.org\/{rel}","templated":true}]}}