{"id":1063,"date":"2020-01-21T11:33:31","date_gmt":"2020-01-21T10:33:31","guid":{"rendered":"https:\/\/www.ihscoring.com\/?page_id=1063"},"modified":"2024-01-19T16:25:03","modified_gmt":"2024-01-19T15:25:03","slug":"protezione-dei-dati","status":"publish","type":"page","link":"https:\/\/www.ihscoring.com\/it\/protezione-dei-dati\/","title":{"rendered":"Protezione dei dati"},"content":{"rendered":"<h2>Protezione dei dati<\/h2>\n<h3>Informativa sulla privacy e sui cookie<\/h3>\n<p>Grazie per avere visitato il nostro Sito web. Pierre Fabre considera una priorit\u00e0 assoluta garantire la protezione e la sicurezza dei dati di clienti e utenti.<br \/>\nLa presente Informativa sulla privacy spiega quali dati vengono raccolti quando Lei visita e utilizza il nostro Sito web e come vengono trattati.<br \/>\nQui di seguito pu\u00f2 consultare direttamente le informazioni che sta cercando.<\/p>\n<h3>Chi siamo?<\/h3>\n<p>Il presente Sito web www.ihscoring.com \u00e8 gestito da Pierre Fabre M\u00e9dicament (di seguito, &#8220;PFM&#8221; o &#8220;Noi\u201d), titolare del trattamento dei Dati personali dell\u2019utente che possono essere raccolti sul Sito web per le finalit\u00e0 descritte di seguito.<br \/>\nLa invitiamo a leggere attentamente la presente Informativa sulla privacy per conoscere le condizioni del trattamento dei Suoi Dati personali quando visita il nostro Sito web. Si prega di tenere presente che Pierre Fabre potrebbe aggiornare il Sito web in qualsiasi momento. La data dell&#8217;ultima revisione apparir\u00e0 su questa pagina. Consigliamo di consultare periodicamente questa pagina.<\/p>\n<h3>Quali informazioni raccogliamo:<\/h3>\n<p>A seconda dei servizi forniti dal nostro Sito web e da Lei utilizzati, delle Sue scelte e della configurazione del Suo terminale (con riferimento ai cookie e ad altri localizzatori), i Dati personali che La riguardano (i Suoi \u201cDati personali&#8221;) raccolti e trattati da Pierre Fabre consistono principalmente in quanto di seguito descritto:<\/p>\n<ul>\n<li>non utilizziamo questi dati raccolti automaticamente per tentare di identificarLa e non li associamo ai Dati personali che Lei fornisce volontariamente, come indicato di seguito;<\/li>\n<li>possiamo ottenere Dati personali che La riguardano anche da terze parti, in particolare da Google Analytics.<\/li>\n<\/ul>\n<p>&nbsp;<\/p>\n<h3>Finalit\u00e0 del trattamento dei Dati personali<\/h3>\n<p>Di seguito viene offerta una panoramica delle finalit\u00e0 per cui trattiamo i Dati personali e dei motivi per cui dobbiamo farlo.<\/p>\n<p><img loading=\"lazy\" decoding=\"async\" class=\"img-responsive aligncenter wp-image-1068\" src=\"https:\/\/www.ihscoring.com\/wp-content\/uploads\/2020\/01\/Screenshot_1-5-300x68.png\" alt=\"\" width=\"605\" height=\"137\" srcset=\"https:\/\/www.ihscoring.com\/wp-content\/uploads\/2020\/01\/Screenshot_1-5-300x68.png 300w, https:\/\/www.ihscoring.com\/wp-content\/uploads\/2020\/01\/Screenshot_1-5-768x175.png 768w, https:\/\/www.ihscoring.com\/wp-content\/uploads\/2020\/01\/Screenshot_1-5-1024x234.png 1024w, https:\/\/www.ihscoring.com\/wp-content\/uploads\/2020\/01\/Screenshot_1-5.png 1061w\" sizes=\"auto, (max-width: 605px) 100vw, 605px\" \/><\/p>\n<h3>Divulgazione e trasferimento dei Dati personali<\/h3>\n<p>Facciamo parte del gruppo internazionale Pierre Fabre e di volta in volta sar\u00e0 necessario condividere i Suoi Dati personali con le nostre aziende affiliate ove richiesto per conseguire le finalit\u00e0 sopra elencate.<br \/>\nNessun Dato personale sar\u00e0 trasferito al di fuori del gruppo Pierre Fabre.<\/p>\n<h3>SMS e mail di marketing<\/h3>\n<p>Non applicable.<\/p>\n<h3>Conservazione dei Dati personali<\/h3>\n<p>Come regola generale conserviamo i Dati personali solo per il tempo necessario a soddisfare le finalit\u00e0 per le quali sono stati raccolti (vedi tabella sopra).<br \/>\nI dati relativi alla connessione che vengono raccolti, previo Suo consenso, utilizzando cookie e altri localizzatori implementati sul nostro Sito web, devono essere conservati in conformit\u00e0 con le leggi e le normative vigenti per un periodo di tempo non superiore a tredici (13) mesi. Per maggiori dettagli, consultare la sezione &#8220;Cookie&#8221; alla fine dell\u2019Informativa sulla privacy.<br \/>\nPotrebbe essere necessario archiviare i Suoi Dati personali per un periodo di tempo superiore al termine sopra indicato per ottemperare ai nostri obblighi legali o laddove richiesto dal termine di prescrizione vigente, quale prova di un diritto o contratto.<br \/>\nQuando non siano pi\u00f9 necessari per le finalit\u00e0 o le modalit\u00e0 di archiviazione ai sensi dei nostri obblighi legali o dei termini di prescrizione, ci assicureremo che i Suoi Dati personali vengano completamente eliminati o anonimizzati.<\/p>\n<h3>Collegamenti esterni<\/h3>\n<p>Sul nostro Sito web potrebbero essere presenti collegamenti a siti di terze parti. Dato che Pierre Fabre non controlla n\u00e9 \u00e8 responsabile delle pratiche sulla privacy di tali siti web, La invitiamo a leggerne le rispettive informative sulla privacy. Questa Informativa si applica esclusivamente ai Dati personali raccolti dai nostri Siti web o nel corso delle nostre attivit\u00e0 commerciali.<\/p>\n<h3>I Suoi diritti<\/h3>\n<p>In base alla legge vigente, Lei pu\u00f2 disporre di alcuni o di tutti i seguenti diritti in relazione ai Suoi Dati personali:<\/p>\n<ul>\n<li>ottenere una copia dei Suoi Dati personali insieme a informazioni in merito a come e su quali basi tali Dati personali vengono trattati;<\/li>\n<li>cancellare i Suoi Dati personali (in circostanze limitate, laddove non siano pi\u00f9 necessari per le finalit\u00e0 per le quali sono stati raccolti o trattati);<\/li>\n<li>limitare il trattamento dei Suoi Dati personali nei casi in cui:\n<ul>\n<li>sia contestata l&#8217;accuratezza dei Dati personali;<\/li>\n<li>il trattamento sia illecito ma Lei si oppone alla cancellazione dei Suoi Dati personali;<\/li>\n<li>non abbiamo pi\u00f9 necessit\u00e0 di tali Dati personali ma dobbiamo ancora conservarli per un\u2019eventuale istituzione, esercizio o difesa di un\u2019azione legale;<\/li>\n<\/ul>\n<\/li>\n<li>sia necessario richiedere la portabilit\u00e0 dei Suoi Dati personali a una terza parte (o a Lei) in un formato atto alla lettura automatica quando il trattamento si basa sul Suo consenso o per l\u2019esecuzione di un contratto con Lei;<\/li>\n<li>sia necessario revocare il Suo consenso al nostro trattamento dei Dati personali (laddove tale trattamento si basi sul Suo consenso).<\/li>\n<\/ul>\n<p>Ha anche il diritto di presentare un reclamo al Garante locale della Privacy.<br \/>\nPer esercitare tali diritti, La invitiamo a contattarci utilizzando gli indirizzi mail indicati di seguito. La preghiamo di notare che potremmo richiedere una prova di identit\u00e0 e ci riserviamo il diritto di addebitare una commissione, ove consentito dalla legge, se, ad esempio, la Sua richiesta dovesse essere palesemente infondata o eccessiva. Cercheremo di rispondere alla Sua richiesta entro i tempi previsti.<\/p>\n<p><img loading=\"lazy\" decoding=\"async\" class=\"img-responsive aligncenter wp-image-1083\" src=\"https:\/\/www.ihscoring.com\/wp-content\/uploads\/2020\/01\/Screenshot_2-5-300x45.png\" alt=\"\" width=\"407\" height=\"61\" srcset=\"https:\/\/www.ihscoring.com\/wp-content\/uploads\/2020\/01\/Screenshot_2-5-300x45.png 300w, https:\/\/www.ihscoring.com\/wp-content\/uploads\/2020\/01\/Screenshot_2-5.png 531w\" sizes=\"auto, (max-width: 407px) 100vw, 407px\" \/><\/p>\n<p>&nbsp;<\/p>\n<h3>Cookies<\/h3>\n<p><!-- OneTrust Cookies List start --><\/p>\n<div id=\"ot-sdk-cookie-policy\"><\/div>\n<p><!-- OneTrust Cookies List end --><\/p>\n<p>&nbsp;<\/p>\n<h3>Aggiornamento dell\u2019Informativa sulla privacy<\/h3>\n<p>La presente Informativa sulla privacy potrebbe subire modifiche periodiche al fine di rispecchiare i cambiamenti della legge e o delle nostre pratiche sulla privacy.<br \/>\nUltima modifica: [11\/12\/2019]<\/p>\n","protected":false},"excerpt":{"rendered":"<p>Protezione dei dati Informativa sulla privacy e sui cookie Grazie per avere visitato il nostro Sito web. Pierre Fabre considera una priorit\u00e0 assoluta garantire la protezione e la sicurezza dei dati di clienti e utenti. La presente Informativa sulla privacy spiega quali dati vengono raccolti quando Lei visita e utilizza il nostro Sito web e [&hellip;]<\/p>\n","protected":false},"author":2,"featured_media":0,"parent":0,"menu_order":0,"comment_status":"closed","ping_status":"closed","template":"","meta":{"_acf_changed":false,"footnotes":""},"class_list":["post-1063","page","type-page","status-publish","hentry"],"acf":[],"yoast_head":"<!-- This site is optimized with the Yoast SEO plugin v24.2 - https:\/\/yoast.com\/wordpress\/plugins\/seo\/ -->\n<title>Protezione dei dati - IHReS<\/title>\n<meta name=\"robots\" content=\"index, follow, max-snippet:-1, max-image-preview:large, max-video-preview:-1\" \/>\n<link rel=\"canonical\" href=\"https:\/\/www.ihscoring.com\/it\/protezione-dei-dati\/\" \/>\n<meta property=\"og:locale\" content=\"it_IT\" \/>\n<meta property=\"og:type\" content=\"article\" \/>\n<meta property=\"og:title\" content=\"Protezione dei dati - IHReS\" \/>\n<meta property=\"og:description\" content=\"Protezione dei dati Informativa sulla privacy e sui cookie Grazie per avere visitato il nostro Sito web. Pierre Fabre considera una priorit\u00e0 assoluta garantire la protezione e la sicurezza dei dati di clienti e utenti. La presente Informativa sulla privacy spiega quali dati vengono raccolti quando Lei visita e utilizza il nostro Sito web e [&hellip;]\" \/>\n<meta property=\"og:url\" content=\"https:\/\/www.ihscoring.com\/it\/protezione-dei-dati\/\" \/>\n<meta property=\"og:site_name\" content=\"IHReS\" \/>\n<meta property=\"article:modified_time\" content=\"2024-01-19T15:25:03+00:00\" \/>\n<meta property=\"og:image\" content=\"https:\/\/www.ihscoring.com\/wp-content\/uploads\/2020\/01\/Screenshot_1-5-300x68.png\" \/>\n<meta name=\"twitter:card\" content=\"summary_large_image\" \/>\n<meta name=\"twitter:label1\" content=\"Tempo di lettura stimato\" \/>\n\t<meta name=\"twitter:data1\" content=\"5 minuti\" \/>\n<script type=\"application\/ld+json\" class=\"yoast-schema-graph\">{\"@context\":\"https:\/\/schema.org\",\"@graph\":[{\"@type\":\"WebPage\",\"@id\":\"https:\/\/www.ihscoring.com\/it\/protezione-dei-dati\/\",\"url\":\"https:\/\/www.ihscoring.com\/it\/protezione-dei-dati\/\",\"name\":\"Protezione dei dati - IHReS\",\"isPartOf\":{\"@id\":\"https:\/\/www.ihscoring.com\/be\/#website\"},\"primaryImageOfPage\":{\"@id\":\"https:\/\/www.ihscoring.com\/it\/protezione-dei-dati\/#primaryimage\"},\"image\":{\"@id\":\"https:\/\/www.ihscoring.com\/it\/protezione-dei-dati\/#primaryimage\"},\"thumbnailUrl\":\"https:\/\/www.ihscoring.com\/wp-content\/uploads\/2020\/01\/Screenshot_1-5-300x68.png\",\"datePublished\":\"2020-01-21T10:33:31+00:00\",\"dateModified\":\"2024-01-19T15:25:03+00:00\",\"breadcrumb\":{\"@id\":\"https:\/\/www.ihscoring.com\/it\/protezione-dei-dati\/#breadcrumb\"},\"inLanguage\":\"it-IT\",\"potentialAction\":[{\"@type\":\"ReadAction\",\"target\":[\"https:\/\/www.ihscoring.com\/it\/protezione-dei-dati\/\"]}]},{\"@type\":\"ImageObject\",\"inLanguage\":\"it-IT\",\"@id\":\"https:\/\/www.ihscoring.com\/it\/protezione-dei-dati\/#primaryimage\",\"url\":\"https:\/\/www.ihscoring.com\/wp-content\/uploads\/2020\/01\/Screenshot_1-5-300x68.png\",\"contentUrl\":\"https:\/\/www.ihscoring.com\/wp-content\/uploads\/2020\/01\/Screenshot_1-5-300x68.png\"},{\"@type\":\"BreadcrumbList\",\"@id\":\"https:\/\/www.ihscoring.com\/it\/protezione-dei-dati\/#breadcrumb\",\"itemListElement\":[{\"@type\":\"ListItem\",\"position\":1,\"name\":\"Home\",\"item\":\"https:\/\/www.ihscoring.com\/it\/\"},{\"@type\":\"ListItem\",\"position\":2,\"name\":\"Protezione dei dati\"}]},{\"@type\":\"WebSite\",\"@id\":\"https:\/\/www.ihscoring.com\/be\/#website\",\"url\":\"https:\/\/www.ihscoring.com\/be\/\",\"name\":\"IHReS\",\"description\":\"\",\"potentialAction\":[{\"@type\":\"SearchAction\",\"target\":{\"@type\":\"EntryPoint\",\"urlTemplate\":\"https:\/\/www.ihscoring.com\/be\/?s={search_term_string}\"},\"query-input\":{\"@type\":\"PropertyValueSpecification\",\"valueRequired\":true,\"valueName\":\"search_term_string\"}}],\"inLanguage\":\"it-IT\"}]}<\/script>\n<!-- \/ Yoast SEO plugin. -->","yoast_head_json":{"title":"Protezione dei dati - IHReS","robots":{"index":"index","follow":"follow","max-snippet":"max-snippet:-1","max-image-preview":"max-image-preview:large","max-video-preview":"max-video-preview:-1"},"canonical":"https:\/\/www.ihscoring.com\/it\/protezione-dei-dati\/","og_locale":"it_IT","og_type":"article","og_title":"Protezione dei dati - IHReS","og_description":"Protezione dei dati Informativa sulla privacy e sui cookie Grazie per avere visitato il nostro Sito web. Pierre Fabre considera una priorit\u00e0 assoluta garantire la protezione e la sicurezza dei dati di clienti e utenti. La presente Informativa sulla privacy spiega quali dati vengono raccolti quando Lei visita e utilizza il nostro Sito web e [&hellip;]","og_url":"https:\/\/www.ihscoring.com\/it\/protezione-dei-dati\/","og_site_name":"IHReS","article_modified_time":"2024-01-19T15:25:03+00:00","og_image":[{"url":"https:\/\/www.ihscoring.com\/wp-content\/uploads\/2020\/01\/Screenshot_1-5-300x68.png","type":"","width":"","height":""}],"twitter_card":"summary_large_image","twitter_misc":{"Tempo di lettura stimato":"5 minuti"},"schema":{"@context":"https:\/\/schema.org","@graph":[{"@type":"WebPage","@id":"https:\/\/www.ihscoring.com\/it\/protezione-dei-dati\/","url":"https:\/\/www.ihscoring.com\/it\/protezione-dei-dati\/","name":"Protezione dei dati - IHReS","isPartOf":{"@id":"https:\/\/www.ihscoring.com\/be\/#website"},"primaryImageOfPage":{"@id":"https:\/\/www.ihscoring.com\/it\/protezione-dei-dati\/#primaryimage"},"image":{"@id":"https:\/\/www.ihscoring.com\/it\/protezione-dei-dati\/#primaryimage"},"thumbnailUrl":"https:\/\/www.ihscoring.com\/wp-content\/uploads\/2020\/01\/Screenshot_1-5-300x68.png","datePublished":"2020-01-21T10:33:31+00:00","dateModified":"2024-01-19T15:25:03+00:00","breadcrumb":{"@id":"https:\/\/www.ihscoring.com\/it\/protezione-dei-dati\/#breadcrumb"},"inLanguage":"it-IT","potentialAction":[{"@type":"ReadAction","target":["https:\/\/www.ihscoring.com\/it\/protezione-dei-dati\/"]}]},{"@type":"ImageObject","inLanguage":"it-IT","@id":"https:\/\/www.ihscoring.com\/it\/protezione-dei-dati\/#primaryimage","url":"https:\/\/www.ihscoring.com\/wp-content\/uploads\/2020\/01\/Screenshot_1-5-300x68.png","contentUrl":"https:\/\/www.ihscoring.com\/wp-content\/uploads\/2020\/01\/Screenshot_1-5-300x68.png"},{"@type":"BreadcrumbList","@id":"https:\/\/www.ihscoring.com\/it\/protezione-dei-dati\/#breadcrumb","itemListElement":[{"@type":"ListItem","position":1,"name":"Home","item":"https:\/\/www.ihscoring.com\/it\/"},{"@type":"ListItem","position":2,"name":"Protezione dei dati"}]},{"@type":"WebSite","@id":"https:\/\/www.ihscoring.com\/be\/#website","url":"https:\/\/www.ihscoring.com\/be\/","name":"IHReS","description":"","potentialAction":[{"@type":"SearchAction","target":{"@type":"EntryPoint","urlTemplate":"https:\/\/www.ihscoring.com\/be\/?s={search_term_string}"},"query-input":{"@type":"PropertyValueSpecification","valueRequired":true,"valueName":"search_term_string"}}],"inLanguage":"it-IT"}]}},"_links":{"self":[{"href":"https:\/\/www.ihscoring.com\/it\/wp-json\/wp\/v2\/pages\/1063","targetHints":{"allow":["GET"]}}],"collection":[{"href":"https:\/\/www.ihscoring.com\/it\/wp-json\/wp\/v2\/pages"}],"about":[{"href":"https:\/\/www.ihscoring.com\/it\/wp-json\/wp\/v2\/types\/page"}],"author":[{"embeddable":true,"href":"https:\/\/www.ihscoring.com\/it\/wp-json\/wp\/v2\/users\/2"}],"replies":[{"embeddable":true,"href":"https:\/\/www.ihscoring.com\/it\/wp-json\/wp\/v2\/comments?post=1063"}],"version-history":[{"count":9,"href":"https:\/\/www.ihscoring.com\/it\/wp-json\/wp\/v2\/pages\/1063\/revisions"}],"predecessor-version":[{"id":3655,"href":"https:\/\/www.ihscoring.com\/it\/wp-json\/wp\/v2\/pages\/1063\/revisions\/3655"}],"wp:attachment":[{"href":"https:\/\/www.ihscoring.com\/it\/wp-json\/wp\/v2\/media?parent=1063"}],"curies":[{"name":"wp","href":"https:\/\/api.w.org\/{rel}","templated":true}]}}