{"id":2990,"date":"2019-10-16T08:36:20","date_gmt":"2019-10-16T06:36:20","guid":{"rendered":"https:\/\/www.ihscoring.com\/data-privacy-policy\/"},"modified":"2024-01-19T16:25:30","modified_gmt":"2024-01-19T15:25:30","slug":"data-privacy-policy","status":"publish","type":"page","link":"https:\/\/www.ihscoring.com\/pt-pt\/data-privacy-policy\/","title":{"rendered":"Prote\u00e7\u00e3o de Dados"},"content":{"rendered":"<h2>Prote\u00e7\u00e3o de Dados<\/h2>\n<h3>Pol\u00edtica de privacidade e pol\u00edtica de cookies<\/h3>\n<p>Obrigado por visitar o nosso Website. Assegurar a prote\u00e7\u00e3o e a seguran\u00e7a dos dados dos nossos clientes e utilizadores \u00e9 uma das principais prioridades da Pierre Fabre.<br \/>\nEste Pol\u00edtica de Privacidade explica que informa\u00e7\u00e3o \u00e9 recolhida quando visita e utiliza o nosso Website e de que forma essa informa\u00e7\u00e3o \u00e9 tratada.<br \/>\nPoder\u00e1 consultar diretamente a informa\u00e7\u00e3o que procura em baixo.<\/p>\n<p>&nbsp;<\/p>\n<h3>Quem somos?<\/h3>\n<p>This Website www.ihscoring.com, is operated by Pierre Fabre M\u00e9dicament (hereinafter &#8220;PFM&#8221;, or &#8220;Us&#8221;) who is the data controller of any Personal Information which may be collected from you on the Website for the purposes described below.<br \/>\nWe invite you to read this Privacy Policy carefully to acknowledge the conditions of your Personal Information processing when visiting our Website. Please note that it may be updated at any time by Pierre Fabre. The date of the most recent revision will appear on this page. We suggest that you refer to it on a regular basis.<\/p>\n<p>&nbsp;<\/p>\n<h3>Informa\u00e7\u00e3o que recolhemos sobre si:<\/h3>\n<p>Dependendo dos servi\u00e7os prestados pelo nosso Website e utilizados por si, as suas escolhas e a configura\u00e7\u00e3o do seu terminal (em rela\u00e7\u00e3o a cookies e outras tecnologias de rastreio), a Informa\u00e7\u00e3o Pessoal sobre si (a sua \u201cInforma\u00e7\u00e3o Pessoal\u201d) recolhida e tratada pela Pierre Fabre inclui essencialmente:<\/p>\n<ul>\n<li>Quando visita o nosso Website, o nosso servidor recolhe automaticamente determinadas informa\u00e7\u00f5es geradas pelo navegador ou pelo dispositivo, incluindo, entre outras: o seu dom\u00ednio; o endere\u00e7o IP; a data, o tempo e dura\u00e7\u00e3o da sua visita; o tipo de navegador; o sistema operativo e as visitas \u00e0 p\u00e1gina.<\/li>\n<li>N\u00e3o usamos esta informa\u00e7\u00e3o recolhida de forma autom\u00e1tica para tentar identificar os utilizadores e n\u00e3o a associamos \u00e0 Informa\u00e7\u00e3o Pessoal que os utilizadores nos fornecem voluntariamente, conforme detalhado em seguida.<\/li>\n<li>Tamb\u00e9m poderemos obter Informa\u00e7\u00e3o Pessoal dos utilizadores a partir de terceiros, nomeadamente do Google Analytics.<\/li>\n<\/ul>\n<p>&nbsp;<\/p>\n<h3>Objetivos do tratamento da sua Informa\u00e7\u00e3o Pessoal<\/h3>\n<p>Em seguida poder\u00e1 encontrar um resumo dos fins para os quais tratamos os seus Dados Pessoais e as raz\u00f5es pelas quais precisamos de os tratar.<\/p>\n<p><img loading=\"lazy\" decoding=\"async\" class=\"img-responsive wp-image-3103 aligncenter\" src=\"https:\/\/www.ihscoring.com\/wp-content\/uploads\/2020\/10\/privacy-pt-300x85.png\" alt=\"\" width=\"656\" height=\"186\" srcset=\"https:\/\/www.ihscoring.com\/wp-content\/uploads\/2020\/10\/privacy-pt-300x85.png 300w, https:\/\/www.ihscoring.com\/wp-content\/uploads\/2020\/10\/privacy-pt-768x218.png 768w, https:\/\/www.ihscoring.com\/wp-content\/uploads\/2020\/10\/privacy-pt-1024x291.png 1024w, https:\/\/www.ihscoring.com\/wp-content\/uploads\/2020\/10\/privacy-pt.png 1307w\" sizes=\"auto, (max-width: 656px) 100vw, 656px\" \/><\/p>\n<h3>Reten\u00e7\u00e3o da sua Informa\u00e7\u00e3o Pessoal<\/h3>\n<p>Fazemos parte do grupo global da Pierre Fabre e, ocasionalmente, ser\u00e1 necess\u00e1rio partilhar a sua Informa\u00e7\u00e3o Pessoal com as nossas subsidi\u00e1rias, quando necess\u00e1rio para os fins acima descritos.<br \/>\nNenhum Dado Pessoal ser\u00e1 transferido para fora do grupo Pierre Fabre.<\/p>\n<h3>SMS e emails de Marketing<\/h3>\n<p>N\u00e3o se aplica.<\/p>\n<h3>Retention of your Personal Information<\/h3>\n<p>Regra geral, guardamos a sua Informa\u00e7\u00e3o Pessoal pelo tempo necess\u00e1rio para cumprir os fins para os quais essa informa\u00e7\u00e3o foi recolhida (ver tabela em cima).<br \/>\nA informa\u00e7\u00e3o sobre conex\u00e3o que \u00e9 recolhida, sujeita ao seu consentimento atrav\u00e9s dos cookies e de outros meios de rastreio implementados no nosso Website, dever\u00e1 ser guardada em conformidade com as leis e regulamentos aplic\u00e1veis durante um per\u00edodo de tempo que n\u00e3o poder\u00e1 ultrapassar os treze (13) meses. Para informa\u00e7\u00e3o mais detalhada, ver a Sec\u00e7\u00e3o \u201cCookies\u201d em seguida.<br \/>\nPoderemos ter de manter a sua Informa\u00e7\u00e3o Pessoal em Modo de Arquivo ap\u00f3s o prazo acima indicado, para cumprir a nossas obriga\u00e7\u00f5es legais ou quando exigido pelo estatuto de limita\u00e7\u00e3o aplic\u00e1vel, de modo a comprovar um direito ou um contrato.<br \/>\nQuando a sua Informa\u00e7\u00e3o Pessoal j\u00e1 n\u00e3o for necess\u00e1ria para os fins ou arquivos que satisfazem as nossas obriga\u00e7\u00f5es legais ou estatuto de limita\u00e7\u00e3o, certificamo-nos de que esta \u00e9 totalmente eliminada ou anonimizada.<\/p>\n<p>&nbsp;<\/p>\n<h3>Links externos<\/h3>\n<p>O Website poder\u00e1 conter links para sites de terceiros. Como a Pierre Fabre n\u00e3o controla nem \u00e9 respons\u00e1vel pelas pr\u00e1ticas de privacidade desses Websites, encorajamos os nossos utilizadores a rever as pol\u00edticas de privacidade dos sites desses terceiros. Esta pol\u00edtica apenas se aplica \u00e0 Informa\u00e7\u00e3o Pessoal recolhida pelos nossos Websites ou no decurso das nossas atividades relacionadas com o neg\u00f3cio.<\/p>\n<p>&nbsp;<\/p>\n<h3>Os seus direitos<\/h3>\n<p>Em conformidade com a legisla\u00e7\u00e3o aplic\u00e1vel, poder\u00e1 ter alguns ou todos os direitos que se seguem em rela\u00e7\u00e3o \u00e0 sua Informa\u00e7\u00e3o Pessoal:<\/p>\n<ul>\n<li>obter uma c\u00f3pia da sua Informa\u00e7\u00e3o Pessoal juntamente com informa\u00e7\u00e3o sobre como e com que fundamento a Informa\u00e7\u00e3o Pessoal \u00e9 tratada;<\/li>\n<li>eliminar a sua Informa\u00e7\u00e3o Pessoal (em circunst\u00e2ncias limitadas em que esta j\u00e1 n\u00e3o seja necess\u00e1ria para os fins para os quais foi recolhida ou tratada);<\/li>\n<li>limitar o tratamento da sua Informa\u00e7\u00e3o Pessoal:\n<ul>\n<li>cuja precis\u00e3o seja contestada;<\/li>\n<li>se o tratamento for ilegal, mas n\u00e3o desejar eliminar a sua Informa\u00e7\u00e3o Pessoal;<\/li>\n<li>se j\u00e1 n\u00e3o necessitarmos da Informa\u00e7\u00e3o Pessoal, mas esta ainda for necess\u00e1ria para estabelecer, exercer ou defender um direito leg\u00edtimo;<\/li>\n<\/ul>\n<\/li>\n<li>para solicitar a portabilidade da sua Informa\u00e7\u00e3o Pessoal para terceiros (ou para si), desde que justifiquemos o nosso tratamento com base no seu consentimento ou na execu\u00e7\u00e3o de um contrato consigo;<\/li>\n<li>para retirar o seu consentimento de tratamento da sua Informa\u00e7\u00e3o Pessoal (quando esse tratamento \u00e9 baseado no seu consentimento);<\/li>\n<\/ul>\n<p>Ter\u00e1 tamb\u00e9m o direito de apresentar uma reclama\u00e7\u00e3o junto da autoridade supervisora de prote\u00e7\u00e3o de dados a Comiss\u00e3o Nacional de Prote\u00e7\u00e3o de Dados (CNPD).<br \/>\nPara exercer esses direitos, \u00e9 favor contactar-nos atrav\u00e9s dos contactos fornecidos em seguida. \u00c9 importante salientar que poderemos solicitar um comprovativo de identidade e que reservamos o direito de cobrar uma taxa, desde que permitido por lei, se, por exemplo, o seu pedido for manifestamente infundado ou excessivo. Faremos os nossos melhores esfor\u00e7os para responder ao seu pedido dentro dos prazos aplic\u00e1veis.<\/p>\n<p><img loading=\"lazy\" decoding=\"async\" class=\"img-responsive wp-image-3125 aligncenter\" src=\"https:\/\/www.ihscoring.com\/wp-content\/uploads\/2020\/10\/privacy-dpopt-176x300.png\" alt=\"\" width=\"374\" height=\"638\" srcset=\"https:\/\/www.ihscoring.com\/wp-content\/uploads\/2020\/10\/privacy-dpopt-176x300.png 176w, https:\/\/www.ihscoring.com\/wp-content\/uploads\/2020\/10\/privacy-dpopt.png 381w\" sizes=\"auto, (max-width: 374px) 100vw, 374px\" \/><\/p>\n<p>&nbsp;<\/p>\n<h3>Cookies<\/h3>\n<p><!-- OneTrust Cookies List start --><\/p>\n<div id=\"ot-sdk-cookie-policy\"><\/div>\n<p><!-- OneTrust Cookies List end --><\/p>\n<p>&nbsp;<\/p>\n<h3>Atualiza\u00e7\u00e3o da pol\u00edtica de privacidade<\/h3>\n<p>Poderemos, pontualmente, atualizar esta Pol\u00edtica de Privacidade a fim de refletir altera\u00e7\u00f5es legais e\/ou das nossas pr\u00e1ticas de privacidade.<br \/>\n<strong>Data da \u00faltima atualiza\u00e7\u00e3o:<\/strong> [18\/10\/2019]<\/p>\n","protected":false},"excerpt":{"rendered":"<p>Prote\u00e7\u00e3o de Dados Pol\u00edtica de privacidade e pol\u00edtica de cookies Obrigado por visitar o nosso Website. Assegurar a prote\u00e7\u00e3o e a seguran\u00e7a dos dados dos nossos clientes e utilizadores \u00e9 uma das principais prioridades da Pierre Fabre. Este Pol\u00edtica de Privacidade explica que informa\u00e7\u00e3o \u00e9 recolhida quando visita e utiliza o nosso Website e de [&hellip;]<\/p>\n","protected":false},"author":1,"featured_media":0,"parent":0,"menu_order":0,"comment_status":"closed","ping_status":"closed","template":"","meta":{"_acf_changed":false,"footnotes":""},"class_list":["post-2990","page","type-page","status-publish","hentry"],"acf":[],"yoast_head":"<!-- This site is optimized with the Yoast SEO plugin v24.2 - https:\/\/yoast.com\/wordpress\/plugins\/seo\/ -->\n<title>Prote\u00e7\u00e3o de Dados - IHReS<\/title>\n<meta name=\"robots\" content=\"index, follow, max-snippet:-1, max-image-preview:large, max-video-preview:-1\" \/>\n<link rel=\"canonical\" href=\"https:\/\/www.ihscoring.com\/pt-pt\/data-privacy-policy\/\" \/>\n<meta property=\"og:locale\" content=\"pt_PT\" \/>\n<meta property=\"og:type\" content=\"article\" \/>\n<meta property=\"og:title\" content=\"Prote\u00e7\u00e3o de Dados - IHReS\" \/>\n<meta property=\"og:description\" content=\"Prote\u00e7\u00e3o de Dados Pol\u00edtica de privacidade e pol\u00edtica de cookies Obrigado por visitar o nosso Website. Assegurar a prote\u00e7\u00e3o e a seguran\u00e7a dos dados dos nossos clientes e utilizadores \u00e9 uma das principais prioridades da Pierre Fabre. Este Pol\u00edtica de Privacidade explica que informa\u00e7\u00e3o \u00e9 recolhida quando visita e utiliza o nosso Website e de [&hellip;]\" \/>\n<meta property=\"og:url\" content=\"https:\/\/www.ihscoring.com\/pt-pt\/data-privacy-policy\/\" \/>\n<meta property=\"og:site_name\" content=\"IHReS\" \/>\n<meta property=\"article:modified_time\" content=\"2024-01-19T15:25:30+00:00\" \/>\n<meta property=\"og:image\" content=\"https:\/\/www.ihscoring.com\/wp-content\/uploads\/2020\/10\/privacy-pt-300x85.png\" \/>\n<meta name=\"twitter:card\" content=\"summary_large_image\" \/>\n<meta name=\"twitter:label1\" content=\"Tempo estimado de leitura\" \/>\n\t<meta name=\"twitter:data1\" content=\"5 minutos\" \/>\n<script type=\"application\/ld+json\" class=\"yoast-schema-graph\">{\"@context\":\"https:\/\/schema.org\",\"@graph\":[{\"@type\":\"WebPage\",\"@id\":\"https:\/\/www.ihscoring.com\/pt-pt\/data-privacy-policy\/\",\"url\":\"https:\/\/www.ihscoring.com\/pt-pt\/data-privacy-policy\/\",\"name\":\"Prote\u00e7\u00e3o de Dados - IHReS\",\"isPartOf\":{\"@id\":\"https:\/\/www.ihscoring.com\/be\/#website\"},\"primaryImageOfPage\":{\"@id\":\"https:\/\/www.ihscoring.com\/pt-pt\/data-privacy-policy\/#primaryimage\"},\"image\":{\"@id\":\"https:\/\/www.ihscoring.com\/pt-pt\/data-privacy-policy\/#primaryimage\"},\"thumbnailUrl\":\"https:\/\/www.ihscoring.com\/wp-content\/uploads\/2020\/10\/privacy-pt-300x85.png\",\"datePublished\":\"2019-10-16T06:36:20+00:00\",\"dateModified\":\"2024-01-19T15:25:30+00:00\",\"breadcrumb\":{\"@id\":\"https:\/\/www.ihscoring.com\/pt-pt\/data-privacy-policy\/#breadcrumb\"},\"inLanguage\":\"pt-PT\",\"potentialAction\":[{\"@type\":\"ReadAction\",\"target\":[\"https:\/\/www.ihscoring.com\/pt-pt\/data-privacy-policy\/\"]}]},{\"@type\":\"ImageObject\",\"inLanguage\":\"pt-PT\",\"@id\":\"https:\/\/www.ihscoring.com\/pt-pt\/data-privacy-policy\/#primaryimage\",\"url\":\"https:\/\/www.ihscoring.com\/wp-content\/uploads\/2020\/10\/privacy-pt-300x85.png\",\"contentUrl\":\"https:\/\/www.ihscoring.com\/wp-content\/uploads\/2020\/10\/privacy-pt-300x85.png\"},{\"@type\":\"BreadcrumbList\",\"@id\":\"https:\/\/www.ihscoring.com\/pt-pt\/data-privacy-policy\/#breadcrumb\",\"itemListElement\":[{\"@type\":\"ListItem\",\"position\":1,\"name\":\"Home\",\"item\":\"https:\/\/www.ihscoring.com\/pt-pt\/\"},{\"@type\":\"ListItem\",\"position\":2,\"name\":\"Prote\u00e7\u00e3o de Dados\"}]},{\"@type\":\"WebSite\",\"@id\":\"https:\/\/www.ihscoring.com\/be\/#website\",\"url\":\"https:\/\/www.ihscoring.com\/be\/\",\"name\":\"IHReS\",\"description\":\"\",\"potentialAction\":[{\"@type\":\"SearchAction\",\"target\":{\"@type\":\"EntryPoint\",\"urlTemplate\":\"https:\/\/www.ihscoring.com\/be\/?s={search_term_string}\"},\"query-input\":{\"@type\":\"PropertyValueSpecification\",\"valueRequired\":true,\"valueName\":\"search_term_string\"}}],\"inLanguage\":\"pt-PT\"}]}<\/script>\n<!-- \/ Yoast SEO plugin. -->","yoast_head_json":{"title":"Prote\u00e7\u00e3o de Dados - IHReS","robots":{"index":"index","follow":"follow","max-snippet":"max-snippet:-1","max-image-preview":"max-image-preview:large","max-video-preview":"max-video-preview:-1"},"canonical":"https:\/\/www.ihscoring.com\/pt-pt\/data-privacy-policy\/","og_locale":"pt_PT","og_type":"article","og_title":"Prote\u00e7\u00e3o de Dados - IHReS","og_description":"Prote\u00e7\u00e3o de Dados Pol\u00edtica de privacidade e pol\u00edtica de cookies Obrigado por visitar o nosso Website. Assegurar a prote\u00e7\u00e3o e a seguran\u00e7a dos dados dos nossos clientes e utilizadores \u00e9 uma das principais prioridades da Pierre Fabre. Este Pol\u00edtica de Privacidade explica que informa\u00e7\u00e3o \u00e9 recolhida quando visita e utiliza o nosso Website e de [&hellip;]","og_url":"https:\/\/www.ihscoring.com\/pt-pt\/data-privacy-policy\/","og_site_name":"IHReS","article_modified_time":"2024-01-19T15:25:30+00:00","og_image":[{"url":"https:\/\/www.ihscoring.com\/wp-content\/uploads\/2020\/10\/privacy-pt-300x85.png","type":"","width":"","height":""}],"twitter_card":"summary_large_image","twitter_misc":{"Tempo estimado de leitura":"5 minutos"},"schema":{"@context":"https:\/\/schema.org","@graph":[{"@type":"WebPage","@id":"https:\/\/www.ihscoring.com\/pt-pt\/data-privacy-policy\/","url":"https:\/\/www.ihscoring.com\/pt-pt\/data-privacy-policy\/","name":"Prote\u00e7\u00e3o de Dados - IHReS","isPartOf":{"@id":"https:\/\/www.ihscoring.com\/be\/#website"},"primaryImageOfPage":{"@id":"https:\/\/www.ihscoring.com\/pt-pt\/data-privacy-policy\/#primaryimage"},"image":{"@id":"https:\/\/www.ihscoring.com\/pt-pt\/data-privacy-policy\/#primaryimage"},"thumbnailUrl":"https:\/\/www.ihscoring.com\/wp-content\/uploads\/2020\/10\/privacy-pt-300x85.png","datePublished":"2019-10-16T06:36:20+00:00","dateModified":"2024-01-19T15:25:30+00:00","breadcrumb":{"@id":"https:\/\/www.ihscoring.com\/pt-pt\/data-privacy-policy\/#breadcrumb"},"inLanguage":"pt-PT","potentialAction":[{"@type":"ReadAction","target":["https:\/\/www.ihscoring.com\/pt-pt\/data-privacy-policy\/"]}]},{"@type":"ImageObject","inLanguage":"pt-PT","@id":"https:\/\/www.ihscoring.com\/pt-pt\/data-privacy-policy\/#primaryimage","url":"https:\/\/www.ihscoring.com\/wp-content\/uploads\/2020\/10\/privacy-pt-300x85.png","contentUrl":"https:\/\/www.ihscoring.com\/wp-content\/uploads\/2020\/10\/privacy-pt-300x85.png"},{"@type":"BreadcrumbList","@id":"https:\/\/www.ihscoring.com\/pt-pt\/data-privacy-policy\/#breadcrumb","itemListElement":[{"@type":"ListItem","position":1,"name":"Home","item":"https:\/\/www.ihscoring.com\/pt-pt\/"},{"@type":"ListItem","position":2,"name":"Prote\u00e7\u00e3o de Dados"}]},{"@type":"WebSite","@id":"https:\/\/www.ihscoring.com\/be\/#website","url":"https:\/\/www.ihscoring.com\/be\/","name":"IHReS","description":"","potentialAction":[{"@type":"SearchAction","target":{"@type":"EntryPoint","urlTemplate":"https:\/\/www.ihscoring.com\/be\/?s={search_term_string}"},"query-input":{"@type":"PropertyValueSpecification","valueRequired":true,"valueName":"search_term_string"}}],"inLanguage":"pt-PT"}]}},"_links":{"self":[{"href":"https:\/\/www.ihscoring.com\/pt-pt\/wp-json\/wp\/v2\/pages\/2990","targetHints":{"allow":["GET"]}}],"collection":[{"href":"https:\/\/www.ihscoring.com\/pt-pt\/wp-json\/wp\/v2\/pages"}],"about":[{"href":"https:\/\/www.ihscoring.com\/pt-pt\/wp-json\/wp\/v2\/types\/page"}],"author":[{"embeddable":true,"href":"https:\/\/www.ihscoring.com\/pt-pt\/wp-json\/wp\/v2\/users\/1"}],"replies":[{"embeddable":true,"href":"https:\/\/www.ihscoring.com\/pt-pt\/wp-json\/wp\/v2\/comments?post=2990"}],"version-history":[{"count":6,"href":"https:\/\/www.ihscoring.com\/pt-pt\/wp-json\/wp\/v2\/pages\/2990\/revisions"}],"predecessor-version":[{"id":3656,"href":"https:\/\/www.ihscoring.com\/pt-pt\/wp-json\/wp\/v2\/pages\/2990\/revisions\/3656"}],"wp:attachment":[{"href":"https:\/\/www.ihscoring.com\/pt-pt\/wp-json\/wp\/v2\/media?parent=2990"}],"curies":[{"name":"wp","href":"https:\/\/api.w.org\/{rel}","templated":true}]}}