{"id":2257,"date":"2019-10-16T08:36:20","date_gmt":"2019-10-16T06:36:20","guid":{"rendered":"https:\/\/www.ihscoring.com\/data-privacy-policy\/"},"modified":"2024-01-19T16:26:18","modified_gmt":"2024-01-19T15:26:18","slug":"data-privacy-policy","status":"publish","type":"page","link":"https:\/\/www.ihscoring.com\/sl\/data-privacy-policy\/","title":{"rendered":"Varstvo podatkov"},"content":{"rendered":"<h2>Varstvo podatkov<\/h2>\n<h3>Politika zasebnosti in pi\u0161kotki<\/h3>\n<p>Zahvaljujemo se vam za obisk na\u0161e spletne strani. Zagotavljanje varstva podatkov na\u0161ih strank in uporabnikov v Pierre Fabre postavljamo na sam vrh seznama prioritet.<br \/>\nTa politika varstva zasebnosti pojasnjuje, katere podatke zbiramo ob va\u0161em obisku ter uporabi na\u0161e spletne strani in kako pridobljene podatke obdelujemo.<br \/>\nSpodaj so vam na voljo neposredne povezave do informacij, ki jih i\u0161\u010dete.<\/p>\n<p>&nbsp;<\/p>\n<h3>Kdo smo?<\/h3>\n<p>Spletno stran www.ihscoring.com upravlja podjetje Pierre Fabre M\u00e9dicament (v nadaljevanju: PFM ali mi), ki je tudi upravljavec katerihkoli osebnih podatkov, zbranih za spodaj opisane namene.<br \/>\nProsimo vas, da pozorno preberete to politiko varstva zasebnosti, da boste seznanjeni s pogoji obdelave va\u0161ih osebnih podatkov ob obisku na\u0161e spletne strani. Politiko varstva zasebnosti lahko Pierre Fabre kadarkoli posodobi, vendar bo na spletni strani vedno prikazana zadnja verzija le-te. Predlagamo vam, da to politiko varstva zasebnosti berete redno.<\/p>\n<p>&nbsp;<\/p>\n<h3>Podatki, ki jih zbiramo:<\/h3>\n<p>Odvisno od storitev, ki jih ponuja na\u0161a spletna stran in ki jih vi uporabljate, va\u0161ih izbir in konfiguracije va\u0161ega ra\u010dunalnika (v zvezi s pi\u0161kotki in drugimi sledilci), lahko Pierre Fabre zbira in obdeluje naslednje osebne podatke:<\/p>\n<ul>\n<li>ko obi\u0161\u010dete na\u0161o spletno stran, na\u0161 stre\u017enik samodejno zbira dolo\u010dene, v brskalniku ali napravi generirane podatke, vklju\u010dno z, a ne omejeno na: va\u0161a domena, naslov IP, datum, \u010das in trajanje obiska, vrsta brskalnika, operacijski sistem in obiski na spletni strani;<\/li>\n<li>teh samodejno zbranih podatkov ne uporabljamo za identifikacijo uporabnikov in jih ne povezujemo z osebnimi podatki, ki jih posredujete prostovoljno, kot je opisano spodaj;<\/li>\n<li>va\u0161e osebne podatke lahko pridobimo tudi od tretje osebe, to je s pomo\u010djo orodja Google Analytics.<\/li>\n<\/ul>\n<p>&nbsp;<\/p>\n<h3>Nameni obdelave va\u0161ih osebnih podatkov<\/h3>\n<p>Spodaj podajamo pregled namenov in razlogov za obdelavo va\u0161ih osebnih podatkov.<\/p>\n<p><img loading=\"lazy\" decoding=\"async\" class=\"img-responsive aligncenter wp-image-2327\" src=\"https:\/\/www.ihscoring.com\/wp-content\/uploads\/2020\/02\/Screenshot_1-300x74.png\" alt=\"\" width=\"572\" height=\"141\" srcset=\"https:\/\/www.ihscoring.com\/wp-content\/uploads\/2020\/02\/Screenshot_1-300x74.png 300w, https:\/\/www.ihscoring.com\/wp-content\/uploads\/2020\/02\/Screenshot_1-768x188.png 768w, https:\/\/www.ihscoring.com\/wp-content\/uploads\/2020\/02\/Screenshot_1-1024x251.png 1024w, https:\/\/www.ihscoring.com\/wp-content\/uploads\/2020\/02\/Screenshot_1.png 1216w\" sizes=\"auto, (max-width: 572px) 100vw, 572px\" \/><\/p>\n<h3><\/h3>\n<h3>Razkritje in posredovanje osebnih podatkov<\/h3>\n<p>Smo del Skupine Pierre Fabre in ob\u010dasno bo va\u0161e osebne podatke iz zgoraj navedenih razlogov potrebno deliti z na\u0161imi h\u010derinskimi podjetji.<br \/>\nNobenih osebnih podatkov ne bomo prena\u0161ali izven Skupine Pierre Fabre.<\/p>\n<h3>SMS sporo\u010dila in elektronska po\u0161ta za namen tr\u017eenja<\/h3>\n<p>Ni relevantno.<\/p>\n<h3>Hramba va\u0161ih osebnih podatkov<\/h3>\n<p>Na splo\u0161no velja, da va\u0161e osebne podatke hranimo le toliko \u010dasa, kolikor je potrebno za izpolnitev namenov, za katere so bili zbrani (glej tabelo zgoraj).<br \/>\nInformacije o povezavah, ki se zbirajo na podlagi va\u0161ega soglasja s pomo\u010djo pi\u0161kotkov in drugih sledilcev, implementiranih na na\u0161i spletni strani, so hranjeni v skladu z veljavnimi zakoni in predpisi za obdobje, ki ne presega trinajstih (13) mesecev. Za ve\u010d podrobnosti glejte razdelek \u00bbPi\u0161kotki\u00ab.<br \/>\nV dokaz pravici ali pogodbi, bomo morda morali va\u0161e osebne podatke hraniti v arhivirani obliki dalj \u010dasa, kot omenjeno zgoraj, da izpolnimo svoje zakonske obveznosti ali kadar to zahteva veljavni zastaralni rok.<br \/>\nKo va\u0161ih osebnih podatkov ve\u010d ne bomo potrebovali za zgoraj omenjene namene ali arhivsko hrambo, skladno z zakonskimi obveznostmi ali ker to zahteva veljavni zastaralni rok, zagotavljamo, da bomo le-te izbrisali ali anonimizirali.<\/p>\n<p>&nbsp;<\/p>\n<h3>Zunanje povezave<\/h3>\n<p>Na\u0161a spletna stran lahko ponuja povezave do spletnih strani tretjih oseb. Ker Pierre Fabre ne ureja in ne odgovarja za politiko varstva zasebnosti na spletnih straneh tretjih oseb, vam priporo\u010damo, da se sami seznanite z njihovo politiko varstva zasebnosti. Ta politika zasebnosti velja izklju\u010dno za osebne podatke, ki jih zbira na\u0161a spletna stran oziroma so zbrani med izvajanjem na\u0161ih poslovnih aktivnosti.<\/p>\n<p>&nbsp;<\/p>\n<h3>Va\u0161e pravice<\/h3>\n<p>V skladu z veljavno zakonodajo imate kot posameznik slede\u010de pravice iz varstva osebnih podatkov, delno ali v celoti:<\/p>\n<ul>\n<li>pridobiti kopijo va\u0161ih osebnih podatkov skupaj z informacijo o tem, kako in na kak\u0161ni podlagi jih uporabljamo;<\/li>\n<li>zahtevati izbris va\u0161ih osebnih podatkov (v dolo\u010denih okoli\u0161\u010dinah, kadar ni razloga za nadaljnjo obdelavo glede na namen, zaradi katerega so bili zbrani oziroma obdelani);<\/li>\n<li>zahtevati omejitev obdelave va\u0161ih osebnih podatkov:\n<ul>\n<li>\u010de je sporna to\u010dnost va\u0161ih osebnih podatkov;<\/li>\n<li>\u010de je obdelava nezakonita, a izbrisa va\u0161ih osebnih podatkov ne dovolite;<\/li>\n<li>\u010de va\u0161ih osebnih podatkov ve\u010d ne potrebujemo, a so potrebni za uveljavljanje, izvajanje ali obrambo pravnega zahtevka;<\/li>\n<\/ul>\n<\/li>\n<li>zahtevati prenos va\u0161ih osebnih podatkov v strojno berljivi obliki k tretji osebi (ali k sebi), \u010de so bili ti podatki upravi\u010deno zbrani na podlagi va\u0161ega izrecnega soglasja ali v \u010dasu izvajanja pogodbe z vami;<\/li>\n<li>preklicati soglasje za obdelavo osebnih podatkov (\u010de obdelava temelji na podanem soglasju).<\/li>\n<\/ul>\n<p>Prav tako imate pravico vlo\u017eiti prito\u017ebo pri nacionalnem nadzornem organu za varstvo osebnih podatkov (Informacijski poobla\u0161\u010denec RS).<br \/>\n\u010ce bi \u017eeleli uveljaviti katero od zgoraj omenjenih pravic, nas prosimo kontaktirajte z uporabo kontaktnih podatkov spodaj. Opozarjamo vas, da lahko v tem procesu zahtevamo dokazilo o identiteti in da si pridr\u017eujemo pravico do zara\u010dunavanja pristojbine, \u010de se va\u0161a zahteva izka\u017ee za neutemeljeno ali pretirano. Na va\u0161o zahtevo bomo sku\u0161ali odgovoriti ob upo\u0161tevanju vseh veljavnih zakonskih rokov.<\/p>\n<p>OPH Oktal Pharma d.o.o.,\u00a0Pot k sejmi\u0161\u010du 26a, 1231 Ljubljana \u010crnu\u010de<br \/>\n<a href=\"mailto:osebni.podatki@oktal-pharma.si\" target=\"_blank\" rel=\"noopener noreferrer\">osebni.podatki@oktal-pharma.si<\/a><\/p>\n<p>&nbsp;<\/p>\n<h3>Pi\u0161kotki<\/h3>\n<p><!-- OneTrust Cookies List start --><\/p>\n<div id=\"ot-sdk-cookie-policy\"><\/div>\n<p><!-- OneTrust Cookies List end --><\/p>\n<p>&nbsp;<\/p>\n<h3>Posodobitev politike varstva zasebnosti<\/h3>\n<p>Politiko varstva zasebnosti lahko ob\u010dasno spremenimo tako, da je le-ta v skladu s spremembami v zakonodaji in\/ ali z na\u0161imi postopki varstva zasebnosti.<br \/>\nZadnja revizija: [30\/01\/2020]<\/p>\n","protected":false},"excerpt":{"rendered":"<p>Varstvo podatkov Politika zasebnosti in pi\u0161kotki Zahvaljujemo se vam za obisk na\u0161e spletne strani. Zagotavljanje varstva podatkov na\u0161ih strank in uporabnikov v Pierre Fabre postavljamo na sam vrh seznama prioritet. Ta politika varstva zasebnosti pojasnjuje, katere podatke zbiramo ob va\u0161em obisku ter uporabi na\u0161e spletne strani in kako pridobljene podatke obdelujemo. Spodaj so vam na [&hellip;]<\/p>\n","protected":false},"author":1,"featured_media":0,"parent":0,"menu_order":0,"comment_status":"closed","ping_status":"closed","template":"","meta":{"_acf_changed":false,"footnotes":""},"class_list":["post-2257","page","type-page","status-publish","hentry"],"acf":[],"yoast_head":"<!-- This site is optimized with the Yoast SEO plugin v24.2 - https:\/\/yoast.com\/wordpress\/plugins\/seo\/ -->\n<title>Varstvo podatkov - IHReS<\/title>\n<meta name=\"robots\" content=\"index, follow, max-snippet:-1, max-image-preview:large, max-video-preview:-1\" \/>\n<link rel=\"canonical\" href=\"https:\/\/www.ihscoring.com\/sl\/data-privacy-policy\/\" \/>\n<meta property=\"og:locale\" content=\"sl_SI\" \/>\n<meta property=\"og:type\" content=\"article\" \/>\n<meta property=\"og:title\" content=\"Varstvo podatkov - IHReS\" \/>\n<meta property=\"og:description\" content=\"Varstvo podatkov Politika zasebnosti in pi\u0161kotki Zahvaljujemo se vam za obisk na\u0161e spletne strani. Zagotavljanje varstva podatkov na\u0161ih strank in uporabnikov v Pierre Fabre postavljamo na sam vrh seznama prioritet. Ta politika varstva zasebnosti pojasnjuje, katere podatke zbiramo ob va\u0161em obisku ter uporabi na\u0161e spletne strani in kako pridobljene podatke obdelujemo. Spodaj so vam na [&hellip;]\" \/>\n<meta property=\"og:url\" content=\"https:\/\/www.ihscoring.com\/sl\/data-privacy-policy\/\" \/>\n<meta property=\"og:site_name\" content=\"IHReS\" \/>\n<meta property=\"article:modified_time\" content=\"2024-01-19T15:26:18+00:00\" \/>\n<meta property=\"og:image\" content=\"https:\/\/www.ihscoring.com\/wp-content\/uploads\/2020\/02\/Screenshot_1-300x74.png\" \/>\n<meta name=\"twitter:card\" content=\"summary_large_image\" \/>\n<meta name=\"twitter:label1\" content=\"Est. reading time\" \/>\n\t<meta name=\"twitter:data1\" content=\"4 minute\" \/>\n<script type=\"application\/ld+json\" class=\"yoast-schema-graph\">{\"@context\":\"https:\/\/schema.org\",\"@graph\":[{\"@type\":\"WebPage\",\"@id\":\"https:\/\/www.ihscoring.com\/sl\/data-privacy-policy\/\",\"url\":\"https:\/\/www.ihscoring.com\/sl\/data-privacy-policy\/\",\"name\":\"Varstvo podatkov - IHReS\",\"isPartOf\":{\"@id\":\"https:\/\/www.ihscoring.com\/be\/#website\"},\"primaryImageOfPage\":{\"@id\":\"https:\/\/www.ihscoring.com\/sl\/data-privacy-policy\/#primaryimage\"},\"image\":{\"@id\":\"https:\/\/www.ihscoring.com\/sl\/data-privacy-policy\/#primaryimage\"},\"thumbnailUrl\":\"https:\/\/www.ihscoring.com\/wp-content\/uploads\/2020\/02\/Screenshot_1-300x74.png\",\"datePublished\":\"2019-10-16T06:36:20+00:00\",\"dateModified\":\"2024-01-19T15:26:18+00:00\",\"breadcrumb\":{\"@id\":\"https:\/\/www.ihscoring.com\/sl\/data-privacy-policy\/#breadcrumb\"},\"inLanguage\":\"sl-SI\",\"potentialAction\":[{\"@type\":\"ReadAction\",\"target\":[\"https:\/\/www.ihscoring.com\/sl\/data-privacy-policy\/\"]}]},{\"@type\":\"ImageObject\",\"inLanguage\":\"sl-SI\",\"@id\":\"https:\/\/www.ihscoring.com\/sl\/data-privacy-policy\/#primaryimage\",\"url\":\"https:\/\/www.ihscoring.com\/wp-content\/uploads\/2020\/02\/Screenshot_1-300x74.png\",\"contentUrl\":\"https:\/\/www.ihscoring.com\/wp-content\/uploads\/2020\/02\/Screenshot_1-300x74.png\"},{\"@type\":\"BreadcrumbList\",\"@id\":\"https:\/\/www.ihscoring.com\/sl\/data-privacy-policy\/#breadcrumb\",\"itemListElement\":[{\"@type\":\"ListItem\",\"position\":1,\"name\":\"Home\",\"item\":\"https:\/\/www.ihscoring.com\/sl\/\"},{\"@type\":\"ListItem\",\"position\":2,\"name\":\"Varstvo podatkov\"}]},{\"@type\":\"WebSite\",\"@id\":\"https:\/\/www.ihscoring.com\/be\/#website\",\"url\":\"https:\/\/www.ihscoring.com\/be\/\",\"name\":\"IHReS\",\"description\":\"\",\"potentialAction\":[{\"@type\":\"SearchAction\",\"target\":{\"@type\":\"EntryPoint\",\"urlTemplate\":\"https:\/\/www.ihscoring.com\/be\/?s={search_term_string}\"},\"query-input\":{\"@type\":\"PropertyValueSpecification\",\"valueRequired\":true,\"valueName\":\"search_term_string\"}}],\"inLanguage\":\"sl-SI\"}]}<\/script>\n<!-- \/ Yoast SEO plugin. -->","yoast_head_json":{"title":"Varstvo podatkov - IHReS","robots":{"index":"index","follow":"follow","max-snippet":"max-snippet:-1","max-image-preview":"max-image-preview:large","max-video-preview":"max-video-preview:-1"},"canonical":"https:\/\/www.ihscoring.com\/sl\/data-privacy-policy\/","og_locale":"sl_SI","og_type":"article","og_title":"Varstvo podatkov - IHReS","og_description":"Varstvo podatkov Politika zasebnosti in pi\u0161kotki Zahvaljujemo se vam za obisk na\u0161e spletne strani. Zagotavljanje varstva podatkov na\u0161ih strank in uporabnikov v Pierre Fabre postavljamo na sam vrh seznama prioritet. Ta politika varstva zasebnosti pojasnjuje, katere podatke zbiramo ob va\u0161em obisku ter uporabi na\u0161e spletne strani in kako pridobljene podatke obdelujemo. Spodaj so vam na [&hellip;]","og_url":"https:\/\/www.ihscoring.com\/sl\/data-privacy-policy\/","og_site_name":"IHReS","article_modified_time":"2024-01-19T15:26:18+00:00","og_image":[{"url":"https:\/\/www.ihscoring.com\/wp-content\/uploads\/2020\/02\/Screenshot_1-300x74.png","type":"","width":"","height":""}],"twitter_card":"summary_large_image","twitter_misc":{"Est. reading time":"4 minute"},"schema":{"@context":"https:\/\/schema.org","@graph":[{"@type":"WebPage","@id":"https:\/\/www.ihscoring.com\/sl\/data-privacy-policy\/","url":"https:\/\/www.ihscoring.com\/sl\/data-privacy-policy\/","name":"Varstvo podatkov - IHReS","isPartOf":{"@id":"https:\/\/www.ihscoring.com\/be\/#website"},"primaryImageOfPage":{"@id":"https:\/\/www.ihscoring.com\/sl\/data-privacy-policy\/#primaryimage"},"image":{"@id":"https:\/\/www.ihscoring.com\/sl\/data-privacy-policy\/#primaryimage"},"thumbnailUrl":"https:\/\/www.ihscoring.com\/wp-content\/uploads\/2020\/02\/Screenshot_1-300x74.png","datePublished":"2019-10-16T06:36:20+00:00","dateModified":"2024-01-19T15:26:18+00:00","breadcrumb":{"@id":"https:\/\/www.ihscoring.com\/sl\/data-privacy-policy\/#breadcrumb"},"inLanguage":"sl-SI","potentialAction":[{"@type":"ReadAction","target":["https:\/\/www.ihscoring.com\/sl\/data-privacy-policy\/"]}]},{"@type":"ImageObject","inLanguage":"sl-SI","@id":"https:\/\/www.ihscoring.com\/sl\/data-privacy-policy\/#primaryimage","url":"https:\/\/www.ihscoring.com\/wp-content\/uploads\/2020\/02\/Screenshot_1-300x74.png","contentUrl":"https:\/\/www.ihscoring.com\/wp-content\/uploads\/2020\/02\/Screenshot_1-300x74.png"},{"@type":"BreadcrumbList","@id":"https:\/\/www.ihscoring.com\/sl\/data-privacy-policy\/#breadcrumb","itemListElement":[{"@type":"ListItem","position":1,"name":"Home","item":"https:\/\/www.ihscoring.com\/sl\/"},{"@type":"ListItem","position":2,"name":"Varstvo podatkov"}]},{"@type":"WebSite","@id":"https:\/\/www.ihscoring.com\/be\/#website","url":"https:\/\/www.ihscoring.com\/be\/","name":"IHReS","description":"","potentialAction":[{"@type":"SearchAction","target":{"@type":"EntryPoint","urlTemplate":"https:\/\/www.ihscoring.com\/be\/?s={search_term_string}"},"query-input":{"@type":"PropertyValueSpecification","valueRequired":true,"valueName":"search_term_string"}}],"inLanguage":"sl-SI"}]}},"_links":{"self":[{"href":"https:\/\/www.ihscoring.com\/sl\/wp-json\/wp\/v2\/pages\/2257","targetHints":{"allow":["GET"]}}],"collection":[{"href":"https:\/\/www.ihscoring.com\/sl\/wp-json\/wp\/v2\/pages"}],"about":[{"href":"https:\/\/www.ihscoring.com\/sl\/wp-json\/wp\/v2\/types\/page"}],"author":[{"embeddable":true,"href":"https:\/\/www.ihscoring.com\/sl\/wp-json\/wp\/v2\/users\/1"}],"replies":[{"embeddable":true,"href":"https:\/\/www.ihscoring.com\/sl\/wp-json\/wp\/v2\/comments?post=2257"}],"version-history":[{"count":7,"href":"https:\/\/www.ihscoring.com\/sl\/wp-json\/wp\/v2\/pages\/2257\/revisions"}],"predecessor-version":[{"id":3658,"href":"https:\/\/www.ihscoring.com\/sl\/wp-json\/wp\/v2\/pages\/2257\/revisions\/3658"}],"wp:attachment":[{"href":"https:\/\/www.ihscoring.com\/sl\/wp-json\/wp\/v2\/media?parent=2257"}],"curies":[{"name":"wp","href":"https:\/\/api.w.org\/{rel}","templated":true}]}}