{"id":1549,"date":"2019-04-06T15:10:01","date_gmt":"2019-04-06T13:10:01","guid":{"rendered":"https:\/\/www.ihscoring.com\/step-1\/"},"modified":"2021-12-07T12:14:20","modified_gmt":"2021-12-07T11:14:20","slug":"step-1","status":"publish","type":"page","link":"https:\/\/www.ihscoring.com\/tr\/step-1\/","title":{"rendered":"B\u00f6l\u00fcm A"},"content":{"rendered":"<h1>A\u015fa\u011f\u0131daki 6 soruyu cevaplay\u0131n.<\/h1>\n<h2>Not: Birden fazla infantil hemanjiyom g\u00f6r\u00fclmesi durumunda, her bir hemanjiyom i\u00e7in ayr\u0131 skorlama yap\u0131lmal\u0131d\u0131r.<\/h2>\n","protected":false},"excerpt":{"rendered":"<p>A\u015fa\u011f\u0131daki 6 soruyu cevaplay\u0131n. Not: Birden fazla infantil hemanjiyom g\u00f6r\u00fclmesi durumunda, her bir hemanjiyom i\u00e7in ayr\u0131 skorlama yap\u0131lmal\u0131d\u0131r.<\/p>\n","protected":false},"author":1,"featured_media":0,"parent":0,"menu_order":0,"comment_status":"closed","ping_status":"closed","template":"templates\/step1.php","meta":{"_acf_changed":false,"footnotes":""},"class_list":["post-1549","page","type-page","status-publish","hentry"],"acf":[],"yoast_head":"<!-- This site is optimized with the Yoast SEO plugin v24.2 - https:\/\/yoast.com\/wordpress\/plugins\/seo\/ -->\n<title>B\u00f6l\u00fcm A - IHReS<\/title>\n<meta name=\"robots\" content=\"index, follow, max-snippet:-1, max-image-preview:large, max-video-preview:-1\" \/>\n<link rel=\"canonical\" href=\"https:\/\/www.ihscoring.com\/tr\/step-1\/\" \/>\n<meta property=\"og:locale\" content=\"tr_TR\" \/>\n<meta property=\"og:type\" content=\"article\" \/>\n<meta property=\"og:title\" content=\"B\u00f6l\u00fcm A - IHReS\" \/>\n<meta property=\"og:description\" content=\"A\u015fa\u011f\u0131daki 6 soruyu cevaplay\u0131n. Not: Birden fazla infantil hemanjiyom g\u00f6r\u00fclmesi durumunda, her bir hemanjiyom i\u00e7in ayr\u0131 skorlama yap\u0131lmal\u0131d\u0131r.\" \/>\n<meta property=\"og:url\" content=\"https:\/\/www.ihscoring.com\/tr\/step-1\/\" \/>\n<meta property=\"og:site_name\" content=\"IHReS\" \/>\n<meta property=\"article:modified_time\" content=\"2021-12-07T11:14:20+00:00\" \/>\n<meta name=\"twitter:card\" content=\"summary_large_image\" \/>\n<script type=\"application\/ld+json\" class=\"yoast-schema-graph\">{\"@context\":\"https:\/\/schema.org\",\"@graph\":[{\"@type\":\"WebPage\",\"@id\":\"https:\/\/www.ihscoring.com\/tr\/step-1\/\",\"url\":\"https:\/\/www.ihscoring.com\/tr\/step-1\/\",\"name\":\"B\u00f6l\u00fcm A - IHReS\",\"isPartOf\":{\"@id\":\"https:\/\/www.ihscoring.com\/be\/#website\"},\"datePublished\":\"2019-04-06T13:10:01+00:00\",\"dateModified\":\"2021-12-07T11:14:20+00:00\",\"breadcrumb\":{\"@id\":\"https:\/\/www.ihscoring.com\/tr\/step-1\/#breadcrumb\"},\"inLanguage\":\"tr\",\"potentialAction\":[{\"@type\":\"ReadAction\",\"target\":[\"https:\/\/www.ihscoring.com\/tr\/step-1\/\"]}]},{\"@type\":\"BreadcrumbList\",\"@id\":\"https:\/\/www.ihscoring.com\/tr\/step-1\/#breadcrumb\",\"itemListElement\":[{\"@type\":\"ListItem\",\"position\":1,\"name\":\"Home\",\"item\":\"https:\/\/www.ihscoring.com\/tr\/\"},{\"@type\":\"ListItem\",\"position\":2,\"name\":\"B\u00f6l\u00fcm A\"}]},{\"@type\":\"WebSite\",\"@id\":\"https:\/\/www.ihscoring.com\/be\/#website\",\"url\":\"https:\/\/www.ihscoring.com\/be\/\",\"name\":\"IHReS\",\"description\":\"\",\"potentialAction\":[{\"@type\":\"SearchAction\",\"target\":{\"@type\":\"EntryPoint\",\"urlTemplate\":\"https:\/\/www.ihscoring.com\/be\/?s={search_term_string}\"},\"query-input\":{\"@type\":\"PropertyValueSpecification\",\"valueRequired\":true,\"valueName\":\"search_term_string\"}}],\"inLanguage\":\"tr\"}]}<\/script>\n<!-- \/ Yoast SEO plugin. -->","yoast_head_json":{"title":"B\u00f6l\u00fcm A - IHReS","robots":{"index":"index","follow":"follow","max-snippet":"max-snippet:-1","max-image-preview":"max-image-preview:large","max-video-preview":"max-video-preview:-1"},"canonical":"https:\/\/www.ihscoring.com\/tr\/step-1\/","og_locale":"tr_TR","og_type":"article","og_title":"B\u00f6l\u00fcm A - IHReS","og_description":"A\u015fa\u011f\u0131daki 6 soruyu cevaplay\u0131n. Not: Birden fazla infantil hemanjiyom g\u00f6r\u00fclmesi durumunda, her bir hemanjiyom i\u00e7in ayr\u0131 skorlama yap\u0131lmal\u0131d\u0131r.","og_url":"https:\/\/www.ihscoring.com\/tr\/step-1\/","og_site_name":"IHReS","article_modified_time":"2021-12-07T11:14:20+00:00","twitter_card":"summary_large_image","schema":{"@context":"https:\/\/schema.org","@graph":[{"@type":"WebPage","@id":"https:\/\/www.ihscoring.com\/tr\/step-1\/","url":"https:\/\/www.ihscoring.com\/tr\/step-1\/","name":"B\u00f6l\u00fcm A - IHReS","isPartOf":{"@id":"https:\/\/www.ihscoring.com\/be\/#website"},"datePublished":"2019-04-06T13:10:01+00:00","dateModified":"2021-12-07T11:14:20+00:00","breadcrumb":{"@id":"https:\/\/www.ihscoring.com\/tr\/step-1\/#breadcrumb"},"inLanguage":"tr","potentialAction":[{"@type":"ReadAction","target":["https:\/\/www.ihscoring.com\/tr\/step-1\/"]}]},{"@type":"BreadcrumbList","@id":"https:\/\/www.ihscoring.com\/tr\/step-1\/#breadcrumb","itemListElement":[{"@type":"ListItem","position":1,"name":"Home","item":"https:\/\/www.ihscoring.com\/tr\/"},{"@type":"ListItem","position":2,"name":"B\u00f6l\u00fcm A"}]},{"@type":"WebSite","@id":"https:\/\/www.ihscoring.com\/be\/#website","url":"https:\/\/www.ihscoring.com\/be\/","name":"IHReS","description":"","potentialAction":[{"@type":"SearchAction","target":{"@type":"EntryPoint","urlTemplate":"https:\/\/www.ihscoring.com\/be\/?s={search_term_string}"},"query-input":{"@type":"PropertyValueSpecification","valueRequired":true,"valueName":"search_term_string"}}],"inLanguage":"tr"}]}},"_links":{"self":[{"href":"https:\/\/www.ihscoring.com\/tr\/wp-json\/wp\/v2\/pages\/1549","targetHints":{"allow":["GET"]}}],"collection":[{"href":"https:\/\/www.ihscoring.com\/tr\/wp-json\/wp\/v2\/pages"}],"about":[{"href":"https:\/\/www.ihscoring.com\/tr\/wp-json\/wp\/v2\/types\/page"}],"author":[{"embeddable":true,"href":"https:\/\/www.ihscoring.com\/tr\/wp-json\/wp\/v2\/users\/1"}],"replies":[{"embeddable":true,"href":"https:\/\/www.ihscoring.com\/tr\/wp-json\/wp\/v2\/comments?post=1549"}],"version-history":[{"count":6,"href":"https:\/\/www.ihscoring.com\/tr\/wp-json\/wp\/v2\/pages\/1549\/revisions"}],"predecessor-version":[{"id":3279,"href":"https:\/\/www.ihscoring.com\/tr\/wp-json\/wp\/v2\/pages\/1549\/revisions\/3279"}],"wp:attachment":[{"href":"https:\/\/www.ihscoring.com\/tr\/wp-json\/wp\/v2\/media?parent=1549"}],"curies":[{"name":"wp","href":"https:\/\/api.w.org\/{rel}","templated":true}]}}